{"id":2367,"date":"2019-10-07T22:24:02","date_gmt":"2019-10-08T02:24:02","guid":{"rendered":"https:\/\/miamoncosmetics.com\/?page_id=2367"},"modified":"2024-02-16T09:00:12","modified_gmt":"2024-02-16T14:00:12","slug":"product-return","status":"publish","type":"page","link":"https:\/\/miamoncosmetics.com\/es\/product-return\/","title":{"rendered":"pol\u00edticas de retorno"},"content":{"rendered":"<div data-elementor-type=\"wp-page\" data-elementor-id=\"2367\" class=\"elementor elementor-2367\" data-elementor-post-type=\"page\">\n\t\t\t\t\t\t<section data-dce-background-overlay-color=\"#FF6F00\" class=\"elementor-section elementor-top-section elementor-element elementor-element-9c395e6 elementor-section-full_width elementor-section-height-min-height elementor-section-height-default elementor-section-items-middle\" data-id=\"9c395e6\" data-element_type=\"section\">\n\t\t\t\t\t\t\t<div class=\"elementor-background-overlay\"><\/div>\n\t\t\t\t\t\t\t<div class=\"elementor-container elementor-column-gap-default\">\n\t\t\t\t\t<div class=\"elementor-column elementor-col-100 elementor-top-column elementor-element elementor-element-b3d1490\" data-id=\"b3d1490\" data-element_type=\"column\">\n\t\t\t<div class=\"elementor-widget-wrap\">\n\t\t\t\t\t\t\t<\/div>\n\t\t<\/div>\n\t\t\t\t\t<\/div>\n\t\t<\/section>\n\t\t\t\t<section class=\"elementor-section elementor-top-section elementor-element elementor-element-ed21b7f elementor-section-boxed elementor-section-height-default elementor-section-height-default\" data-id=\"ed21b7f\" data-element_type=\"section\">\n\t\t\t\t\t\t<div class=\"elementor-container elementor-column-gap-default\">\n\t\t\t\t\t<div class=\"elementor-column elementor-col-100 elementor-top-column elementor-element elementor-element-c18a2b1\" data-id=\"c18a2b1\" data-element_type=\"column\">\n\t\t\t<div class=\"elementor-widget-wrap elementor-element-populated\">\n\t\t\t\t\t\t<div class=\"elementor-element elementor-element-47dd22d elementor-widget-divider--view-line_text elementor-widget-divider--element-align-left elementor-widget elementor-widget-divider\" data-id=\"47dd22d\" data-element_type=\"widget\" data-widget_type=\"divider.default\">\n\t\t\t\t<div class=\"elementor-widget-container\">\n\t\t\t\t\t\t\t<div class=\"elementor-divider\">\n\t\t\t<span class=\"elementor-divider-separator\">\n\t\t\t\t\t\t\t<span class=\"elementor-divider__text elementor-divider__element\">\n\t\t\t\tpol\u00edticas de retorno\t\t\t\t<\/span>\n\t\t\t\t\t\t<\/span>\n\t\t<\/div>\n\t\t\t\t\t\t<\/div>\n\t\t\t\t<\/div>\n\t\t\t\t\t<\/div>\n\t\t<\/div>\n\t\t\t\t\t<\/div>\n\t\t<\/section>\n\t\t\t\t<section class=\"elementor-section elementor-top-section elementor-element elementor-element-d36908f elementor-section-boxed elementor-section-height-default elementor-section-height-default\" data-id=\"d36908f\" data-element_type=\"section\">\n\t\t\t\t\t\t<div class=\"elementor-container elementor-column-gap-default\">\n\t\t\t\t\t<div class=\"elementor-column elementor-col-100 elementor-top-column elementor-element elementor-element-70a8449\" data-id=\"70a8449\" data-element_type=\"column\">\n\t\t\t<div class=\"elementor-widget-wrap elementor-element-populated\">\n\t\t\t\t\t\t<div class=\"elementor-element elementor-element-67ce9d8 elementor-widget elementor-widget-heading\" data-id=\"67ce9d8\" data-element_type=\"widget\" data-widget_type=\"heading.default\">\n\t\t\t\t<div class=\"elementor-widget-container\">\n\t\t\t\t\t<h2 class=\"elementor-heading-title elementor-size-default\">Pol\u00edtica de devoluciones y reembolso de productos<\/h2>\t\t\t\t<\/div>\n\t\t\t\t<\/div>\n\t\t\t\t<div class=\"elementor-element elementor-element-a1ad7b6 elementor-widget elementor-widget-text-editor\" data-id=\"a1ad7b6\" data-element_type=\"widget\" data-widget_type=\"text-editor.default\">\n\t\t\t\t<div class=\"elementor-widget-container\">\n\t\t\t\t\t\t\t\t\t<p>Gracias por comprar en\u00a0<a style=\"background-color: #000000;\" href=\"https:\/\/miamoncosmetics.com\/es\/\">Cosm\u00e9ticos Miamon<\/a>. Consulte la secci\u00f3n de informaci\u00f3n de devoluci\u00f3n del producto para obtener detalles sobre si el art\u00edculo que compr\u00f3 es retornable.<\/p><p>Si su compra no le satisface, estamos aqu\u00ed para <a style=\"background-color: #000000;\" href=\"https:\/\/www.instagram.com\/liss.expert.professional.usa\/\">ayudar<\/a>.<\/p><p>Nuestros productos pueden ser devueltos dentro de los 15 d\u00edas siguientes a la compra original del producto con una deducci\u00f3n del 20% del valor de la compra (tasa de reposici\u00f3n).<\/p><p>Para tener derecho a una devoluci\u00f3n, aseg\u00farese de que:<\/p><ul><li>Compr\u00f3 el producto en los \u00faltimos 15 d\u00edas.<\/li><li>Alguien no us\u00f3 o da\u00f1\u00f3 el producto.<\/li><li>El producto no est\u00e1 usado ni da\u00f1ado: tiene el recibo o la prueba de compra y el producto sigue sellado.<\/li><li>No consideraremos productos que no cumplan con estos criterios para devoluci\u00f3n.<\/li><\/ul><div>\u00a0<\/div><div>Inspeccionaremos todos los productos a la devoluci\u00f3n y nos esforzaremos por aceptar todas las devoluciones. Sin embargo, en el improbable caso de que alguien nos devuelva un art\u00edculo en condiciones inadecuadas, es posible que tengamos que devolv\u00e9rselo.<\/div>\t\t\t\t\t\t\t\t<\/div>\n\t\t\t\t<\/div>\n\t\t\t\t<div class=\"elementor-element elementor-element-ecb6bc5 elementor-widget elementor-widget-heading\" data-id=\"ecb6bc5\" data-element_type=\"widget\" data-widget_type=\"heading.default\">\n\t\t\t\t<div class=\"elementor-widget-container\">\n\t\t\t\t\t<h2 class=\"elementor-heading-title elementor-size-default\">P\u00f3ngase en contacto con nosotros antes de la devoluci\u00f3n del producto<\/h2>\t\t\t\t<\/div>\n\t\t\t\t<\/div>\n\t\t\t\t<div class=\"elementor-element elementor-element-acf785c elementor-widget elementor-widget-text-editor\" data-id=\"acf785c\" data-element_type=\"widget\" data-widget_type=\"text-editor.default\">\n\t\t\t\t<div class=\"elementor-widget-container\">\n\t\t\t\t\t\t\t\t\t<p>Env\u00edanos un correo electr\u00f3nico a\u00a0<a style=\"background-color: #000000;\" href=\"\/es\/info@miamoncosmetics.com\/\" target=\"_blank\" rel=\"noopener\">info@miamoncosmetics.com<\/a>\u00a0antes de enviar el producto que compr\u00f3 anteriormente.\u00a0<\/p>\t\t\t\t\t\t\t\t<\/div>\n\t\t\t\t<\/div>\n\t\t\t\t<div class=\"elementor-element elementor-element-98b653b elementor-widget elementor-widget-heading\" data-id=\"98b653b\" data-element_type=\"widget\" data-widget_type=\"heading.default\">\n\t\t\t\t<div class=\"elementor-widget-container\">\n\t\t\t\t\t<h2 class=\"elementor-heading-title elementor-size-default\">Gastos de env\u00edo\n<\/h2>\t\t\t\t<\/div>\n\t\t\t\t<\/div>\n\t\t\t\t<div class=\"elementor-element elementor-element-9a15755 elementor-widget elementor-widget-text-editor\" data-id=\"9a15755\" data-element_type=\"widget\" data-widget_type=\"text-editor.default\">\n\t\t\t\t<div class=\"elementor-widget-container\">\n\t\t\t\t\t\t\t\t\t<p>Los gastos de env\u00edo incurridos en relaci\u00f3n con la devoluci\u00f3n de un producto son reembolsables.<\/p>\t\t\t\t\t\t\t\t<\/div>\n\t\t\t\t<\/div>\n\t\t\t\t<div class=\"elementor-element elementor-element-52531ca elementor-widget elementor-widget-heading\" data-id=\"52531ca\" data-element_type=\"widget\" data-widget_type=\"heading.default\">\n\t\t\t\t<div class=\"elementor-widget-container\">\n\t\t\t\t\t<h2 class=\"elementor-heading-title elementor-size-default\">Art\u00edculos da\u00f1ados\n<\/h2>\t\t\t\t<\/div>\n\t\t\t\t<\/div>\n\t\t\t\t<div class=\"elementor-element elementor-element-b5a39ef elementor-widget elementor-widget-text-editor\" data-id=\"b5a39ef\" data-element_type=\"widget\" data-widget_type=\"text-editor.default\">\n\t\t\t\t<div class=\"elementor-widget-container\">\n\t\t\t\t\t\t\t\t\t<p>Si ha recibido un producto da\u00f1ado, notif\u00edquenoslo inmediatamente para recibir asistencia.<\/p>\t\t\t\t\t\t\t\t<\/div>\n\t\t\t\t<\/div>\n\t\t\t\t<div class=\"elementor-element elementor-element-2def499 elementor-widget elementor-widget-heading\" data-id=\"2def499\" data-element_type=\"widget\" data-widget_type=\"heading.default\">\n\t\t\t\t<div class=\"elementor-widget-container\">\n\t\t\t\t\t<h2 class=\"elementor-heading-title elementor-size-default\">Art\u00edculos en venta\n<\/h2>\t\t\t\t<\/div>\n\t\t\t\t<\/div>\n\t\t\t\t<div class=\"elementor-element elementor-element-6d20c9e elementor-widget elementor-widget-text-editor\" data-id=\"6d20c9e\" data-element_type=\"widget\" data-widget_type=\"text-editor.default\">\n\t\t\t\t<div class=\"elementor-widget-container\">\n\t\t\t\t\t\t\t\t\t<p>Lamentablemente, los art\u00edculos en oferta no se pueden reembolsar. S\u00f3lo se pueden reembolsar los art\u00edculos de precio normal.<\/p>\t\t\t\t\t\t\t\t<\/div>\n\t\t\t\t<\/div>\n\t\t\t\t<div class=\"elementor-element elementor-element-c92e531 elementor-widget elementor-widget-heading\" data-id=\"c92e531\" data-element_type=\"widget\" data-widget_type=\"heading.default\">\n\t\t\t\t<div class=\"elementor-widget-container\">\n\t\t\t\t\t<h2 class=\"elementor-heading-title elementor-size-default\">Contacto con nosotros\n<\/h2>\t\t\t\t<\/div>\n\t\t\t\t<\/div>\n\t\t\t\t<div class=\"elementor-element elementor-element-a96dd01 elementor-widget elementor-widget-text-editor\" data-id=\"a96dd01\" data-element_type=\"widget\" data-widget_type=\"text-editor.default\">\n\t\t\t\t<div class=\"elementor-widget-container\">\n\t\t\t\t\t\t\t\t\t<div id=\"main-content\" class=\"main-page-default\"><div class=\"container\"><div class=\"row\"><div class=\"content-wrap content-sidebar-none col-md-12 col-sm-12 col-xs-12\"><article id=\"post-2367\" class=\"post-2367 page type-page status-publish hentry\"><div class=\"entry-content clearfix\"><div class=\"inner-content-page clearfix\"><p>Si tiene alguna pregunta sobre nuestra pol\u00edtica de devoluciones y reembolsos, p\u00f3ngase en contacto con nosotros por correo electr\u00f3nico:\u00a0<a class=\"enlace\" href=\"mailto:info@rgcosmetics.com\">info@miamoncosmetics.com<\/a>.<\/p><\/div><\/div><\/article><\/div><\/div><\/div><\/div><footer id=\"footer\" class=\"footer-page\"><div class=\"container\"><div class=\"vc_row wpb_row vc_row-fluid block-newsletter1 vc_custom_1648089513726 vc_row-has-fill\" data-vc-full-width=\"true\" data-vc-full-width-init=\"true\"><div class=\"wpb_column vc_column_container vc_col-sm-12\"><div class=\"vc_column-inner\"><div class=\"wpb_wrapper\"><div class=\"custom-information title-newsletter1\" data-wow-duration=\"\" data-wow-delay=\"\" data-wow-iteration=\"\" data-wow-offset=\"\">\u00a0<\/div><\/div><\/div><\/div><\/div><\/div><\/footer>\t\t\t\t\t\t\t\t<\/div>\n\t\t\t\t<\/div>\n\t\t\t\t\t<\/div>\n\t\t<\/div>\n\t\t\t\t\t<\/div>\n\t\t<\/section>\n\t\t\t\t<\/div>","protected":false},"excerpt":{"rendered":"<p>Product Returns and Refunds Policy Thank you for shopping at\u00a0Miamon Cosmetics. Please check the product return info section for details on whether the item you purchased is returnable. If your purchase doesn&#8217;t satisfy you, we\u2019re here to help. You can do a product return within 15 days of the product\u2019s original purchase with a deduction [&hellip;]<\/p>\n","protected":false},"author":1,"featured_media":43306,"parent":0,"menu_order":0,"comment_status":"closed","ping_status":"closed","template":"","meta":{"footnotes":""},"class_list":["post-2367","page","type-page","status-publish","has-post-thumbnail","hentry"],"yoast_head":"<!-- This site is optimized with the Yoast SEO Premium plugin v20.7 (Yoast SEO v20.7) - https:\/\/yoast.com\/wordpress\/plugins\/seo\/ -->\n<title>Product Return - MiaMon Cosmetics<\/title>\n<meta name=\"description\" content=\"Thank you for shopping at Miamon. Always check the product return info section for details on whether the item you purchased is returnable.\" \/>\n<meta name=\"robots\" content=\"index, follow, max-snippet:-1, max-image-preview:large, max-video-preview:-1\" \/>\n<link rel=\"canonical\" href=\"https:\/\/miamoncosmetics.com\/es\/wp-json\/wp\/v2\/pages\/2367\" \/>\n<meta property=\"og:locale\" content=\"es_MX\" \/>\n<meta property=\"og:type\" content=\"article\" \/>\n<meta property=\"og:title\" content=\"Product Return\" \/>\n<meta property=\"og:description\" content=\"Thank you for shopping at Miamon. Always check the product return info section for details on whether the item you purchased is returnable.\" \/>\n<meta property=\"og:url\" content=\"https:\/\/miamoncosmetics.com\/es\/product-return\/\" \/>\n<meta property=\"og:site_name\" content=\"MiaMon Cosmetics\" \/>\n<meta property=\"article:publisher\" content=\"https:\/\/www.facebook.com\/miamoncosmetics\" \/>\n<meta property=\"article:modified_time\" content=\"2024-02-16T14:00:12+00:00\" \/>\n<meta property=\"og:image\" content=\"https:\/\/miamoncosmetics.com\/wp-content\/uploads\/2021\/05\/STEM-CELLS-x5.jpg\" \/>\n\t<meta property=\"og:image:width\" content=\"2000\" \/>\n\t<meta property=\"og:image:height\" content=\"2000\" \/>\n\t<meta property=\"og:image:type\" content=\"image\/jpeg\" \/>\n<meta name=\"twitter:card\" content=\"summary_large_image\" \/>\n<meta name=\"twitter:label1\" content=\"Tiempo de lectura\" \/>\n\t<meta name=\"twitter:data1\" content=\"2 minutos\" \/>\n<script type=\"application\/ld+json\" class=\"yoast-schema-graph\">{\"@context\":\"https:\/\/schema.org\",\"@graph\":[{\"@type\":\"WebPage\",\"@id\":\"https:\/\/miamoncosmetics.com\/product-return\/\",\"url\":\"https:\/\/miamoncosmetics.com\/product-return\/\",\"name\":\"Product Return - MiaMon Cosmetics\",\"isPartOf\":{\"@id\":\"https:\/\/miamoncosmetics.com\/#website\"},\"datePublished\":\"2019-10-08T02:24:02+00:00\",\"dateModified\":\"2024-02-16T14:00:12+00:00\",\"description\":\"Thank you for shopping at Miamon. Always check the product return info section for details on whether the item you purchased is returnable.\",\"breadcrumb\":{\"@id\":\"https:\/\/miamoncosmetics.com\/product-return\/#breadcrumb\"},\"inLanguage\":\"es\",\"potentialAction\":[{\"@type\":\"ReadAction\",\"target\":[\"https:\/\/miamoncosmetics.com\/product-return\/\"]}]},{\"@type\":\"BreadcrumbList\",\"@id\":\"https:\/\/miamoncosmetics.com\/product-return\/#breadcrumb\",\"itemListElement\":[{\"@type\":\"ListItem\",\"position\":1,\"name\":\"Home\",\"item\":\"https:\/\/miamoncosmetics.com\/\"},{\"@type\":\"ListItem\",\"position\":2,\"name\":\"Product Return\"}]},{\"@type\":\"WebSite\",\"@id\":\"https:\/\/miamoncosmetics.com\/#website\",\"url\":\"https:\/\/miamoncosmetics.com\/\",\"name\":\"MiaMon Cosmetics\",\"description\":\"We want you to love your hair again!\",\"publisher\":{\"@id\":\"https:\/\/miamoncosmetics.com\/#organization\"},\"potentialAction\":[{\"@type\":\"SearchAction\",\"target\":{\"@type\":\"EntryPoint\",\"urlTemplate\":\"https:\/\/miamoncosmetics.com\/?s={search_term_string}\"},\"query-input\":\"required name=search_term_string\"}],\"inLanguage\":\"es\"},{\"@type\":\"Organization\",\"@id\":\"https:\/\/miamoncosmetics.com\/#organization\",\"name\":\"Miamon Cosmetics\",\"url\":\"https:\/\/miamoncosmetics.com\/\",\"logo\":{\"@type\":\"ImageObject\",\"inLanguage\":\"es\",\"@id\":\"https:\/\/miamoncosmetics.com\/#\/schema\/logo\/image\/\",\"url\":\"https:\/\/miamoncosmetics.com\/app\/uploads\/2019\/01\/logo_m.png\",\"contentUrl\":\"https:\/\/miamoncosmetics.com\/app\/uploads\/2019\/01\/logo_m.png\",\"width\":209,\"height\":221,\"caption\":\"Miamon Cosmetics\"},\"image\":{\"@id\":\"https:\/\/miamoncosmetics.com\/#\/schema\/logo\/image\/\"},\"sameAs\":[\"https:\/\/www.facebook.com\/miamoncosmetics\",\"https:\/\/www.instagram.com\/miamoncosmetics\",\"https:\/\/www.tiktok.com\/lissexpertusa\"]}]}<\/script>\n<!-- \/ Yoast SEO Premium plugin. -->","yoast_head_json":{"title":"Product Return - MiaMon Cosmetics","description":"Thank you for shopping at Miamon. Always check the product return info section for details on whether the item you purchased is returnable.","robots":{"index":"index","follow":"follow","max-snippet":"max-snippet:-1","max-image-preview":"max-image-preview:large","max-video-preview":"max-video-preview:-1"},"canonical":"https:\/\/miamoncosmetics.com\/es\/wp-json\/wp\/v2\/pages\/2367","og_locale":"es_MX","og_type":"article","og_title":"Product Return","og_description":"Thank you for shopping at Miamon. Always check the product return info section for details on whether the item you purchased is returnable.","og_url":"https:\/\/miamoncosmetics.com\/es\/product-return\/","og_site_name":"MiaMon Cosmetics","article_publisher":"https:\/\/www.facebook.com\/miamoncosmetics","article_modified_time":"2024-02-16T14:00:12+00:00","og_image":[{"width":2000,"height":2000,"url":"https:\/\/miamoncosmetics.com\/wp-content\/uploads\/2021\/05\/STEM-CELLS-x5.jpg","type":"image\/jpeg"}],"twitter_card":"summary_large_image","twitter_misc":{"Tiempo de lectura":"2 minutos"},"schema":{"@context":"https:\/\/schema.org","@graph":[{"@type":"WebPage","@id":"https:\/\/miamoncosmetics.com\/product-return\/","url":"https:\/\/miamoncosmetics.com\/product-return\/","name":"Product Return - MiaMon Cosmetics","isPartOf":{"@id":"https:\/\/miamoncosmetics.com\/#website"},"datePublished":"2019-10-08T02:24:02+00:00","dateModified":"2024-02-16T14:00:12+00:00","description":"Thank you for shopping at Miamon. Always check the product return info section for details on whether the item you purchased is returnable.","breadcrumb":{"@id":"https:\/\/miamoncosmetics.com\/product-return\/#breadcrumb"},"inLanguage":"es","potentialAction":[{"@type":"ReadAction","target":["https:\/\/miamoncosmetics.com\/product-return\/"]}]},{"@type":"BreadcrumbList","@id":"https:\/\/miamoncosmetics.com\/product-return\/#breadcrumb","itemListElement":[{"@type":"ListItem","position":1,"name":"Home","item":"https:\/\/miamoncosmetics.com\/"},{"@type":"ListItem","position":2,"name":"Product Return"}]},{"@type":"WebSite","@id":"https:\/\/miamoncosmetics.com\/#website","url":"https:\/\/miamoncosmetics.com\/","name":"MiaMon Cosm\u00e9ticos","description":"\u00a1Queremos que vuelvas a amar tu cabello!","publisher":{"@id":"https:\/\/miamoncosmetics.com\/#organization"},"potentialAction":[{"@type":"SearchAction","target":{"@type":"EntryPoint","urlTemplate":"https:\/\/miamoncosmetics.com\/?s={search_term_string}"},"query-input":"required name=search_term_string"}],"inLanguage":"es"},{"@type":"Organization","@id":"https:\/\/miamoncosmetics.com\/#organization","name":"Cosm\u00e9ticos Miamon","url":"https:\/\/miamoncosmetics.com\/","logo":{"@type":"ImageObject","inLanguage":"es","@id":"https:\/\/miamoncosmetics.com\/#\/schema\/logo\/image\/","url":"https:\/\/miamoncosmetics.com\/app\/uploads\/2019\/01\/logo_m.png","contentUrl":"https:\/\/miamoncosmetics.com\/app\/uploads\/2019\/01\/logo_m.png","width":209,"height":221,"caption":"Miamon Cosmetics"},"image":{"@id":"https:\/\/miamoncosmetics.com\/#\/schema\/logo\/image\/"},"sameAs":["https:\/\/www.facebook.com\/miamoncosmetics","https:\/\/www.instagram.com\/miamoncosmetics","https:\/\/www.tiktok.com\/lissexpertusa"]}]}},"_hostinger_reach_plugin_has_subscription_block":false,"_hostinger_reach_plugin_is_elementor":false,"_links":{"self":[{"href":"https:\/\/miamoncosmetics.com\/es\/wp-json\/wp\/v2\/pages\/2367","targetHints":{"allow":["GET"]}}],"collection":[{"href":"https:\/\/miamoncosmetics.com\/es\/wp-json\/wp\/v2\/pages"}],"about":[{"href":"https:\/\/miamoncosmetics.com\/es\/wp-json\/wp\/v2\/types\/page"}],"author":[{"embeddable":true,"href":"https:\/\/miamoncosmetics.com\/es\/wp-json\/wp\/v2\/users\/1"}],"replies":[{"embeddable":true,"href":"https:\/\/miamoncosmetics.com\/es\/wp-json\/wp\/v2\/comments?post=2367"}],"version-history":[{"count":3,"href":"https:\/\/miamoncosmetics.com\/es\/wp-json\/wp\/v2\/pages\/2367\/revisions"}],"predecessor-version":[{"id":55725,"href":"https:\/\/miamoncosmetics.com\/es\/wp-json\/wp\/v2\/pages\/2367\/revisions\/55725"}],"wp:featuredmedia":[{"embeddable":true,"href":"https:\/\/miamoncosmetics.com\/es\/wp-json\/wp\/v2\/media\/43306"}],"wp:attachment":[{"href":"https:\/\/miamoncosmetics.com\/es\/wp-json\/wp\/v2\/media?parent=2367"}],"curies":[{"name":"wp","href":"https:\/\/api.w.org\/{rel}","templated":true}]}}