{"id":40026,"date":"2022-06-03T10:45:52","date_gmt":"2022-06-03T14:45:52","guid":{"rendered":"https:\/\/miamoncosmetics.com\/about-us-2\/"},"modified":"2022-10-09T19:35:06","modified_gmt":"2022-10-09T23:35:06","slug":"about-miamon","status":"publish","type":"page","link":"https:\/\/miamoncosmetics.com\/es\/about-miamon\/","title":{"rendered":"Sobre Nosotros"},"content":{"rendered":"<div data-elementor-type=\"wp-page\" data-elementor-id=\"40026\" class=\"elementor elementor-40026\" data-elementor-post-type=\"page\">\n\t\t\t\t\t\t<section data-dce-background-overlay-color=\"#FF7900\" class=\"elementor-section elementor-top-section elementor-element elementor-element-27815403 elementor-section-full_width elementor-section-height-min-height elementor-section-height-default elementor-section-items-middle\" data-id=\"27815403\" data-element_type=\"section\">\n\t\t\t\t\t\t\t<div class=\"elementor-background-overlay\"><\/div>\n\t\t\t\t\t\t\t<div class=\"elementor-container elementor-column-gap-default\">\n\t\t\t\t\t<div class=\"elementor-column elementor-col-100 elementor-top-column elementor-element elementor-element-4e68a3d0\" data-id=\"4e68a3d0\" data-element_type=\"column\">\n\t\t\t<div class=\"elementor-widget-wrap\">\n\t\t\t\t\t\t\t<\/div>\n\t\t<\/div>\n\t\t\t\t\t<\/div>\n\t\t<\/section>\n\t\t\t\t<section class=\"elementor-section elementor-top-section elementor-element elementor-element-691079be elementor-section-boxed elementor-section-height-default elementor-section-height-default\" data-id=\"691079be\" data-element_type=\"section\">\n\t\t\t\t\t\t<div class=\"elementor-container elementor-column-gap-default\">\n\t\t\t\t\t<div class=\"elementor-column elementor-col-100 elementor-top-column elementor-element elementor-element-6d3b45ee\" data-id=\"6d3b45ee\" data-element_type=\"column\">\n\t\t\t<div class=\"elementor-widget-wrap elementor-element-populated\">\n\t\t\t\t\t\t<div class=\"elementor-element elementor-element-26a17254 elementor-widget-divider--view-line_text elementor-widget-divider--element-align-left elementor-widget-tablet__width-inherit elementor-widget elementor-widget-divider\" data-id=\"26a17254\" data-element_type=\"widget\" data-widget_type=\"divider.default\">\n\t\t\t\t<div class=\"elementor-widget-container\">\n\t\t\t\t\t\t\t<div class=\"elementor-divider\">\n\t\t\t<span class=\"elementor-divider-separator\">\n\t\t\t\t\t\t\t<span class=\"elementor-divider__text elementor-divider__element\">\n\t\t\t\tSobre Nosotros\t\t\t\t<\/span>\n\t\t\t\t\t\t<\/span>\n\t\t<\/div>\n\t\t\t\t\t\t<\/div>\n\t\t\t\t<\/div>\n\t\t\t\t\t<\/div>\n\t\t<\/div>\n\t\t\t\t\t<\/div>\n\t\t<\/section>\n\t\t\t\t<section class=\"elementor-section elementor-top-section elementor-element elementor-element-4742f154 elementor-section-boxed elementor-section-height-default elementor-section-height-default\" data-id=\"4742f154\" data-element_type=\"section\">\n\t\t\t\t\t\t<div class=\"elementor-container elementor-column-gap-default\">\n\t\t\t\t\t<div class=\"elementor-column elementor-col-100 elementor-top-column elementor-element elementor-element-681bf4bb\" data-id=\"681bf4bb\" data-element_type=\"column\">\n\t\t\t<div class=\"elementor-widget-wrap elementor-element-populated\">\n\t\t\t\t\t\t<div class=\"elementor-element elementor-element-51669cc3 elementor-widget elementor-widget-text-editor\" data-id=\"51669cc3\" data-element_type=\"widget\" data-widget_type=\"text-editor.default\">\n\t\t\t\t<div class=\"elementor-widget-container\">\n\t\t\t\t\t\t\t\t\t<p>En Miamon Cosmetics, nuestro objetivo es ofrecer a nuestros clientes una variedad de los m\u00e1s nuevos <a href=\"https:\/\/miamoncosmetics.com\/es\/categoria-producto\/professional-products\/\">sistemas para alisar el cabello<\/a>. Hemos recorrido un largo camino, por lo que sabemos exactamente qu\u00e9 direcci\u00f3n tomar al proporcionarle productos de alta calidad pero econ\u00f3micos.&nbsp;<\/p>\n<p>Desde los primeros d\u00edas, hemos vivido nuestra pasi\u00f3n por el cuidado del cabello. Nuestros productos <b>Liss Expert<\/b> son prueba de ello. Estos productos tienen una f\u00f3rmula avanzada que no solo alisa tu cabello sino que tambi\u00e9n lo cuida mejor. Si a menudo usa herramientas de peinado como plancha,<b> Liss Expert<\/b> Ser\u00e1 tu salvador del da\u00f1o del calor.<\/p>\n<p>Tambi\u00e9n somos los orgullosos creadores de <b>Liss Expert Vegan<\/b>, el primer tratamiento y alisado vegano TODO EN UNO. 100% libre de origen animal, un tratamiento revolucionario que realmente funciona tanto para consumidores como para peluqueros profesionales.<\/p>\n<p><\/p>\n<h4><b>\u00bfPor qu\u00e9 Miamon Cosmetics?<\/b><\/h4>\n<p><b>Miamon es un l\u00edder en crecimiento en la industria mundial de la belleza.&nbsp;<\/b><\/p>\n<p>Nuestra filosof\u00eda es simple: ofrecemos excelentes productos para el cuidado del cabello a precios competitivos y brindamos varias opciones para su cabello.&nbsp;<\/p>\n<p>Miamon Cosmetics es un nombre que ha sido sin\u00f3nimo de productos de calidad para el cuidado del cabello durante m\u00e1s de 10 a\u00f1os en Am\u00e9rica Latina, EE. UU. y ahora se est\u00e1 expandiendo a Europa.&nbsp; &nbsp;<\/p>\n<p>Esperamos que disfrute de nuestros productos tanto como nosotros disfrutamos poni\u00e9ndolos a su disposici\u00f3n.<\/p>\n<p><\/p>\n<p><b style=\"color: inherit; font-family: inherit; font-size: 1.5rem;\">Nuestros clientes son nuestra prioridad #1<\/b><\/p>\n<p>T\u00fa siempre eres lo primero, as\u00ed que mantenemos un ojo en las <a style=\"background-color: #000000;\" href=\"https:\/\/www.tiktok.com\/@lissexpertusa\">m\u00e1s nuevas tendencias<\/a> en sistemas de alisado para brindarte los mejores tratamientos capilares. Es por eso que Miamon Cosmetics tiene clientes satisfechos en todo el mundo. \u00a1Estamos encantados de ser parte de la industria de los sistemas para alisar el cabello!<\/p>\n<p>De hecho, en Miamon Cosmetics, ofrecemos un excelente servicio de atenci\u00f3n al cliente y un apoyo amable, lo que significa que estamos aqu\u00ed para responder a sus preguntas y ayudarle a elegir los mejores productos para satisfacer sus necesidades.<\/p>\n<p>Tambi\u00e9n te ayudamos a empezar con el pie derecho. Podemos organizar una capacitaci\u00f3n en l\u00ednea o en el sal\u00f3n. Los peluqueros pod\u00edan plantear sus dudas v\u00eda WhatsApp a un equipo t\u00e9cnico exclusivo para atender todas sus consultas.&nbsp;<\/p>\n<p>Si tiene alguna pregunta, por favor <a href=\"https:\/\/wa.me\/+19548010459\">p\u00f3ngase en contacto con nosotros para discutir sus necesidades a trav\u00e9s de Whatsapp: +19548010459<\/a>\u00a1Estamos felices de estar ah\u00ed para ti!<\/p>\n<p><\/p>\t\t\t\t\t\t\t\t<\/div>\n\t\t\t\t<\/div>\n\t\t\t\t\t<\/div>\n\t\t<\/div>\n\t\t\t\t\t<\/div>\n\t\t<\/section>\n\t\t\t\t<section class=\"elementor-section elementor-top-section elementor-element elementor-element-5929710d elementor-section-boxed elementor-section-height-default elementor-section-height-default\" data-id=\"5929710d\" data-element_type=\"section\">\n\t\t\t\t\t\t<div class=\"elementor-container elementor-column-gap-default\">\n\t\t\t\t\t<div class=\"elementor-column elementor-col-100 elementor-top-column elementor-element elementor-element-534c4db8\" data-id=\"534c4db8\" data-element_type=\"column\">\n\t\t\t<div class=\"elementor-widget-wrap elementor-element-populated\">\n\t\t\t\t\t\t<div class=\"elementor-element elementor-element-2813f8c9 elementor-widget-divider--view-line_text elementor-widget-divider--element-align-right elementor-widget-tablet__width-inherit elementor-widget elementor-widget-divider\" data-id=\"2813f8c9\" data-element_type=\"widget\" data-widget_type=\"divider.default\">\n\t\t\t\t<div class=\"elementor-widget-container\">\n\t\t\t\t\t\t\t<div class=\"elementor-divider\">\n\t\t\t<span class=\"elementor-divider-separator\">\n\t\t\t\t\t\t\t<span class=\"elementor-divider__text elementor-divider__element\">\n\t\t\t\tEXPERTO EN LISS\t\t\t\t<\/span>\n\t\t\t\t\t\t<\/span>\n\t\t<\/div>\n\t\t\t\t\t\t<\/div>\n\t\t\t\t<\/div>\n\t\t\t\t<div class=\"elementor-element elementor-element-50b7ca18 elementor-widget elementor-widget-heading\" data-id=\"50b7ca18\" data-element_type=\"widget\" data-widget_type=\"heading.default\">\n\t\t\t\t<div class=\"elementor-widget-container\">\n\t\t\t\t\t<h2 class=\"elementor-heading-title elementor-size-default\">EN TODO EL MUNDO<\/h2>\t\t\t\t<\/div>\n\t\t\t\t<\/div>\n\t\t\t\t<div class=\"elementor-element elementor-element-3e52f9c7 dce_masking-none elementor-widget elementor-widget-image\" data-id=\"3e52f9c7\" data-element_type=\"widget\" data-widget_type=\"image.default\">\n\t\t\t\t<div class=\"elementor-widget-container\">\n\t\t\t\t\t\t\t\t\t\t\t\t\t\t\t<img fetchpriority=\"high\" decoding=\"async\" width=\"800\" height=\"210\" src=\"https:\/\/miamoncosmetics.com\/wp-content\/uploads\/2022\/06\/banderas-02-1024x269.png\" class=\"attachment-large size-large wp-image-40027\" alt=\"\" srcset=\"https:\/\/miamoncosmetics.com\/wp-content\/uploads\/2022\/06\/banderas-02-1024x269.png 1024w, https:\/\/miamoncosmetics.com\/wp-content\/uploads\/2022\/06\/banderas-02-300x79.png 300w, https:\/\/miamoncosmetics.com\/wp-content\/uploads\/2022\/06\/banderas-02-768x202.png 768w, https:\/\/miamoncosmetics.com\/wp-content\/uploads\/2022\/06\/banderas-02-1536x403.png 1536w, https:\/\/miamoncosmetics.com\/wp-content\/uploads\/2022\/06\/banderas-02-2048x537.png 2048w, https:\/\/miamoncosmetics.com\/wp-content\/uploads\/2022\/06\/banderas-02-18x5.png 18w, https:\/\/miamoncosmetics.com\/wp-content\/uploads\/2022\/06\/banderas-02-600x157.png 600w\" sizes=\"(max-width: 800px) 100vw, 800px\" \/>\t\t\t\t\t\t\t\t\t\t\t\t\t\t\t<\/div>\n\t\t\t\t<\/div>\n\t\t\t\t\t<\/div>\n\t\t<\/div>\n\t\t\t\t\t<\/div>\n\t\t<\/section>\n\t\t\t\t<\/div>","protected":false},"excerpt":{"rendered":"<p>At Miamon Cosmetics, we aim to offer our customers a variety of the latest hair straightening systems. We\u2019ve come a long way, so we know exactly which direction to take when supplying you with high-quality yet budget-friendly products.&nbsp; Since the early days, we have lived our passion for hair care. Our Liss Expert products are [&hellip;]<\/p>\n","protected":false},"author":2,"featured_media":43330,"parent":0,"menu_order":0,"comment_status":"closed","ping_status":"closed","template":"","meta":{"footnotes":""},"class_list":["post-40026","page","type-page","status-publish","has-post-thumbnail","hentry"],"yoast_head":"<!-- This site is optimized with the Yoast SEO Premium plugin v20.7 (Yoast SEO v20.7) - https:\/\/yoast.com\/wordpress\/plugins\/seo\/ -->\n<title>About Us - MiaMon Cosmetics<\/title>\n<meta name=\"description\" content=\"At Miamon Cosmetics, we aim to offer you the latest hair straightening systems. We supply you with high quality yet budget-friendly products.\" \/>\n<meta name=\"robots\" content=\"index, follow, max-snippet:-1, max-image-preview:large, max-video-preview:-1\" \/>\n<link rel=\"canonical\" href=\"https:\/\/miamoncosmetics.com\/es\/wp-json\/wp\/v2\/pages\/40026\" \/>\n<meta property=\"og:locale\" content=\"es_MX\" \/>\n<meta property=\"og:type\" content=\"article\" \/>\n<meta property=\"og:title\" content=\"About Us\" \/>\n<meta property=\"og:description\" content=\"At Miamon Cosmetics, we aim to offer you the latest hair straightening systems. We supply you with high quality yet budget-friendly products.\" \/>\n<meta property=\"og:url\" content=\"https:\/\/miamoncosmetics.com\/es\/about-miamon\/\" \/>\n<meta property=\"og:site_name\" content=\"MiaMon Cosmetics\" \/>\n<meta property=\"article:publisher\" content=\"https:\/\/www.facebook.com\/miamoncosmetics\" \/>\n<meta property=\"article:modified_time\" content=\"2022-10-09T23:35:06+00:00\" \/>\n<meta property=\"og:image\" content=\"https:\/\/miamoncosmetics.com\/wp-content\/uploads\/2022\/01\/STEM-1-KG-ACON-SHAMP-ACEI-1.jpg\" \/>\n\t<meta property=\"og:image:width\" content=\"2000\" \/>\n\t<meta property=\"og:image:height\" content=\"2000\" \/>\n\t<meta property=\"og:image:type\" content=\"image\/jpeg\" \/>\n<meta name=\"twitter:card\" content=\"summary_large_image\" \/>\n<meta name=\"twitter:label1\" content=\"Tiempo de lectura\" \/>\n\t<meta name=\"twitter:data1\" content=\"2 minutos\" \/>\n<script type=\"application\/ld+json\" class=\"yoast-schema-graph\">{\"@context\":\"https:\/\/schema.org\",\"@graph\":[{\"@type\":\"WebPage\",\"@id\":\"https:\/\/miamoncosmetics.com\/es\/about-miamon\/\",\"url\":\"https:\/\/miamoncosmetics.com\/es\/about-miamon\/\",\"name\":\"About Us - MiaMon Cosmetics\",\"isPartOf\":{\"@id\":\"https:\/\/miamoncosmetics.com\/#website\"},\"datePublished\":\"2022-06-03T14:45:52+00:00\",\"dateModified\":\"2022-10-09T23:35:06+00:00\",\"description\":\"At Miamon Cosmetics, we aim to offer you the latest hair straightening systems. We supply you with high quality yet budget-friendly products.\",\"breadcrumb\":{\"@id\":\"https:\/\/miamoncosmetics.com\/es\/about-miamon\/#breadcrumb\"},\"inLanguage\":\"es\",\"potentialAction\":[{\"@type\":\"ReadAction\",\"target\":[\"https:\/\/miamoncosmetics.com\/es\/about-miamon\/\"]}]},{\"@type\":\"BreadcrumbList\",\"@id\":\"https:\/\/miamoncosmetics.com\/es\/about-miamon\/#breadcrumb\",\"itemListElement\":[{\"@type\":\"ListItem\",\"position\":1,\"name\":\"Home\",\"item\":\"https:\/\/miamoncosmetics.com\/\"},{\"@type\":\"ListItem\",\"position\":2,\"name\":\"About Us\"}]},{\"@type\":\"WebSite\",\"@id\":\"https:\/\/miamoncosmetics.com\/#website\",\"url\":\"https:\/\/miamoncosmetics.com\/\",\"name\":\"MiaMon Cosmetics\",\"description\":\"We want you to love your hair again!\",\"publisher\":{\"@id\":\"https:\/\/miamoncosmetics.com\/#organization\"},\"potentialAction\":[{\"@type\":\"SearchAction\",\"target\":{\"@type\":\"EntryPoint\",\"urlTemplate\":\"https:\/\/miamoncosmetics.com\/?s={search_term_string}\"},\"query-input\":\"required name=search_term_string\"}],\"inLanguage\":\"es\"},{\"@type\":\"Organization\",\"@id\":\"https:\/\/miamoncosmetics.com\/#organization\",\"name\":\"Miamon Cosmetics\",\"url\":\"https:\/\/miamoncosmetics.com\/\",\"logo\":{\"@type\":\"ImageObject\",\"inLanguage\":\"es\",\"@id\":\"https:\/\/miamoncosmetics.com\/#\/schema\/logo\/image\/\",\"url\":\"https:\/\/miamoncosmetics.com\/app\/uploads\/2019\/01\/logo_m.png\",\"contentUrl\":\"https:\/\/miamoncosmetics.com\/app\/uploads\/2019\/01\/logo_m.png\",\"width\":209,\"height\":221,\"caption\":\"Miamon Cosmetics\"},\"image\":{\"@id\":\"https:\/\/miamoncosmetics.com\/#\/schema\/logo\/image\/\"},\"sameAs\":[\"https:\/\/www.facebook.com\/miamoncosmetics\",\"https:\/\/www.instagram.com\/miamoncosmetics\",\"https:\/\/www.tiktok.com\/lissexpertusa\"]}]}<\/script>\n<!-- \/ Yoast SEO Premium plugin. -->","yoast_head_json":{"title":"About Us - MiaMon Cosmetics","description":"At Miamon Cosmetics, we aim to offer you the latest hair straightening systems. We supply you with high quality yet budget-friendly products.","robots":{"index":"index","follow":"follow","max-snippet":"max-snippet:-1","max-image-preview":"max-image-preview:large","max-video-preview":"max-video-preview:-1"},"canonical":"https:\/\/miamoncosmetics.com\/es\/wp-json\/wp\/v2\/pages\/40026","og_locale":"es_MX","og_type":"article","og_title":"About Us","og_description":"At Miamon Cosmetics, we aim to offer you the latest hair straightening systems. We supply you with high quality yet budget-friendly products.","og_url":"https:\/\/miamoncosmetics.com\/es\/about-miamon\/","og_site_name":"MiaMon Cosmetics","article_publisher":"https:\/\/www.facebook.com\/miamoncosmetics","article_modified_time":"2022-10-09T23:35:06+00:00","og_image":[{"width":2000,"height":2000,"url":"https:\/\/miamoncosmetics.com\/wp-content\/uploads\/2022\/01\/STEM-1-KG-ACON-SHAMP-ACEI-1.jpg","type":"image\/jpeg"}],"twitter_card":"summary_large_image","twitter_misc":{"Tiempo de lectura":"2 minutos"},"schema":{"@context":"https:\/\/schema.org","@graph":[{"@type":"WebPage","@id":"https:\/\/miamoncosmetics.com\/es\/about-miamon\/","url":"https:\/\/miamoncosmetics.com\/es\/about-miamon\/","name":"About Us - MiaMon Cosmetics","isPartOf":{"@id":"https:\/\/miamoncosmetics.com\/#website"},"datePublished":"2022-06-03T14:45:52+00:00","dateModified":"2022-10-09T23:35:06+00:00","description":"At Miamon Cosmetics, we aim to offer you the latest hair straightening systems. We supply you with high quality yet budget-friendly products.","breadcrumb":{"@id":"https:\/\/miamoncosmetics.com\/es\/about-miamon\/#breadcrumb"},"inLanguage":"es","potentialAction":[{"@type":"ReadAction","target":["https:\/\/miamoncosmetics.com\/es\/about-miamon\/"]}]},{"@type":"BreadcrumbList","@id":"https:\/\/miamoncosmetics.com\/es\/about-miamon\/#breadcrumb","itemListElement":[{"@type":"ListItem","position":1,"name":"Home","item":"https:\/\/miamoncosmetics.com\/"},{"@type":"ListItem","position":2,"name":"About Us"}]},{"@type":"WebSite","@id":"https:\/\/miamoncosmetics.com\/#website","url":"https:\/\/miamoncosmetics.com\/","name":"MiaMon Cosm\u00e9ticos","description":"\u00a1Queremos que vuelvas a amar tu cabello!","publisher":{"@id":"https:\/\/miamoncosmetics.com\/#organization"},"potentialAction":[{"@type":"SearchAction","target":{"@type":"EntryPoint","urlTemplate":"https:\/\/miamoncosmetics.com\/?s={search_term_string}"},"query-input":"required name=search_term_string"}],"inLanguage":"es"},{"@type":"Organization","@id":"https:\/\/miamoncosmetics.com\/#organization","name":"Cosm\u00e9ticos Miamon","url":"https:\/\/miamoncosmetics.com\/","logo":{"@type":"ImageObject","inLanguage":"es","@id":"https:\/\/miamoncosmetics.com\/#\/schema\/logo\/image\/","url":"https:\/\/miamoncosmetics.com\/app\/uploads\/2019\/01\/logo_m.png","contentUrl":"https:\/\/miamoncosmetics.com\/app\/uploads\/2019\/01\/logo_m.png","width":209,"height":221,"caption":"Miamon Cosmetics"},"image":{"@id":"https:\/\/miamoncosmetics.com\/#\/schema\/logo\/image\/"},"sameAs":["https:\/\/www.facebook.com\/miamoncosmetics","https:\/\/www.instagram.com\/miamoncosmetics","https:\/\/www.tiktok.com\/lissexpertusa"]}]}},"_hostinger_reach_plugin_has_subscription_block":false,"_hostinger_reach_plugin_is_elementor":false,"_links":{"self":[{"href":"https:\/\/miamoncosmetics.com\/es\/wp-json\/wp\/v2\/pages\/40026","targetHints":{"allow":["GET"]}}],"collection":[{"href":"https:\/\/miamoncosmetics.com\/es\/wp-json\/wp\/v2\/pages"}],"about":[{"href":"https:\/\/miamoncosmetics.com\/es\/wp-json\/wp\/v2\/types\/page"}],"author":[{"embeddable":true,"href":"https:\/\/miamoncosmetics.com\/es\/wp-json\/wp\/v2\/users\/2"}],"replies":[{"embeddable":true,"href":"https:\/\/miamoncosmetics.com\/es\/wp-json\/wp\/v2\/comments?post=40026"}],"version-history":[{"count":0,"href":"https:\/\/miamoncosmetics.com\/es\/wp-json\/wp\/v2\/pages\/40026\/revisions"}],"wp:featuredmedia":[{"embeddable":true,"href":"https:\/\/miamoncosmetics.com\/es\/wp-json\/wp\/v2\/media\/43330"}],"wp:attachment":[{"href":"https:\/\/miamoncosmetics.com\/es\/wp-json\/wp\/v2\/media?parent=40026"}],"curies":[{"name":"wp","href":"https:\/\/api.w.org\/{rel}","templated":true}]}}