{"id":40045,"date":"2022-06-03T10:46:18","date_gmt":"2022-06-03T14:46:18","guid":{"rendered":"http:\/\/rodrigo@digitalkis.com"},"modified":"2022-10-09T21:13:14","modified_gmt":"2022-10-10T01:13:14","slug":"times-and-shipping-cost-2","status":"publish","type":"page","link":"https:\/\/miamoncosmetics.com\/es\/times-and-shipping-cost-2\/","title":{"rendered":"Times and Shipping Cost"},"content":{"rendered":"<div data-elementor-type=\"wp-page\" data-elementor-id=\"40045\" class=\"elementor elementor-40045\" data-elementor-post-type=\"page\">\n\t\t\t\t\t\t<section data-dce-background-overlay-color=\"#FF6F00\" class=\"elementor-section elementor-top-section elementor-element elementor-element-c56556a elementor-section-full_width elementor-section-height-min-height elementor-section-height-default elementor-section-items-middle\" data-id=\"c56556a\" data-element_type=\"section\">\n\t\t\t\t\t\t\t<div class=\"elementor-background-overlay\"><\/div>\n\t\t\t\t\t\t\t<div class=\"elementor-container elementor-column-gap-default\">\n\t\t\t\t\t<div class=\"elementor-column elementor-col-100 elementor-top-column elementor-element elementor-element-fe2601d\" data-id=\"fe2601d\" data-element_type=\"column\">\n\t\t\t<div class=\"elementor-widget-wrap\">\n\t\t\t\t\t\t\t<\/div>\n\t\t<\/div>\n\t\t\t\t\t<\/div>\n\t\t<\/section>\n\t\t\t\t<section class=\"elementor-section elementor-top-section elementor-element elementor-element-6d25746 elementor-section-boxed elementor-section-height-default elementor-section-height-default\" data-id=\"6d25746\" data-element_type=\"section\">\n\t\t\t\t\t\t<div class=\"elementor-container elementor-column-gap-default\">\n\t\t\t\t\t<div class=\"elementor-column elementor-col-100 elementor-top-column elementor-element elementor-element-e78a2c5\" data-id=\"e78a2c5\" data-element_type=\"column\">\n\t\t\t<div class=\"elementor-widget-wrap elementor-element-populated\">\n\t\t\t\t\t\t<div class=\"elementor-element elementor-element-5f372ba elementor-widget-divider--view-line_text elementor-widget-divider--element-align-left elementor-widget elementor-widget-divider\" data-id=\"5f372ba\" data-element_type=\"widget\" data-widget_type=\"divider.default\">\n\t\t\t\t<div class=\"elementor-widget-container\">\n\t\t\t\t\t\t\t<div class=\"elementor-divider\">\n\t\t\t<span class=\"elementor-divider-separator\">\n\t\t\t\t\t\t\t<h1 class=\"elementor-divider__text elementor-divider__element\">\n\t\t\t\tTIEMPOS Y GASTOS DE ENV\u00cdO\u2800\t\t\t\t<\/h1>\n\t\t\t\t\t\t<\/span>\n\t\t<\/div>\n\t\t\t\t\t\t<\/div>\n\t\t\t\t<\/div>\n\t\t\t\t\t<\/div>\n\t\t<\/div>\n\t\t\t\t\t<\/div>\n\t\t<\/section>\n\t\t\t\t<section class=\"elementor-section elementor-top-section elementor-element elementor-element-a1979ef elementor-section-boxed elementor-section-height-default elementor-section-height-default\" data-id=\"a1979ef\" data-element_type=\"section\">\n\t\t\t\t\t\t<div class=\"elementor-container elementor-column-gap-default\">\n\t\t\t\t\t<div class=\"elementor-column elementor-col-100 elementor-top-column elementor-element elementor-element-e4d8f78\" data-id=\"e4d8f78\" data-element_type=\"column\">\n\t\t\t<div class=\"elementor-widget-wrap elementor-element-populated\">\n\t\t\t\t\t\t<div class=\"elementor-element elementor-element-59420c3 elementor-widget elementor-widget-text-editor\" data-id=\"59420c3\" data-element_type=\"widget\" data-widget_type=\"text-editor.default\">\n\t\t\t\t<div class=\"elementor-widget-container\">\n\t\t\t\t\t\t\t\t\t<p>Entregamos nuestros productos a trav\u00e9s de un servicio de mensajer\u00eda que&nbsp;<a href=\"https:\/\/miamoncosmetics.com\/es\/\">Cosm\u00e9ticos Miamon<\/a>&nbsp;selecciona, y que ofrece un servicio de seguimiento de env\u00edos.<\/p>\n<p>Todos los pedidos se procesan y env\u00edan s\u00f3lo en d\u00edas laborables, de lunes a viernes, excluyendo los d\u00edas festivos importantes.<\/p>\n<p>Los pedidos realizados en s\u00e1bado y domingo se tramitar\u00e1n el siguiente d\u00eda laborable.<\/p>\n<p>Los pedidos se procesar\u00e1n en 1-2 d\u00edas laborables si se reciben antes de la 1:00 pm EST, dependiendo de la disponibilidad del producto. Los pedidos recibidos despu\u00e9s de la 1:00 pm EST se procesar\u00e1n el siguiente d\u00eda h\u00e1bil.<\/p>\t\t\t\t\t\t\t\t<\/div>\n\t\t\t\t<\/div>\n\t\t\t\t<div class=\"elementor-element elementor-element-e03978b elementor-widget elementor-widget-heading\" data-id=\"e03978b\" data-element_type=\"widget\" data-widget_type=\"heading.default\">\n\t\t\t\t<div class=\"elementor-widget-container\">\n\t\t\t\t\t<h2 class=\"elementor-heading-title elementor-size-default\">Fechas estimadas de entrega<\/h2>\t\t\t\t<\/div>\n\t\t\t\t<\/div>\n\t\t\t\t<div class=\"elementor-element elementor-element-edce1ca elementor-widget elementor-widget-text-editor\" data-id=\"edce1ca\" data-element_type=\"widget\" data-widget_type=\"text-editor.default\">\n\t\t\t\t<div class=\"elementor-widget-container\">\n\t\t\t\t\t\t\t\t\t<p><a href=\"https:\/\/www.instagram.com\/liss.expert.professional.usa\/\">Cosm\u00e9ticos Miamon<\/a> hace todo lo posible para estimar el tiempo de entrega m\u00e1s preciso para su comodidad. Para obtener la informaci\u00f3n de entrega m\u00e1s actualizada una vez que su pedido haya sido enviado, consulte la informaci\u00f3n de seguimiento en su correo electr\u00f3nico de confirmaci\u00f3n. Simplemente utilice el n\u00famero de seguimiento proporcionado para rastrear su paquete en l\u00ednea. Tenga en cuenta: las fechas de entrega estimadas se aplican s\u00f3lo a los art\u00edculos en stock y pueden no estar disponibles dependiendo de los detalles del env\u00edo. La entrega de art\u00edculos fuera de stock est\u00e1 sujeta a la disponibilidad. Las fechas proporcionadas son estimadas y est\u00e1n sujetas a cambios y no se aplican a los apartados de correos, APO\/FPO\/DPO o territorios de los Estados Unidos.<\/p>\t\t\t\t\t\t\t\t<\/div>\n\t\t\t\t<\/div>\n\t\t\t\t<div class=\"elementor-element elementor-element-4803bc8 elementor-widget elementor-widget-heading\" data-id=\"4803bc8\" data-element_type=\"widget\" data-widget_type=\"heading.default\">\n\t\t\t\t<div class=\"elementor-widget-container\">\n\t\t\t\t\t<h2 class=\"elementor-heading-title elementor-size-default\">Env\u00edos a direcciones internacionales<\/h2>\t\t\t\t<\/div>\n\t\t\t\t<\/div>\n\t\t\t\t<div class=\"elementor-element elementor-element-b2519a2 elementor-widget elementor-widget-text-editor\" data-id=\"b2519a2\" data-element_type=\"widget\" data-widget_type=\"text-editor.default\">\n\t\t\t\t<div class=\"elementor-widget-container\">\n\t\t\t\t\t\t\t\t\t<p><a href=\"https:\/\/miamoncosmetics.com\/es\/\">Nosotros<\/a> actualmente no podemos aceptar pedidos facturados o enviados a destinos fuera de Estados Unidos.\u00a0<\/p>\t\t\t\t\t\t\t\t<\/div>\n\t\t\t\t<\/div>\n\t\t\t\t\t<\/div>\n\t\t<\/div>\n\t\t\t\t\t<\/div>\n\t\t<\/section>\n\t\t\t\t<\/div>","protected":false},"excerpt":{"rendered":"<p>TIMES AND SHIPPING COST\u2800 We deliver our products through a courier service that&nbsp;Miamon Cosmetics&nbsp;selects, which offers a shipment tracking service. Miamon Cosmetics processes and ship all orders on business days only, Monday through Friday, excluding major holidays. We will process orders placed on Saturday and Sunday on the next business day. We will process orders [&hellip;]<\/p>\n","protected":false},"author":2,"featured_media":42061,"parent":0,"menu_order":0,"comment_status":"closed","ping_status":"closed","template":"","meta":{"footnotes":""},"class_list":["post-40045","page","type-page","status-publish","has-post-thumbnail","hentry"],"yoast_head":"<!-- This site is optimized with the Yoast SEO Premium plugin v20.7 (Yoast SEO v20.7) - https:\/\/yoast.com\/wordpress\/plugins\/seo\/ -->\n<title>Times and Shipping Cost - MiaMon<\/title>\n<meta name=\"robots\" content=\"index, follow, max-snippet:-1, max-image-preview:large, max-video-preview:-1\" \/>\n<link rel=\"canonical\" href=\"https:\/\/miamoncosmetics.com\/es\/wp-json\/wp\/v2\/pages\/40045\" \/>\n<meta property=\"og:locale\" content=\"es_MX\" \/>\n<meta property=\"og:type\" content=\"article\" \/>\n<meta property=\"og:title\" content=\"Times and Shipping Cost\" \/>\n<meta property=\"og:description\" content=\"TIMES AND SHIPPING COST\u2800 We deliver our products through a courier service that&nbsp;Miamon Cosmetics&nbsp;selects, which offers a shipment tracking service. Miamon Cosmetics processes and ship all orders on business days only, Monday through Friday, excluding major holidays. We will process orders placed on Saturday and Sunday on the next business day. We will process orders [&hellip;]\" \/>\n<meta property=\"og:url\" content=\"https:\/\/miamoncosmetics.com\/es\/times-and-shipping-cost-2\/\" \/>\n<meta property=\"og:site_name\" content=\"MiaMon Cosmetics\" \/>\n<meta property=\"article:publisher\" content=\"https:\/\/www.facebook.com\/miamoncosmetics\" \/>\n<meta property=\"article:modified_time\" content=\"2022-10-10T01:13:14+00:00\" \/>\n<meta property=\"og:image\" content=\"https:\/\/miamoncosmetics.com\/wp-content\/uploads\/2019\/10\/ACEITE-ARG.jpg\" \/>\n\t<meta property=\"og:image:width\" content=\"2000\" \/>\n\t<meta property=\"og:image:height\" content=\"2000\" \/>\n\t<meta property=\"og:image:type\" content=\"image\/jpeg\" \/>\n<meta name=\"twitter:card\" content=\"summary_large_image\" \/>\n<meta name=\"twitter:label1\" content=\"Tiempo de lectura\" \/>\n\t<meta name=\"twitter:data1\" content=\"1 minuto\" \/>\n<script type=\"application\/ld+json\" class=\"yoast-schema-graph\">{\"@context\":\"https:\/\/schema.org\",\"@graph\":[{\"@type\":\"WebPage\",\"@id\":\"https:\/\/miamoncosmetics.com\/times-and-shipping-cost-2\/\",\"url\":\"https:\/\/miamoncosmetics.com\/times-and-shipping-cost-2\/\",\"name\":\"Times and Shipping Cost - MiaMon\",\"isPartOf\":{\"@id\":\"https:\/\/miamoncosmetics.com\/#website\"},\"datePublished\":\"2022-06-03T14:46:18+00:00\",\"dateModified\":\"2022-10-10T01:13:14+00:00\",\"breadcrumb\":{\"@id\":\"https:\/\/miamoncosmetics.com\/times-and-shipping-cost-2\/#breadcrumb\"},\"inLanguage\":\"es\",\"potentialAction\":[{\"@type\":\"ReadAction\",\"target\":[\"https:\/\/miamoncosmetics.com\/times-and-shipping-cost-2\/\"]}]},{\"@type\":\"BreadcrumbList\",\"@id\":\"https:\/\/miamoncosmetics.com\/times-and-shipping-cost-2\/#breadcrumb\",\"itemListElement\":[{\"@type\":\"ListItem\",\"position\":1,\"name\":\"Home\",\"item\":\"https:\/\/miamoncosmetics.com\/\"},{\"@type\":\"ListItem\",\"position\":2,\"name\":\"Times and Shipping Cost\"}]},{\"@type\":\"WebSite\",\"@id\":\"https:\/\/miamoncosmetics.com\/#website\",\"url\":\"https:\/\/miamoncosmetics.com\/\",\"name\":\"MiaMon Cosmetics\",\"description\":\"We want you to love your hair again!\",\"publisher\":{\"@id\":\"https:\/\/miamoncosmetics.com\/#organization\"},\"potentialAction\":[{\"@type\":\"SearchAction\",\"target\":{\"@type\":\"EntryPoint\",\"urlTemplate\":\"https:\/\/miamoncosmetics.com\/?s={search_term_string}\"},\"query-input\":\"required name=search_term_string\"}],\"inLanguage\":\"es\"},{\"@type\":\"Organization\",\"@id\":\"https:\/\/miamoncosmetics.com\/#organization\",\"name\":\"Miamon Cosmetics\",\"url\":\"https:\/\/miamoncosmetics.com\/\",\"logo\":{\"@type\":\"ImageObject\",\"inLanguage\":\"es\",\"@id\":\"https:\/\/miamoncosmetics.com\/#\/schema\/logo\/image\/\",\"url\":\"https:\/\/miamoncosmetics.com\/app\/uploads\/2019\/01\/logo_m.png\",\"contentUrl\":\"https:\/\/miamoncosmetics.com\/app\/uploads\/2019\/01\/logo_m.png\",\"width\":209,\"height\":221,\"caption\":\"Miamon Cosmetics\"},\"image\":{\"@id\":\"https:\/\/miamoncosmetics.com\/#\/schema\/logo\/image\/\"},\"sameAs\":[\"https:\/\/www.facebook.com\/miamoncosmetics\",\"https:\/\/www.instagram.com\/miamoncosmetics\",\"https:\/\/www.tiktok.com\/lissexpertusa\"]}]}<\/script>\n<!-- \/ Yoast SEO Premium plugin. -->","yoast_head_json":{"title":"Times and Shipping Cost - MiaMon","robots":{"index":"index","follow":"follow","max-snippet":"max-snippet:-1","max-image-preview":"max-image-preview:large","max-video-preview":"max-video-preview:-1"},"canonical":"https:\/\/miamoncosmetics.com\/es\/wp-json\/wp\/v2\/pages\/40045","og_locale":"es_MX","og_type":"article","og_title":"Times and Shipping Cost","og_description":"TIMES AND SHIPPING COST\u2800 We deliver our products through a courier service that&nbsp;Miamon Cosmetics&nbsp;selects, which offers a shipment tracking service. Miamon Cosmetics processes and ship all orders on business days only, Monday through Friday, excluding major holidays. We will process orders placed on Saturday and Sunday on the next business day. We will process orders [&hellip;]","og_url":"https:\/\/miamoncosmetics.com\/es\/times-and-shipping-cost-2\/","og_site_name":"MiaMon Cosmetics","article_publisher":"https:\/\/www.facebook.com\/miamoncosmetics","article_modified_time":"2022-10-10T01:13:14+00:00","og_image":[{"width":2000,"height":2000,"url":"https:\/\/miamoncosmetics.com\/wp-content\/uploads\/2019\/10\/ACEITE-ARG.jpg","type":"image\/jpeg"}],"twitter_card":"summary_large_image","twitter_misc":{"Tiempo de lectura":"1 minuto"},"schema":{"@context":"https:\/\/schema.org","@graph":[{"@type":"WebPage","@id":"https:\/\/miamoncosmetics.com\/times-and-shipping-cost-2\/","url":"https:\/\/miamoncosmetics.com\/times-and-shipping-cost-2\/","name":"Times and Shipping Cost - MiaMon","isPartOf":{"@id":"https:\/\/miamoncosmetics.com\/#website"},"datePublished":"2022-06-03T14:46:18+00:00","dateModified":"2022-10-10T01:13:14+00:00","breadcrumb":{"@id":"https:\/\/miamoncosmetics.com\/times-and-shipping-cost-2\/#breadcrumb"},"inLanguage":"es","potentialAction":[{"@type":"ReadAction","target":["https:\/\/miamoncosmetics.com\/times-and-shipping-cost-2\/"]}]},{"@type":"BreadcrumbList","@id":"https:\/\/miamoncosmetics.com\/times-and-shipping-cost-2\/#breadcrumb","itemListElement":[{"@type":"ListItem","position":1,"name":"Home","item":"https:\/\/miamoncosmetics.com\/"},{"@type":"ListItem","position":2,"name":"Times and Shipping Cost"}]},{"@type":"WebSite","@id":"https:\/\/miamoncosmetics.com\/#website","url":"https:\/\/miamoncosmetics.com\/","name":"MiaMon Cosm\u00e9ticos","description":"\u00a1Queremos que vuelvas a amar tu cabello!","publisher":{"@id":"https:\/\/miamoncosmetics.com\/#organization"},"potentialAction":[{"@type":"SearchAction","target":{"@type":"EntryPoint","urlTemplate":"https:\/\/miamoncosmetics.com\/?s={search_term_string}"},"query-input":"required name=search_term_string"}],"inLanguage":"es"},{"@type":"Organization","@id":"https:\/\/miamoncosmetics.com\/#organization","name":"Cosm\u00e9ticos Miamon","url":"https:\/\/miamoncosmetics.com\/","logo":{"@type":"ImageObject","inLanguage":"es","@id":"https:\/\/miamoncosmetics.com\/#\/schema\/logo\/image\/","url":"https:\/\/miamoncosmetics.com\/app\/uploads\/2019\/01\/logo_m.png","contentUrl":"https:\/\/miamoncosmetics.com\/app\/uploads\/2019\/01\/logo_m.png","width":209,"height":221,"caption":"Miamon Cosmetics"},"image":{"@id":"https:\/\/miamoncosmetics.com\/#\/schema\/logo\/image\/"},"sameAs":["https:\/\/www.facebook.com\/miamoncosmetics","https:\/\/www.instagram.com\/miamoncosmetics","https:\/\/www.tiktok.com\/lissexpertusa"]}]}},"_hostinger_reach_plugin_has_subscription_block":false,"_hostinger_reach_plugin_is_elementor":false,"_links":{"self":[{"href":"https:\/\/miamoncosmetics.com\/es\/wp-json\/wp\/v2\/pages\/40045","targetHints":{"allow":["GET"]}}],"collection":[{"href":"https:\/\/miamoncosmetics.com\/es\/wp-json\/wp\/v2\/pages"}],"about":[{"href":"https:\/\/miamoncosmetics.com\/es\/wp-json\/wp\/v2\/types\/page"}],"author":[{"embeddable":true,"href":"https:\/\/miamoncosmetics.com\/es\/wp-json\/wp\/v2\/users\/2"}],"replies":[{"embeddable":true,"href":"https:\/\/miamoncosmetics.com\/es\/wp-json\/wp\/v2\/comments?post=40045"}],"version-history":[{"count":0,"href":"https:\/\/miamoncosmetics.com\/es\/wp-json\/wp\/v2\/pages\/40045\/revisions"}],"wp:featuredmedia":[{"embeddable":true,"href":"https:\/\/miamoncosmetics.com\/es\/wp-json\/wp\/v2\/media\/42061"}],"wp:attachment":[{"href":"https:\/\/miamoncosmetics.com\/es\/wp-json\/wp\/v2\/media?parent=40045"}],"curies":[{"name":"wp","href":"https:\/\/api.w.org\/{rel}","templated":true}]}}