{"id":2068,"date":"2019-10-02T03:34:39","date_gmt":"2019-10-02T07:34:39","guid":{"rendered":"https:\/\/miamoncosmetics.com\/shop\/uncategorized\/power-argan-oil\/"},"modified":"2026-04-15T15:52:40","modified_gmt":"2026-04-15T19:52:40","slug":"divine-argan-oil","status":"publish","type":"product","link":"https:\/\/miamoncosmetics.com\/es\/shop\/home-care-products\/divine-argan-oil\/","title":{"rendered":"Aceite de arg\u00e1n divino"},"content":{"rendered":"<h2>Aceite de arg\u00e1n<\/h2>\n<p>Los beneficios del aceite de arg\u00e1n:<\/p>\n<ul>\n<li>Promueve el crecimiento del cabello, ayudando a que crezca un cabello sano y fuerte.<\/li>\n<li>El cabello se vuelve m\u00e1s maleable y recupera su elasticidad.<\/li>\n<li>Ayuda a desenredar el cabello, m\u00e1s f\u00e1cil de cepillar.<\/li>\n<li>El cabello se vuelve sedoso y brillante.<\/li>\n<li>Repara el cabello da\u00f1ado y seco.<\/li>\n<li>Hidrata en profundidad y previene el encrespamiento.<\/li>\n<li>Combate la caspa hidratando el cuero cabelludo.<\/li>\n<li>Hidrata el cabello te\u00f1ido, dej\u00e1ndolo suave y brillante.<\/li>\n<li>Regula las gl\u00e1ndulas seb\u00e1ceas del cuero cabelludo para cabellos grasos.<\/li>\n<li>Repara e hidrata las puntas abiertas.<\/li>\n<\/ul>\n<p>Aplicar un par de gotas sobre el cabello cuando est\u00e9 ligeramente h\u00famedo. Te ayudar\u00e1 al cepillado y le aportar\u00e1 brillo y suavidad.<\/p>\n<p>Mezcla unas gotas de aceite de arg\u00e1n con nuestro acondicionador o champ\u00fa, a\u00f1adiendo las propiedades del aceite de arg\u00e1n a <a href=\"https:\/\/miamoncosmetics.com\/es\/categoria-producto\/professional-products\/\">nuestros productos.<\/a><\/p>\n<p>Presentaci\u00f3n: 50 ml.<\/p>\n<h2>3 usos del aceite de arg\u00e1n<\/h2>\n<ul>\n<li>Cabello: aporta brillo, suavidad, hidrataci\u00f3n y protecci\u00f3n frente a las agresiones externas.<\/li>\n<li>Piel: Aporta luminosidad, hidrataci\u00f3n y textura aterciopelada.<\/li>\n<li>U\u00f1as: Ofrece fuerza y crecimiento.<\/li>\n<\/ul>\n<p>&nbsp;<\/p>\n<p>Aceite de Arg\u00e1n<\/p>\n<ul>\n<li>Nace un pelo sano y fuerte.<\/li>\n<li>El pelo se vuelve sedoso y con m\u00e1s brillo.<\/li>\n<li>Repare el pelo da\u00f1ado y seco.<\/li>\n<li>Combate la caspa.<\/li>\n<li>Hidrata los pelos te\u00f1idos.<\/li>\n<li>Regula los pelos grasos.<\/li>\n<li>Reparaci\u00f3n.<\/li>\n<\/ul>\n<p>Aplicar un par de gotas sobre el cabello cuando est\u00e9 un poco h\u00famedo le dar\u00e1 brillo.<\/p>\n<p>Mezclar unas gotas de aceite de arg\u00e1n con nuestro acondicionador o champ\u00fa, sumandole las propiedades del aceite de arg\u00e1n a <a href=\"https:\/\/www.instagram.com\/liss.expert.professional.usa\/\">nuestros productos.<\/a><\/p>\n<p>Presentaci\u00f3n: 50 ml<\/p>\n<p>&nbsp;<\/p>\n<p>&nbsp;<\/p>\n<p>&nbsp;<\/p>","protected":false},"excerpt":{"rendered":"<p>Este aceite liviano aprovecha las poderosas propiedades del arg\u00e1n para brindar una incre\u00edble hidrataci\u00f3n, sedosidad y brillo a tu cabello, piel y u\u00f1as.<\/p>\n<p>&nbsp;<\/p>","protected":false},"featured_media":42061,"comment_status":"open","ping_status":"closed","template":"","meta":[],"product_brand":[],"product_cat":[64],"product_tag":[126,88,84,85,87,86,76],"class_list":{"0":"post-2068","1":"product","2":"type-product","3":"status-publish","4":"has-post-thumbnail","6":"product_cat-home-care-products","7":"product_tag-argan","8":"product_tag-healthy-hair","9":"product_tag-keratin","10":"product_tag-organic-hair-treatment","11":"product_tag-shinny-hair","12":"product_tag-straightener","13":"product_tag-treatment","14":"product_shipping_class-us-flat-rate-5","15":"tm-no-options","17":"first","18":"instock","19":"taxable","20":"shipping-taxable","21":"purchasable","22":"product-type-simple"},"yoast_head":"<!-- This site is optimized with the Yoast SEO Premium plugin v20.7 (Yoast SEO v20.7) - https:\/\/yoast.com\/wordpress\/plugins\/seo\/ -->\n<title>Divine Argan Oil - MiaMon Cosmetics<\/title>\n<meta name=\"description\" content=\"Luxury Treatment with Concentrate\u00a0 Premium Argan Oil specially selected to provide unique properties. Excellent regenerator, combat the hair...\" \/>\n<meta name=\"robots\" content=\"index, follow, max-snippet:-1, max-image-preview:large, max-video-preview:-1\" \/>\n<link rel=\"canonical\" href=\"https:\/\/miamoncosmetics.com\/es\/wp-json\/wp\/v2\/product\/2068\" \/>\n<meta property=\"og:locale\" content=\"es_MX\" \/>\n<meta property=\"og:type\" content=\"article\" \/>\n<meta property=\"og:title\" content=\"Divine Argan Oil\" \/>\n<meta property=\"og:description\" content=\"Luxury Treatment with Concentrate\u00a0 Premium Argan Oil specially selected to provide unique properties. Excellent regenerator, combat the hair...\" \/>\n<meta property=\"og:url\" content=\"https:\/\/miamoncosmetics.com\/es\/shop\/home-care-products\/divine-argan-oil\/\" \/>\n<meta property=\"og:site_name\" content=\"MiaMon Cosmetics\" \/>\n<meta property=\"article:publisher\" content=\"https:\/\/www.facebook.com\/miamoncosmetics\" \/>\n<meta property=\"article:modified_time\" content=\"2026-04-15T19:52:40+00:00\" \/>\n<meta property=\"og:image\" content=\"https:\/\/miamoncosmetics.com\/wp-content\/uploads\/2019\/10\/ACEITE-ARG.jpg\" \/>\n\t<meta property=\"og:image:width\" content=\"2000\" \/>\n\t<meta property=\"og:image:height\" content=\"2000\" \/>\n\t<meta property=\"og:image:type\" content=\"image\/jpeg\" \/>\n<meta name=\"twitter:card\" content=\"summary_large_image\" \/>\n<meta name=\"twitter:label1\" content=\"Tiempo de lectura\" \/>\n\t<meta name=\"twitter:data1\" content=\"1 minuto\" \/>\n<script type=\"application\/ld+json\" class=\"yoast-schema-graph\">{\"@context\":\"https:\/\/schema.org\",\"@graph\":[{\"@type\":\"WebPage\",\"@id\":\"https:\/\/miamoncosmetics.com\/shop\/home-care-products\/divine-argan-oil\/\",\"url\":\"https:\/\/miamoncosmetics.com\/shop\/home-care-products\/divine-argan-oil\/\",\"name\":\"Divine Argan Oil - MiaMon Cosmetics\",\"isPartOf\":{\"@id\":\"https:\/\/miamoncosmetics.com\/#website\"},\"datePublished\":\"2019-10-02T07:34:39+00:00\",\"dateModified\":\"2026-04-15T19:52:40+00:00\",\"description\":\"Luxury Treatment with Concentrate\u00a0 Premium Argan Oil specially selected to provide unique properties. Excellent regenerator, combat the hair...\",\"breadcrumb\":{\"@id\":\"https:\/\/miamoncosmetics.com\/shop\/home-care-products\/divine-argan-oil\/#breadcrumb\"},\"inLanguage\":\"es\",\"potentialAction\":[{\"@type\":\"ReadAction\",\"target\":[\"https:\/\/miamoncosmetics.com\/shop\/home-care-products\/divine-argan-oil\/\"]}]},{\"@type\":\"BreadcrumbList\",\"@id\":\"https:\/\/miamoncosmetics.com\/shop\/home-care-products\/divine-argan-oil\/#breadcrumb\",\"itemListElement\":[{\"@type\":\"ListItem\",\"position\":1,\"name\":\"Home\",\"item\":\"https:\/\/miamoncosmetics.com\/\"},{\"@type\":\"ListItem\",\"position\":2,\"name\":\"Shop\",\"item\":\"https:\/\/miamoncosmetics.com\/miamon-shop\/\"},{\"@type\":\"ListItem\",\"position\":3,\"name\":\"Divine Argan Oil\"}]},{\"@type\":\"WebSite\",\"@id\":\"https:\/\/miamoncosmetics.com\/#website\",\"url\":\"https:\/\/miamoncosmetics.com\/\",\"name\":\"MiaMon Cosmetics\",\"description\":\"We want you to love your hair again!\",\"publisher\":{\"@id\":\"https:\/\/miamoncosmetics.com\/#organization\"},\"potentialAction\":[{\"@type\":\"SearchAction\",\"target\":{\"@type\":\"EntryPoint\",\"urlTemplate\":\"https:\/\/miamoncosmetics.com\/?s={search_term_string}\"},\"query-input\":\"required name=search_term_string\"}],\"inLanguage\":\"es\"},{\"@type\":\"Organization\",\"@id\":\"https:\/\/miamoncosmetics.com\/#organization\",\"name\":\"Miamon Cosmetics\",\"url\":\"https:\/\/miamoncosmetics.com\/\",\"logo\":{\"@type\":\"ImageObject\",\"inLanguage\":\"es\",\"@id\":\"https:\/\/miamoncosmetics.com\/#\/schema\/logo\/image\/\",\"url\":\"https:\/\/miamoncosmetics.com\/app\/uploads\/2019\/01\/logo_m.png\",\"contentUrl\":\"https:\/\/miamoncosmetics.com\/app\/uploads\/2019\/01\/logo_m.png\",\"width\":209,\"height\":221,\"caption\":\"Miamon Cosmetics\"},\"image\":{\"@id\":\"https:\/\/miamoncosmetics.com\/#\/schema\/logo\/image\/\"},\"sameAs\":[\"https:\/\/www.facebook.com\/miamoncosmetics\",\"https:\/\/www.instagram.com\/miamoncosmetics\",\"https:\/\/www.tiktok.com\/lissexpertusa\"]}]}<\/script>\n<!-- \/ Yoast SEO Premium plugin. -->","yoast_head_json":{"title":"Divine Argan Oil - MiaMon Cosmetics","description":"Luxury Treatment with Concentrate\u00a0 Premium Argan Oil specially selected to provide unique properties. Excellent regenerator, combat the hair...","robots":{"index":"index","follow":"follow","max-snippet":"max-snippet:-1","max-image-preview":"max-image-preview:large","max-video-preview":"max-video-preview:-1"},"canonical":"https:\/\/miamoncosmetics.com\/es\/wp-json\/wp\/v2\/product\/2068","og_locale":"es_MX","og_type":"article","og_title":"Divine Argan Oil","og_description":"Luxury Treatment with Concentrate\u00a0 Premium Argan Oil specially selected to provide unique properties. Excellent regenerator, combat the hair...","og_url":"https:\/\/miamoncosmetics.com\/es\/shop\/home-care-products\/divine-argan-oil\/","og_site_name":"MiaMon Cosmetics","article_publisher":"https:\/\/www.facebook.com\/miamoncosmetics","article_modified_time":"2026-04-15T19:52:40+00:00","og_image":[{"width":2000,"height":2000,"url":"https:\/\/miamoncosmetics.com\/wp-content\/uploads\/2019\/10\/ACEITE-ARG.jpg","type":"image\/jpeg"}],"twitter_card":"summary_large_image","twitter_misc":{"Tiempo de lectura":"1 minuto"},"schema":{"@context":"https:\/\/schema.org","@graph":[{"@type":"WebPage","@id":"https:\/\/miamoncosmetics.com\/shop\/home-care-products\/divine-argan-oil\/","url":"https:\/\/miamoncosmetics.com\/shop\/home-care-products\/divine-argan-oil\/","name":"Divine Argan Oil - MiaMon Cosmetics","isPartOf":{"@id":"https:\/\/miamoncosmetics.com\/#website"},"datePublished":"2019-10-02T07:34:39+00:00","dateModified":"2026-04-15T19:52:40+00:00","description":"Luxury Treatment with Concentrate\u00a0 Premium Argan Oil specially selected to provide unique properties. Excellent regenerator, combat the hair...","breadcrumb":{"@id":"https:\/\/miamoncosmetics.com\/shop\/home-care-products\/divine-argan-oil\/#breadcrumb"},"inLanguage":"es","potentialAction":[{"@type":"ReadAction","target":["https:\/\/miamoncosmetics.com\/shop\/home-care-products\/divine-argan-oil\/"]}]},{"@type":"BreadcrumbList","@id":"https:\/\/miamoncosmetics.com\/shop\/home-care-products\/divine-argan-oil\/#breadcrumb","itemListElement":[{"@type":"ListItem","position":1,"name":"Home","item":"https:\/\/miamoncosmetics.com\/"},{"@type":"ListItem","position":2,"name":"Shop","item":"https:\/\/miamoncosmetics.com\/miamon-shop\/"},{"@type":"ListItem","position":3,"name":"Divine Argan Oil"}]},{"@type":"WebSite","@id":"https:\/\/miamoncosmetics.com\/#website","url":"https:\/\/miamoncosmetics.com\/","name":"MiaMon Cosm\u00e9ticos","description":"\u00a1Queremos que vuelvas a amar tu cabello!","publisher":{"@id":"https:\/\/miamoncosmetics.com\/#organization"},"potentialAction":[{"@type":"SearchAction","target":{"@type":"EntryPoint","urlTemplate":"https:\/\/miamoncosmetics.com\/?s={search_term_string}"},"query-input":"required name=search_term_string"}],"inLanguage":"es"},{"@type":"Organization","@id":"https:\/\/miamoncosmetics.com\/#organization","name":"Cosm\u00e9ticos Miamon","url":"https:\/\/miamoncosmetics.com\/","logo":{"@type":"ImageObject","inLanguage":"es","@id":"https:\/\/miamoncosmetics.com\/#\/schema\/logo\/image\/","url":"https:\/\/miamoncosmetics.com\/app\/uploads\/2019\/01\/logo_m.png","contentUrl":"https:\/\/miamoncosmetics.com\/app\/uploads\/2019\/01\/logo_m.png","width":209,"height":221,"caption":"Miamon Cosmetics"},"image":{"@id":"https:\/\/miamoncosmetics.com\/#\/schema\/logo\/image\/"},"sameAs":["https:\/\/www.facebook.com\/miamoncosmetics","https:\/\/www.instagram.com\/miamoncosmetics","https:\/\/www.tiktok.com\/lissexpertusa"]}]}},"_links":{"self":[{"href":"https:\/\/miamoncosmetics.com\/es\/wp-json\/wp\/v2\/product\/2068","targetHints":{"allow":["GET"]}}],"collection":[{"href":"https:\/\/miamoncosmetics.com\/es\/wp-json\/wp\/v2\/product"}],"about":[{"href":"https:\/\/miamoncosmetics.com\/es\/wp-json\/wp\/v2\/types\/product"}],"replies":[{"embeddable":true,"href":"https:\/\/miamoncosmetics.com\/es\/wp-json\/wp\/v2\/comments?post=2068"}],"wp:featuredmedia":[{"embeddable":true,"href":"https:\/\/miamoncosmetics.com\/es\/wp-json\/wp\/v2\/media\/42061"}],"wp:attachment":[{"href":"https:\/\/miamoncosmetics.com\/es\/wp-json\/wp\/v2\/media?parent=2068"}],"wp:term":[{"taxonomy":"product_brand","embeddable":true,"href":"https:\/\/miamoncosmetics.com\/es\/wp-json\/wp\/v2\/product_brand?post=2068"},{"taxonomy":"product_cat","embeddable":true,"href":"https:\/\/miamoncosmetics.com\/es\/wp-json\/wp\/v2\/product_cat?post=2068"},{"taxonomy":"product_tag","embeddable":true,"href":"https:\/\/miamoncosmetics.com\/es\/wp-json\/wp\/v2\/product_tag?post=2068"}],"curies":[{"name":"wp","href":"https:\/\/api.w.org\/{rel}","templated":true}]}}