{"id":21182,"date":"2021-05-07T14:42:17","date_gmt":"2021-05-07T18:42:17","guid":{"rendered":"https:\/\/miamoncosmetics.com\/?post_type=product&#038;p=21182"},"modified":"2026-04-11T11:30:49","modified_gmt":"2026-04-11T15:30:49","slug":"liss-expert-stem-cells-shampoo","status":"publish","type":"product","link":"https:\/\/miamoncosmetics.com\/es\/shop\/home-care-products\/liss-expert-stem-cells-shampoo\/","title":{"rendered":"Liss Expert Champ\u00fa C\u00e9lulas Madre"},"content":{"rendered":"<h3>L\u00cdNEA DE CUIDADO EN EL HOGAR DE C\u00c9LULAS MADRE<\/h3>\n<p><a href=\"https:\/\/www.instagram.com\/liss.expert.professional.usa\/\">Liss Expert<\/a> Kit de C\u00e9lulas Madre. F\u00f3rmula especialmente desarrollada con la \u00faltima tecnolog\u00eda para mantener y potenciar los tratamientos de alisado 100% libre de ingredientes de origen animal. Desarrollado para todo tipo de cabello para el cuidado diario.<\/p>\n<ul>\n<li>Champ\u00fa de C\u00e9lulas Madre sin sal: Su f\u00f3rmula sin sulfatos y sin sal limpia suavemente el cabello sin da\u00f1ar la fibra. F\u00f3rmula con arg\u00e1n y \u00e1cido hialur\u00f3nico que hidratan y suavizan aportando mayor fuerza y brillo intenso.<\/li>\n<li>Acondicionador de C\u00e9lulas Madre sin sal: El choque de hidrataci\u00f3n ayuda a eliminar el frizz, aportando suavidad, brillo y gran calidad cosm\u00e9tica. Fortalece la fibra y protege el cabello de las agresiones externas.<\/li>\n<li>Salt-free Stem Cell Leave In: Protects against heat damage, enhances shine, and repairs and restores damaged hair to prevent its break. It\u2019s for all types of hair.<\/li>\n<\/ul>\n<p>Indicado para: Todo tipo de cabello.<\/p>\n<ul>\n<li>Para obtener detalles del producto, consulte las pesta\u00f1as individuales.<\/li>\n<li>Para obtener detalles sobre los productos, consulte las pesta\u00f1as individuales.<\/li>\n<\/ul>\n<p>PRIMER TRATAMIENTO ALISADO QUE FUNCIONA A NIVEL DE C\u00c9LULAS MADRE<\/p>\n<p><a href=\"https:\/\/miamoncosmetics.com\/es\/\">Liss Expert<\/a> Stem Cells Kit es el primer Tratamiento Alisador Express que act\u00faa a nivel de c\u00e9lulas madre. Restaura la masa capilar perdida y recupera el cabello opaco de adentro hacia afuera desde la PRIMERA aplicaci\u00f3n; el cabello estar\u00e1 sano y liso durante m\u00e1s de tres meses.<\/p>\n<p>Champ\u00fa C\u00e9lulas Madre F\u00f3rmula exclusiva Sin Sulfatos y Sal desarrollada para mantener y potenciar el tratamiento suavizante de C\u00e9lulas Madre Liss Expert. Formulado con Aceite de Arg\u00e1n, \u00c1cido Hialur\u00f3nico y Col\u00e1geno aportar\u00e1 brillo y suavidad al cabello.<\/p>\n<p>Presentaci\u00f3n: 250 ml (8,45 oz).<\/p>","protected":false},"excerpt":{"rendered":"<p>Champ\u00fa Stem Cells F\u00f3rmula exclusiva sin sulfatos ni sal desarrollada para mantener y potenciar el tratamiento alisador Liss Expert Stem Cells.<\/p>","protected":false},"featured_media":63452,"comment_status":"open","ping_status":"closed","template":"","meta":[],"product_brand":[],"product_cat":[64],"product_tag":[391,395],"class_list":{"0":"post-21182","1":"product","2":"type-product","3":"status-publish","4":"has-post-thumbnail","6":"product_cat-home-care-products","7":"product_tag-8-4","8":"product_tag-stem-cells-shampoo","9":"product_shipping_class-us-flat-rate-5","10":"tm-no-options","12":"first","13":"instock","14":"taxable","15":"shipping-taxable","16":"purchasable","17":"product-type-simple"},"yoast_head":"<!-- This site is optimized with the Yoast SEO Premium plugin v20.7 (Yoast SEO v20.7) - https:\/\/yoast.com\/wordpress\/plugins\/seo\/ -->\n<title>Stem Cells Shampoo - MiaMon Cosmetics<\/title>\n<meta name=\"description\" content=\"Stem Cells Shampoo Exclusive formula Sulfate and Salt Free developed to maintain and enhance the Liss Expert Stem Cells smoothing treatment.\" \/>\n<meta name=\"robots\" content=\"index, follow, max-snippet:-1, max-image-preview:large, max-video-preview:-1\" \/>\n<link rel=\"canonical\" href=\"https:\/\/miamoncosmetics.com\/es\/wp-json\/wp\/v2\/product\/21182\" \/>\n<meta property=\"og:locale\" content=\"es_MX\" \/>\n<meta property=\"og:type\" content=\"article\" \/>\n<meta property=\"og:title\" content=\"Liss Expert Stem Cells Shampoo\" \/>\n<meta property=\"og:description\" content=\"Stem Cells Shampoo Exclusive formula Sulfate and Salt Free developed to maintain and enhance the Liss Expert Stem Cells smoothing treatment.\" \/>\n<meta property=\"og:url\" content=\"https:\/\/miamoncosmetics.com\/es\/shop\/home-care-products\/liss-expert-stem-cells-shampoo\/\" \/>\n<meta property=\"og:site_name\" content=\"MiaMon Cosmetics\" \/>\n<meta property=\"article:publisher\" content=\"https:\/\/www.facebook.com\/miamoncosmetics\" \/>\n<meta property=\"article:modified_time\" content=\"2026-04-11T15:30:49+00:00\" \/>\n<meta property=\"og:image\" content=\"https:\/\/miamoncosmetics.com\/wp-content\/uploads\/2021\/05\/SHAMPOO-IA-2025-1024x1024.png\" \/>\n\t<meta property=\"og:image:width\" content=\"1024\" \/>\n\t<meta property=\"og:image:height\" content=\"1024\" \/>\n\t<meta property=\"og:image:type\" content=\"image\/png\" \/>\n<meta name=\"twitter:card\" content=\"summary_large_image\" \/>\n<meta name=\"twitter:label1\" content=\"Tiempo de lectura\" \/>\n\t<meta name=\"twitter:data1\" content=\"2 minutos\" \/>\n<script type=\"application\/ld+json\" class=\"yoast-schema-graph\">{\"@context\":\"https:\/\/schema.org\",\"@graph\":[{\"@type\":\"WebPage\",\"@id\":\"https:\/\/miamoncosmetics.com\/shop\/home-care-products\/liss-expert-stem-cells-shampoo\/\",\"url\":\"https:\/\/miamoncosmetics.com\/shop\/home-care-products\/liss-expert-stem-cells-shampoo\/\",\"name\":\"Stem Cells Shampoo - MiaMon Cosmetics\",\"isPartOf\":{\"@id\":\"https:\/\/miamoncosmetics.com\/#website\"},\"datePublished\":\"2021-05-07T18:42:17+00:00\",\"dateModified\":\"2026-04-11T15:30:49+00:00\",\"description\":\"Stem Cells Shampoo Exclusive formula Sulfate and Salt Free developed to maintain and enhance the Liss Expert Stem Cells smoothing treatment.\",\"breadcrumb\":{\"@id\":\"https:\/\/miamoncosmetics.com\/shop\/home-care-products\/liss-expert-stem-cells-shampoo\/#breadcrumb\"},\"inLanguage\":\"es\",\"potentialAction\":[{\"@type\":\"ReadAction\",\"target\":[\"https:\/\/miamoncosmetics.com\/shop\/home-care-products\/liss-expert-stem-cells-shampoo\/\"]}]},{\"@type\":\"BreadcrumbList\",\"@id\":\"https:\/\/miamoncosmetics.com\/shop\/home-care-products\/liss-expert-stem-cells-shampoo\/#breadcrumb\",\"itemListElement\":[{\"@type\":\"ListItem\",\"position\":1,\"name\":\"Home\",\"item\":\"https:\/\/miamoncosmetics.com\/\"},{\"@type\":\"ListItem\",\"position\":2,\"name\":\"Shop\",\"item\":\"https:\/\/miamoncosmetics.com\/miamon-shop\/\"},{\"@type\":\"ListItem\",\"position\":3,\"name\":\"Liss Expert Stem Cells Shampoo\"}]},{\"@type\":\"WebSite\",\"@id\":\"https:\/\/miamoncosmetics.com\/#website\",\"url\":\"https:\/\/miamoncosmetics.com\/\",\"name\":\"MiaMon Cosmetics\",\"description\":\"We want you to love your hair again!\",\"publisher\":{\"@id\":\"https:\/\/miamoncosmetics.com\/#organization\"},\"potentialAction\":[{\"@type\":\"SearchAction\",\"target\":{\"@type\":\"EntryPoint\",\"urlTemplate\":\"https:\/\/miamoncosmetics.com\/?s={search_term_string}\"},\"query-input\":\"required name=search_term_string\"}],\"inLanguage\":\"es\"},{\"@type\":\"Organization\",\"@id\":\"https:\/\/miamoncosmetics.com\/#organization\",\"name\":\"Miamon Cosmetics\",\"url\":\"https:\/\/miamoncosmetics.com\/\",\"logo\":{\"@type\":\"ImageObject\",\"inLanguage\":\"es\",\"@id\":\"https:\/\/miamoncosmetics.com\/#\/schema\/logo\/image\/\",\"url\":\"https:\/\/miamoncosmetics.com\/app\/uploads\/2019\/01\/logo_m.png\",\"contentUrl\":\"https:\/\/miamoncosmetics.com\/app\/uploads\/2019\/01\/logo_m.png\",\"width\":209,\"height\":221,\"caption\":\"Miamon Cosmetics\"},\"image\":{\"@id\":\"https:\/\/miamoncosmetics.com\/#\/schema\/logo\/image\/\"},\"sameAs\":[\"https:\/\/www.facebook.com\/miamoncosmetics\",\"https:\/\/www.instagram.com\/miamoncosmetics\",\"https:\/\/www.tiktok.com\/lissexpertusa\"]}]}<\/script>\n<!-- \/ Yoast SEO Premium plugin. -->","yoast_head_json":{"title":"Stem Cells Shampoo - MiaMon Cosmetics","description":"Champ\u00fa Stem Cells F\u00f3rmula exclusiva sin sulfatos ni sal desarrollada para mantener y potenciar el tratamiento alisador Liss Expert Stem Cells.","robots":{"index":"index","follow":"follow","max-snippet":"max-snippet:-1","max-image-preview":"max-image-preview:large","max-video-preview":"max-video-preview:-1"},"canonical":"https:\/\/miamoncosmetics.com\/es\/wp-json\/wp\/v2\/product\/21182","og_locale":"es_MX","og_type":"article","og_title":"Liss Expert Stem Cells Shampoo","og_description":"Stem Cells Shampoo Exclusive formula Sulfate and Salt Free developed to maintain and enhance the Liss Expert Stem Cells smoothing treatment.","og_url":"https:\/\/miamoncosmetics.com\/es\/shop\/home-care-products\/liss-expert-stem-cells-shampoo\/","og_site_name":"MiaMon Cosmetics","article_publisher":"https:\/\/www.facebook.com\/miamoncosmetics","article_modified_time":"2026-04-11T15:30:49+00:00","og_image":[{"width":1024,"height":1024,"url":"https:\/\/miamoncosmetics.com\/wp-content\/uploads\/2021\/05\/SHAMPOO-IA-2025-1024x1024.png","type":"image\/png"}],"twitter_card":"summary_large_image","twitter_misc":{"Tiempo de lectura":"2 minutos"},"schema":{"@context":"https:\/\/schema.org","@graph":[{"@type":"WebPage","@id":"https:\/\/miamoncosmetics.com\/shop\/home-care-products\/liss-expert-stem-cells-shampoo\/","url":"https:\/\/miamoncosmetics.com\/shop\/home-care-products\/liss-expert-stem-cells-shampoo\/","name":"Stem Cells Shampoo - MiaMon Cosmetics","isPartOf":{"@id":"https:\/\/miamoncosmetics.com\/#website"},"datePublished":"2021-05-07T18:42:17+00:00","dateModified":"2026-04-11T15:30:49+00:00","description":"Champ\u00fa Stem Cells F\u00f3rmula exclusiva sin sulfatos ni sal desarrollada para mantener y potenciar el tratamiento alisador Liss Expert Stem Cells.","breadcrumb":{"@id":"https:\/\/miamoncosmetics.com\/shop\/home-care-products\/liss-expert-stem-cells-shampoo\/#breadcrumb"},"inLanguage":"es","potentialAction":[{"@type":"ReadAction","target":["https:\/\/miamoncosmetics.com\/shop\/home-care-products\/liss-expert-stem-cells-shampoo\/"]}]},{"@type":"BreadcrumbList","@id":"https:\/\/miamoncosmetics.com\/shop\/home-care-products\/liss-expert-stem-cells-shampoo\/#breadcrumb","itemListElement":[{"@type":"ListItem","position":1,"name":"Home","item":"https:\/\/miamoncosmetics.com\/"},{"@type":"ListItem","position":2,"name":"Shop","item":"https:\/\/miamoncosmetics.com\/miamon-shop\/"},{"@type":"ListItem","position":3,"name":"Liss Expert Stem Cells Shampoo"}]},{"@type":"WebSite","@id":"https:\/\/miamoncosmetics.com\/#website","url":"https:\/\/miamoncosmetics.com\/","name":"MiaMon Cosm\u00e9ticos","description":"\u00a1Queremos que vuelvas a amar tu cabello!","publisher":{"@id":"https:\/\/miamoncosmetics.com\/#organization"},"potentialAction":[{"@type":"SearchAction","target":{"@type":"EntryPoint","urlTemplate":"https:\/\/miamoncosmetics.com\/?s={search_term_string}"},"query-input":"required name=search_term_string"}],"inLanguage":"es"},{"@type":"Organization","@id":"https:\/\/miamoncosmetics.com\/#organization","name":"Cosm\u00e9ticos Miamon","url":"https:\/\/miamoncosmetics.com\/","logo":{"@type":"ImageObject","inLanguage":"es","@id":"https:\/\/miamoncosmetics.com\/#\/schema\/logo\/image\/","url":"https:\/\/miamoncosmetics.com\/app\/uploads\/2019\/01\/logo_m.png","contentUrl":"https:\/\/miamoncosmetics.com\/app\/uploads\/2019\/01\/logo_m.png","width":209,"height":221,"caption":"Miamon Cosmetics"},"image":{"@id":"https:\/\/miamoncosmetics.com\/#\/schema\/logo\/image\/"},"sameAs":["https:\/\/www.facebook.com\/miamoncosmetics","https:\/\/www.instagram.com\/miamoncosmetics","https:\/\/www.tiktok.com\/lissexpertusa"]}]}},"_links":{"self":[{"href":"https:\/\/miamoncosmetics.com\/es\/wp-json\/wp\/v2\/product\/21182","targetHints":{"allow":["GET"]}}],"collection":[{"href":"https:\/\/miamoncosmetics.com\/es\/wp-json\/wp\/v2\/product"}],"about":[{"href":"https:\/\/miamoncosmetics.com\/es\/wp-json\/wp\/v2\/types\/product"}],"replies":[{"embeddable":true,"href":"https:\/\/miamoncosmetics.com\/es\/wp-json\/wp\/v2\/comments?post=21182"}],"wp:featuredmedia":[{"embeddable":true,"href":"https:\/\/miamoncosmetics.com\/es\/wp-json\/wp\/v2\/media\/63452"}],"wp:attachment":[{"href":"https:\/\/miamoncosmetics.com\/es\/wp-json\/wp\/v2\/media?parent=21182"}],"wp:term":[{"taxonomy":"product_brand","embeddable":true,"href":"https:\/\/miamoncosmetics.com\/es\/wp-json\/wp\/v2\/product_brand?post=21182"},{"taxonomy":"product_cat","embeddable":true,"href":"https:\/\/miamoncosmetics.com\/es\/wp-json\/wp\/v2\/product_cat?post=21182"},{"taxonomy":"product_tag","embeddable":true,"href":"https:\/\/miamoncosmetics.com\/es\/wp-json\/wp\/v2\/product_tag?post=21182"}],"curies":[{"name":"wp","href":"https:\/\/api.w.org\/{rel}","templated":true}]}}