{"id":35584,"date":"2021-12-06T22:24:54","date_gmt":"2021-12-07T03:24:54","guid":{"rendered":"https:\/\/miamoncosmetics.com\/?post_type=product&#038;p=35584"},"modified":"2025-07-24T10:39:39","modified_gmt":"2025-07-24T14:39:39","slug":"all-you-need-in-1-pack","status":"publish","type":"product","link":"https:\/\/miamoncosmetics.com\/es\/shop\/professional-products\/liss-expert\/all-you-need-in-1-pack\/","title":{"rendered":"Paquete Liss Experto 1"},"content":{"rendered":"<h3>STEM CELLS PACK &#8211; HOME CARE LINE<\/h3>\n<p>F\u00f3rmula especialmente desarrollada con la \u00faltima tecnolog\u00eda para mantener y potenciar los tratamientos de alisado 100% libre de ingredientes de origen animal. El Pack C\u00e9lulas Madre fue desarrollado para todo tipo de cabello para el cuidado diario.<\/p>\n<ul>\n<li>Champ\u00fa de C\u00e9lulas Madre sin sal: Su f\u00f3rmula sin sulfatos y sin sal limpia suavemente el cabello sin da\u00f1ar la fibra. F\u00f3rmula con arg\u00e1n y \u00e1cido hialur\u00f3nico que hidratan y suavizan aportando mayor fuerza y brillo intenso.<\/li>\n<li>Acondicionador de C\u00e9lulas Madre sin sal: El choque de hidrataci\u00f3n ayuda a eliminar el frizz, aportando suavidad, brillo y gran calidad cosm\u00e9tica. Fortalece la fibra y protege el cabello de las agresiones externas.<\/li>\n<li>Libre de sal <a href=\"https:\/\/www.instagram.com\/liss.expert.professional.usa\/\">Liss Expert<\/a> Stem Cells Leave In \u2013 protects against heat damage, enhances shine, and repairs and restores damaged hair to prevent breakage. It\u2019s for all types of hair.<\/li>\n<\/ul>\n<p>C\u00f3mo:<\/p>\n<p>-Despu\u00e9s del champ\u00fa y el acondicionamiento, aplique una cantidad de una cuarta parte sobre el cabello limpio y secado con toalla.<br \/>\n-No enjuague.<br \/>\n-Masajear en largos y puntas.<br \/>\n-Secar con secador o al aire, luego peinar con calor como de costumbre para lograr el aspecto deseado.<\/p>\n<p>PRIMER TRATAMIENTO ALISADO QUE FUNCIONA A NIVEL DE C\u00c9LULAS MADRE<\/p>\n<p><a href=\"https:\/\/miamoncosmetics.com\/es\/\">Liss Expert<\/a> Stem Cells es el primer Tratamiento Alisador Express que act\u00faa a nivel de c\u00e9lulas madre. Restaura la masa capilar perdida y recupera el cabello opaco de adentro hacia afuera desde la PRIMERA aplicaci\u00f3n; el cabello estar\u00e1 sano y liso durante m\u00e1s de tres meses.<\/p>\n<p>Indicado para: Todo tipo de cabello.<\/p>\n<ul>\n<li>Para obtener detalles del producto, consulte las pesta\u00f1as individuales.<\/li>\n<\/ul>\n<p>Incluye:<\/p>\n<ul>\n<li>Tratamiento profesional de c\u00e9lulas madre Liss Expert (8.45 oz)<\/li>\n<li>Champ\u00fa sin sulfato de c\u00e9lulas madre Liss Expert (8.45 oz)<\/li>\n<li>Acondicionador sin sulfato de c\u00e9lulas madre Liss Expert (8.45 oz)<\/li>\n<li>Liss Expert C\u00e9lulas madre sin sulfato sin enjuague (8.45 oz)<\/li>\n<\/ul>","protected":false},"excerpt":{"rendered":"<p>Este kit incluye todo lo que tu cabello necesita para estar m\u00e1s sano, brillante y pulido. Desde el tratamiento profesional hasta los productos de cuidado completo para mantener los resultados en casa. Para obtener detalles sobre los productos, consulte las pesta\u00f1as individuales.<\/p>\n<p>&nbsp;<\/p>\n<p>&nbsp;<\/p>","protected":false},"featured_media":63436,"comment_status":"open","ping_status":"closed","template":"","meta":[],"product_brand":[],"product_cat":[63,135],"product_tag":[391,126,145,88,84,85,147,87,390,86],"class_list":{"0":"post-35584","1":"product","2":"type-product","3":"status-publish","4":"has-post-thumbnail","6":"product_cat-professional-products","7":"product_cat-liss-expert","8":"product_tag-8-4","9":"product_tag-argan","10":"product_tag-argan-oil","11":"product_tag-healthy-hair","12":"product_tag-keratin","13":"product_tag-organic-hair-treatment","14":"product_tag-recover-damaged-fiber","15":"product_tag-shinny-hair","16":"product_tag-stem-cells","17":"product_tag-straightener","18":"product_shipping_class-us-flat-rate-5","19":"tm-no-options","21":"first","22":"instock","23":"taxable","24":"shipping-taxable","25":"purchasable","26":"product-type-simple"},"yoast_head":"<!-- This site is optimized with the Yoast SEO Premium plugin v20.7 (Yoast SEO v20.7) - https:\/\/yoast.com\/wordpress\/plugins\/seo\/ -->\n<title>Stem Cells Pack - All You Need - MiaMon Cosmetics<\/title>\n<meta name=\"description\" content=\"STEM CELLS PACK - HOME CARE LINE. Formula specially developed with the latest technology to maintain and enhance straightening treatments.\" \/>\n<meta name=\"robots\" content=\"index, follow, max-snippet:-1, max-image-preview:large, max-video-preview:-1\" \/>\n<link rel=\"canonical\" href=\"https:\/\/miamoncosmetics.com\/es\/wp-json\/wp\/v2\/product\/35584\" \/>\n<meta property=\"og:locale\" content=\"es_MX\" \/>\n<meta property=\"og:type\" content=\"article\" \/>\n<meta property=\"og:title\" content=\"Liss Expert Pack 1\" \/>\n<meta property=\"og:description\" content=\"STEM CELLS PACK - HOME CARE LINE. Formula specially developed with the latest technology to maintain and enhance straightening treatments.\" \/>\n<meta property=\"og:url\" content=\"https:\/\/miamoncosmetics.com\/es\/shop\/professional-products\/liss-expert\/all-you-need-in-1-pack\/\" \/>\n<meta property=\"og:site_name\" content=\"MiaMon Cosmetics\" \/>\n<meta property=\"article:publisher\" content=\"https:\/\/www.facebook.com\/miamoncosmetics\" \/>\n<meta property=\"article:modified_time\" content=\"2025-07-24T14:39:39+00:00\" \/>\n<meta property=\"og:image\" content=\"https:\/\/miamoncosmetics.com\/wp-content\/uploads\/2023\/02\/Liss-Expert-Pack-1.png\" \/>\n\t<meta property=\"og:image:width\" content=\"1080\" \/>\n\t<meta property=\"og:image:height\" content=\"1080\" \/>\n\t<meta property=\"og:image:type\" content=\"image\/png\" \/>\n<meta name=\"twitter:card\" content=\"summary_large_image\" \/>\n<meta name=\"twitter:label1\" content=\"Tiempo de lectura\" \/>\n\t<meta name=\"twitter:data1\" content=\"2 minutos\" \/>\n<script type=\"application\/ld+json\" class=\"yoast-schema-graph\">{\"@context\":\"https:\/\/schema.org\",\"@graph\":[{\"@type\":\"WebPage\",\"@id\":\"https:\/\/miamoncosmetics.com\/shop\/professional-products\/liss-expert\/all-you-need-in-1-pack\/\",\"url\":\"https:\/\/miamoncosmetics.com\/shop\/professional-products\/liss-expert\/all-you-need-in-1-pack\/\",\"name\":\"Stem Cells Pack - All You Need - MiaMon Cosmetics\",\"isPartOf\":{\"@id\":\"https:\/\/miamoncosmetics.com\/#website\"},\"datePublished\":\"2021-12-07T03:24:54+00:00\",\"dateModified\":\"2025-07-24T14:39:39+00:00\",\"description\":\"STEM CELLS PACK - HOME CARE LINE. Formula specially developed with the latest technology to maintain and enhance straightening treatments.\",\"breadcrumb\":{\"@id\":\"https:\/\/miamoncosmetics.com\/shop\/professional-products\/liss-expert\/all-you-need-in-1-pack\/#breadcrumb\"},\"inLanguage\":\"es\",\"potentialAction\":[{\"@type\":\"ReadAction\",\"target\":[\"https:\/\/miamoncosmetics.com\/shop\/professional-products\/liss-expert\/all-you-need-in-1-pack\/\"]}]},{\"@type\":\"BreadcrumbList\",\"@id\":\"https:\/\/miamoncosmetics.com\/shop\/professional-products\/liss-expert\/all-you-need-in-1-pack\/#breadcrumb\",\"itemListElement\":[{\"@type\":\"ListItem\",\"position\":1,\"name\":\"Home\",\"item\":\"https:\/\/miamoncosmetics.com\/\"},{\"@type\":\"ListItem\",\"position\":2,\"name\":\"Shop\",\"item\":\"https:\/\/miamoncosmetics.com\/miamon-shop\/\"},{\"@type\":\"ListItem\",\"position\":3,\"name\":\"Liss Expert Pack 1\"}]},{\"@type\":\"WebSite\",\"@id\":\"https:\/\/miamoncosmetics.com\/#website\",\"url\":\"https:\/\/miamoncosmetics.com\/\",\"name\":\"MiaMon Cosmetics\",\"description\":\"We want you to love your hair again!\",\"publisher\":{\"@id\":\"https:\/\/miamoncosmetics.com\/#organization\"},\"potentialAction\":[{\"@type\":\"SearchAction\",\"target\":{\"@type\":\"EntryPoint\",\"urlTemplate\":\"https:\/\/miamoncosmetics.com\/?s={search_term_string}\"},\"query-input\":\"required name=search_term_string\"}],\"inLanguage\":\"es\"},{\"@type\":\"Organization\",\"@id\":\"https:\/\/miamoncosmetics.com\/#organization\",\"name\":\"Miamon Cosmetics\",\"url\":\"https:\/\/miamoncosmetics.com\/\",\"logo\":{\"@type\":\"ImageObject\",\"inLanguage\":\"es\",\"@id\":\"https:\/\/miamoncosmetics.com\/#\/schema\/logo\/image\/\",\"url\":\"https:\/\/miamoncosmetics.com\/app\/uploads\/2019\/01\/logo_m.png\",\"contentUrl\":\"https:\/\/miamoncosmetics.com\/app\/uploads\/2019\/01\/logo_m.png\",\"width\":209,\"height\":221,\"caption\":\"Miamon Cosmetics\"},\"image\":{\"@id\":\"https:\/\/miamoncosmetics.com\/#\/schema\/logo\/image\/\"},\"sameAs\":[\"https:\/\/www.facebook.com\/miamoncosmetics\",\"https:\/\/www.instagram.com\/miamoncosmetics\",\"https:\/\/www.tiktok.com\/lissexpertusa\"]}]}<\/script>\n<!-- \/ Yoast SEO Premium plugin. -->","yoast_head_json":{"title":"Stem Cells Pack - All You Need - MiaMon Cosmetics","description":"STEM CELLS PACK - HOME CARE LINE. Formula specially developed with the latest technology to maintain and enhance straightening treatments.","robots":{"index":"index","follow":"follow","max-snippet":"max-snippet:-1","max-image-preview":"max-image-preview:large","max-video-preview":"max-video-preview:-1"},"canonical":"https:\/\/miamoncosmetics.com\/es\/wp-json\/wp\/v2\/product\/35584","og_locale":"es_MX","og_type":"article","og_title":"Liss Expert Pack 1","og_description":"STEM CELLS PACK - HOME CARE LINE. Formula specially developed with the latest technology to maintain and enhance straightening treatments.","og_url":"https:\/\/miamoncosmetics.com\/es\/shop\/professional-products\/liss-expert\/all-you-need-in-1-pack\/","og_site_name":"MiaMon Cosmetics","article_publisher":"https:\/\/www.facebook.com\/miamoncosmetics","article_modified_time":"2025-07-24T14:39:39+00:00","og_image":[{"width":1080,"height":1080,"url":"https:\/\/miamoncosmetics.com\/wp-content\/uploads\/2023\/02\/Liss-Expert-Pack-1.png","type":"image\/png"}],"twitter_card":"summary_large_image","twitter_misc":{"Tiempo de lectura":"2 minutos"},"schema":{"@context":"https:\/\/schema.org","@graph":[{"@type":"WebPage","@id":"https:\/\/miamoncosmetics.com\/shop\/professional-products\/liss-expert\/all-you-need-in-1-pack\/","url":"https:\/\/miamoncosmetics.com\/shop\/professional-products\/liss-expert\/all-you-need-in-1-pack\/","name":"Stem Cells Pack - All You Need - MiaMon Cosmetics","isPartOf":{"@id":"https:\/\/miamoncosmetics.com\/#website"},"datePublished":"2021-12-07T03:24:54+00:00","dateModified":"2025-07-24T14:39:39+00:00","description":"STEM CELLS PACK - HOME CARE LINE. Formula specially developed with the latest technology to maintain and enhance straightening treatments.","breadcrumb":{"@id":"https:\/\/miamoncosmetics.com\/shop\/professional-products\/liss-expert\/all-you-need-in-1-pack\/#breadcrumb"},"inLanguage":"es","potentialAction":[{"@type":"ReadAction","target":["https:\/\/miamoncosmetics.com\/shop\/professional-products\/liss-expert\/all-you-need-in-1-pack\/"]}]},{"@type":"BreadcrumbList","@id":"https:\/\/miamoncosmetics.com\/shop\/professional-products\/liss-expert\/all-you-need-in-1-pack\/#breadcrumb","itemListElement":[{"@type":"ListItem","position":1,"name":"Home","item":"https:\/\/miamoncosmetics.com\/"},{"@type":"ListItem","position":2,"name":"Shop","item":"https:\/\/miamoncosmetics.com\/miamon-shop\/"},{"@type":"ListItem","position":3,"name":"Liss Expert Pack 1"}]},{"@type":"WebSite","@id":"https:\/\/miamoncosmetics.com\/#website","url":"https:\/\/miamoncosmetics.com\/","name":"MiaMon Cosm\u00e9ticos","description":"\u00a1Queremos que vuelvas a amar tu cabello!","publisher":{"@id":"https:\/\/miamoncosmetics.com\/#organization"},"potentialAction":[{"@type":"SearchAction","target":{"@type":"EntryPoint","urlTemplate":"https:\/\/miamoncosmetics.com\/?s={search_term_string}"},"query-input":"required name=search_term_string"}],"inLanguage":"es"},{"@type":"Organization","@id":"https:\/\/miamoncosmetics.com\/#organization","name":"Cosm\u00e9ticos Miamon","url":"https:\/\/miamoncosmetics.com\/","logo":{"@type":"ImageObject","inLanguage":"es","@id":"https:\/\/miamoncosmetics.com\/#\/schema\/logo\/image\/","url":"https:\/\/miamoncosmetics.com\/app\/uploads\/2019\/01\/logo_m.png","contentUrl":"https:\/\/miamoncosmetics.com\/app\/uploads\/2019\/01\/logo_m.png","width":209,"height":221,"caption":"Miamon Cosmetics"},"image":{"@id":"https:\/\/miamoncosmetics.com\/#\/schema\/logo\/image\/"},"sameAs":["https:\/\/www.facebook.com\/miamoncosmetics","https:\/\/www.instagram.com\/miamoncosmetics","https:\/\/www.tiktok.com\/lissexpertusa"]}]}},"_links":{"self":[{"href":"https:\/\/miamoncosmetics.com\/es\/wp-json\/wp\/v2\/product\/35584","targetHints":{"allow":["GET"]}}],"collection":[{"href":"https:\/\/miamoncosmetics.com\/es\/wp-json\/wp\/v2\/product"}],"about":[{"href":"https:\/\/miamoncosmetics.com\/es\/wp-json\/wp\/v2\/types\/product"}],"replies":[{"embeddable":true,"href":"https:\/\/miamoncosmetics.com\/es\/wp-json\/wp\/v2\/comments?post=35584"}],"wp:featuredmedia":[{"embeddable":true,"href":"https:\/\/miamoncosmetics.com\/es\/wp-json\/wp\/v2\/media\/63436"}],"wp:attachment":[{"href":"https:\/\/miamoncosmetics.com\/es\/wp-json\/wp\/v2\/media?parent=35584"}],"wp:term":[{"taxonomy":"product_brand","embeddable":true,"href":"https:\/\/miamoncosmetics.com\/es\/wp-json\/wp\/v2\/product_brand?post=35584"},{"taxonomy":"product_cat","embeddable":true,"href":"https:\/\/miamoncosmetics.com\/es\/wp-json\/wp\/v2\/product_cat?post=35584"},{"taxonomy":"product_tag","embeddable":true,"href":"https:\/\/miamoncosmetics.com\/es\/wp-json\/wp\/v2\/product_tag?post=35584"}],"curies":[{"name":"wp","href":"https:\/\/api.w.org\/{rel}","templated":true}]}}