{"id":35589,"date":"2021-12-06T22:38:55","date_gmt":"2021-12-07T03:38:55","guid":{"rendered":"https:\/\/miamoncosmetics.com\/?post_type=product&#038;p=35589"},"modified":"2025-07-24T10:38:09","modified_gmt":"2025-07-24T14:38:09","slug":"liss-expert-leave-in","status":"publish","type":"product","link":"https:\/\/miamoncosmetics.com\/es\/shop\/home-care-products\/liss-expert-leave-in\/","title":{"rendered":"Liss Expert Leave in Serum"},"content":{"rendered":"<p><a href=\"https:\/\/www.instagram.com\/liss.expert.professional.usa\/\">Liss Expert<\/a> Stem Cells Leave In \u2013 protects against heat damage, enhances shine, and repairs and restores damaged hair to prevent breakage. It\u2019s for all types of hair.<\/p>\n<p>C\u00f3mo:<\/p>\n<p>-Despu\u00e9s del champ\u00fa y el acondicionamiento, aplique una cantidad de una cuarta parte sobre el cabello limpio y secado con toalla.<br \/>\n-No enjuague.<br \/>\n-Masajear en largos y puntas.<br \/>\n-Secar con secador o al aire, luego peinar con calor como de costumbre para lograr el aspecto deseado.<\/p>\n<p>PRIMER TRATAMIENTO ALISADO QUE FUNCIONA A NIVEL DE C\u00c9LULAS MADRE<\/p>\n<p><a href=\"https:\/\/miamoncosmetics.com\/es\/\">Liss Expert<\/a> Stem Cells es el primer Tratamiento Alisador Express que act\u00faa a nivel de c\u00e9lulas madre. Con un fuerte poder regenerador, restaura la masa capilar perdida por agresiones externas o procesos qu\u00edmicos capilares y recupera el cabello opaco de adentro hacia afuera desde la PRIMERA aplicaci\u00f3n; el cabello quedar\u00e1 sano, pulido, liso y sin frizz durante m\u00e1s de tres meses.<\/p>\n<p>&nbsp;<\/p>\n<p>Liss Expert Stem Cells Leave In: protege contra el da\u00f1o por calor, mejora el brillo y repara y restaura el cabello da\u00f1ado para evitar que se rompa. Es para todo tipo de cabello.<\/p>\n<p>C\u00f3mo usarlo:<\/p>\n<p>-Despu\u00e9s del champ\u00fa y acondicionador, aplique una cantidad de un cuarto de tama\u00f1o sobre el cabello limpio y secado con toalla.<\/p>\n<p>-No enjuague.<\/p>\n<p>-Masaje en largos y puntas.<\/p>\n<p>-Seque con secadora o al aire, luego aplique calor como de costumbre para lograr el peinado deseado.<\/p>","protected":false},"excerpt":{"rendered":"<p>Liss Expert Stem Cells Leave In: protege contra el da\u00f1o por calor, mejora el brillo y repara y restaura el cabello da\u00f1ado para evitar que se rompa. Es para todo tipo de cabello.<\/p>\n<p>&nbsp;<\/p>","protected":false},"featured_media":63450,"comment_status":"open","ping_status":"closed","template":"","meta":[],"product_brand":[],"product_cat":[64],"product_tag":[391,393],"class_list":{"0":"post-35589","1":"product","2":"type-product","3":"status-publish","4":"has-post-thumbnail","6":"product_cat-home-care-products","7":"product_tag-8-4","8":"product_tag-stem-cells-leave-in","9":"product_shipping_class-us-flat-rate-5","10":"tm-no-options","12":"first","13":"instock","14":"taxable","15":"shipping-taxable","16":"purchasable","17":"product-type-simple"},"yoast_head":"<!-- This site is optimized with the Yoast SEO Premium plugin v20.7 (Yoast SEO v20.7) - https:\/\/yoast.com\/wordpress\/plugins\/seo\/ -->\n<title>Liss Expert Leave in Serum - MiaMon Cosmetics<\/title>\n<meta name=\"description\" content=\"Liss Expert Stem Cells Leave In \u2013 protects against heat damage, enhances shine, and repairs and restores damaged hair to prevent breakage.\" \/>\n<meta name=\"robots\" content=\"index, follow, max-snippet:-1, max-image-preview:large, max-video-preview:-1\" \/>\n<link rel=\"canonical\" href=\"https:\/\/miamoncosmetics.com\/es\/wp-json\/wp\/v2\/product\/35589\" \/>\n<meta property=\"og:locale\" content=\"es_MX\" \/>\n<meta property=\"og:type\" content=\"article\" \/>\n<meta property=\"og:title\" content=\"Liss Expert Leave in Serum\" \/>\n<meta property=\"og:description\" content=\"Liss Expert Stem Cells Leave In \u2013 protects against heat damage, enhances shine, and repairs and restores damaged hair to prevent breakage.\" \/>\n<meta property=\"og:url\" content=\"https:\/\/miamoncosmetics.com\/es\/shop\/home-care-products\/liss-expert-leave-in\/\" \/>\n<meta property=\"og:site_name\" content=\"MiaMon Cosmetics\" \/>\n<meta property=\"article:publisher\" content=\"https:\/\/www.facebook.com\/miamoncosmetics\" \/>\n<meta property=\"article:modified_time\" content=\"2025-07-24T14:38:09+00:00\" \/>\n<meta property=\"og:image\" content=\"https:\/\/miamoncosmetics.com\/wp-content\/uploads\/2021\/12\/LEAVE-IN-SERUM-IA-1-1024x1024.png\" \/>\n\t<meta property=\"og:image:width\" content=\"1024\" \/>\n\t<meta property=\"og:image:height\" content=\"1024\" \/>\n\t<meta property=\"og:image:type\" content=\"image\/png\" \/>\n<meta name=\"twitter:card\" content=\"summary_large_image\" \/>\n<meta name=\"twitter:label1\" content=\"Tiempo de lectura\" \/>\n\t<meta name=\"twitter:data1\" content=\"1 minuto\" \/>\n<script type=\"application\/ld+json\" class=\"yoast-schema-graph\">{\"@context\":\"https:\/\/schema.org\",\"@graph\":[{\"@type\":\"WebPage\",\"@id\":\"https:\/\/miamoncosmetics.com\/shop\/home-care-products\/liss-expert-leave-in\/\",\"url\":\"https:\/\/miamoncosmetics.com\/shop\/home-care-products\/liss-expert-leave-in\/\",\"name\":\"Liss Expert Leave in Serum - MiaMon Cosmetics\",\"isPartOf\":{\"@id\":\"https:\/\/miamoncosmetics.com\/#website\"},\"datePublished\":\"2021-12-07T03:38:55+00:00\",\"dateModified\":\"2025-07-24T14:38:09+00:00\",\"description\":\"Liss Expert Stem Cells Leave In \u2013 protects against heat damage, enhances shine, and repairs and restores damaged hair to prevent breakage.\",\"breadcrumb\":{\"@id\":\"https:\/\/miamoncosmetics.com\/shop\/home-care-products\/liss-expert-leave-in\/#breadcrumb\"},\"inLanguage\":\"es\",\"potentialAction\":[{\"@type\":\"ReadAction\",\"target\":[\"https:\/\/miamoncosmetics.com\/shop\/home-care-products\/liss-expert-leave-in\/\"]}]},{\"@type\":\"BreadcrumbList\",\"@id\":\"https:\/\/miamoncosmetics.com\/shop\/home-care-products\/liss-expert-leave-in\/#breadcrumb\",\"itemListElement\":[{\"@type\":\"ListItem\",\"position\":1,\"name\":\"Home\",\"item\":\"https:\/\/miamoncosmetics.com\/\"},{\"@type\":\"ListItem\",\"position\":2,\"name\":\"Shop\",\"item\":\"https:\/\/miamoncosmetics.com\/miamon-shop\/\"},{\"@type\":\"ListItem\",\"position\":3,\"name\":\"Liss Expert Leave in Serum\"}]},{\"@type\":\"WebSite\",\"@id\":\"https:\/\/miamoncosmetics.com\/#website\",\"url\":\"https:\/\/miamoncosmetics.com\/\",\"name\":\"MiaMon Cosmetics\",\"description\":\"We want you to love your hair again!\",\"publisher\":{\"@id\":\"https:\/\/miamoncosmetics.com\/#organization\"},\"potentialAction\":[{\"@type\":\"SearchAction\",\"target\":{\"@type\":\"EntryPoint\",\"urlTemplate\":\"https:\/\/miamoncosmetics.com\/?s={search_term_string}\"},\"query-input\":\"required name=search_term_string\"}],\"inLanguage\":\"es\"},{\"@type\":\"Organization\",\"@id\":\"https:\/\/miamoncosmetics.com\/#organization\",\"name\":\"Miamon Cosmetics\",\"url\":\"https:\/\/miamoncosmetics.com\/\",\"logo\":{\"@type\":\"ImageObject\",\"inLanguage\":\"es\",\"@id\":\"https:\/\/miamoncosmetics.com\/#\/schema\/logo\/image\/\",\"url\":\"https:\/\/miamoncosmetics.com\/app\/uploads\/2019\/01\/logo_m.png\",\"contentUrl\":\"https:\/\/miamoncosmetics.com\/app\/uploads\/2019\/01\/logo_m.png\",\"width\":209,\"height\":221,\"caption\":\"Miamon Cosmetics\"},\"image\":{\"@id\":\"https:\/\/miamoncosmetics.com\/#\/schema\/logo\/image\/\"},\"sameAs\":[\"https:\/\/www.facebook.com\/miamoncosmetics\",\"https:\/\/www.instagram.com\/miamoncosmetics\",\"https:\/\/www.tiktok.com\/lissexpertusa\"]}]}<\/script>\n<!-- \/ Yoast SEO Premium plugin. -->","yoast_head_json":{"title":"Liss Expert Leave in Serum - MiaMon Cosmetics","description":"Liss Expert Stem Cells Leave In \u2013 protects against heat damage, enhances shine, and repairs and restores damaged hair to prevent breakage.","robots":{"index":"index","follow":"follow","max-snippet":"max-snippet:-1","max-image-preview":"max-image-preview:large","max-video-preview":"max-video-preview:-1"},"canonical":"https:\/\/miamoncosmetics.com\/es\/wp-json\/wp\/v2\/product\/35589","og_locale":"es_MX","og_type":"article","og_title":"Liss Expert Leave in Serum","og_description":"Liss Expert Stem Cells Leave In \u2013 protects against heat damage, enhances shine, and repairs and restores damaged hair to prevent breakage.","og_url":"https:\/\/miamoncosmetics.com\/es\/shop\/home-care-products\/liss-expert-leave-in\/","og_site_name":"MiaMon Cosmetics","article_publisher":"https:\/\/www.facebook.com\/miamoncosmetics","article_modified_time":"2025-07-24T14:38:09+00:00","og_image":[{"width":1024,"height":1024,"url":"https:\/\/miamoncosmetics.com\/wp-content\/uploads\/2021\/12\/LEAVE-IN-SERUM-IA-1-1024x1024.png","type":"image\/png"}],"twitter_card":"summary_large_image","twitter_misc":{"Tiempo de lectura":"1 minuto"},"schema":{"@context":"https:\/\/schema.org","@graph":[{"@type":"WebPage","@id":"https:\/\/miamoncosmetics.com\/shop\/home-care-products\/liss-expert-leave-in\/","url":"https:\/\/miamoncosmetics.com\/shop\/home-care-products\/liss-expert-leave-in\/","name":"Liss Expert Leave in Serum - MiaMon Cosmetics","isPartOf":{"@id":"https:\/\/miamoncosmetics.com\/#website"},"datePublished":"2021-12-07T03:38:55+00:00","dateModified":"2025-07-24T14:38:09+00:00","description":"Liss Expert Stem Cells Leave In \u2013 protects against heat damage, enhances shine, and repairs and restores damaged hair to prevent breakage.","breadcrumb":{"@id":"https:\/\/miamoncosmetics.com\/shop\/home-care-products\/liss-expert-leave-in\/#breadcrumb"},"inLanguage":"es","potentialAction":[{"@type":"ReadAction","target":["https:\/\/miamoncosmetics.com\/shop\/home-care-products\/liss-expert-leave-in\/"]}]},{"@type":"BreadcrumbList","@id":"https:\/\/miamoncosmetics.com\/shop\/home-care-products\/liss-expert-leave-in\/#breadcrumb","itemListElement":[{"@type":"ListItem","position":1,"name":"Home","item":"https:\/\/miamoncosmetics.com\/"},{"@type":"ListItem","position":2,"name":"Shop","item":"https:\/\/miamoncosmetics.com\/miamon-shop\/"},{"@type":"ListItem","position":3,"name":"Liss Expert Leave in Serum"}]},{"@type":"WebSite","@id":"https:\/\/miamoncosmetics.com\/#website","url":"https:\/\/miamoncosmetics.com\/","name":"MiaMon Cosm\u00e9ticos","description":"\u00a1Queremos que vuelvas a amar tu cabello!","publisher":{"@id":"https:\/\/miamoncosmetics.com\/#organization"},"potentialAction":[{"@type":"SearchAction","target":{"@type":"EntryPoint","urlTemplate":"https:\/\/miamoncosmetics.com\/?s={search_term_string}"},"query-input":"required name=search_term_string"}],"inLanguage":"es"},{"@type":"Organization","@id":"https:\/\/miamoncosmetics.com\/#organization","name":"Cosm\u00e9ticos Miamon","url":"https:\/\/miamoncosmetics.com\/","logo":{"@type":"ImageObject","inLanguage":"es","@id":"https:\/\/miamoncosmetics.com\/#\/schema\/logo\/image\/","url":"https:\/\/miamoncosmetics.com\/app\/uploads\/2019\/01\/logo_m.png","contentUrl":"https:\/\/miamoncosmetics.com\/app\/uploads\/2019\/01\/logo_m.png","width":209,"height":221,"caption":"Miamon Cosmetics"},"image":{"@id":"https:\/\/miamoncosmetics.com\/#\/schema\/logo\/image\/"},"sameAs":["https:\/\/www.facebook.com\/miamoncosmetics","https:\/\/www.instagram.com\/miamoncosmetics","https:\/\/www.tiktok.com\/lissexpertusa"]}]}},"_links":{"self":[{"href":"https:\/\/miamoncosmetics.com\/es\/wp-json\/wp\/v2\/product\/35589","targetHints":{"allow":["GET"]}}],"collection":[{"href":"https:\/\/miamoncosmetics.com\/es\/wp-json\/wp\/v2\/product"}],"about":[{"href":"https:\/\/miamoncosmetics.com\/es\/wp-json\/wp\/v2\/types\/product"}],"replies":[{"embeddable":true,"href":"https:\/\/miamoncosmetics.com\/es\/wp-json\/wp\/v2\/comments?post=35589"}],"wp:featuredmedia":[{"embeddable":true,"href":"https:\/\/miamoncosmetics.com\/es\/wp-json\/wp\/v2\/media\/63450"}],"wp:attachment":[{"href":"https:\/\/miamoncosmetics.com\/es\/wp-json\/wp\/v2\/media?parent=35589"}],"wp:term":[{"taxonomy":"product_brand","embeddable":true,"href":"https:\/\/miamoncosmetics.com\/es\/wp-json\/wp\/v2\/product_brand?post=35589"},{"taxonomy":"product_cat","embeddable":true,"href":"https:\/\/miamoncosmetics.com\/es\/wp-json\/wp\/v2\/product_cat?post=35589"},{"taxonomy":"product_tag","embeddable":true,"href":"https:\/\/miamoncosmetics.com\/es\/wp-json\/wp\/v2\/product_tag?post=35589"}],"curies":[{"name":"wp","href":"https:\/\/api.w.org\/{rel}","templated":true}]}}