{"id":36003,"date":"2022-01-03T23:32:47","date_gmt":"2022-01-04T04:32:47","guid":{"rendered":"https:\/\/miamoncosmetics.com\/?post_type=product&#038;p=36003"},"modified":"2026-03-13T12:53:45","modified_gmt":"2026-03-13T16:53:45","slug":"stem-vegan-enhancer-duo-pack-kit-8-45-oz","status":"publish","type":"product","link":"https:\/\/miamoncosmetics.com\/es\/shop\/professional-products\/stem-vegan-enhancer-duo-pack-kit-8-45-oz\/","title":{"rendered":"Stem-Vegan PACK 2 (8.45 oz)"},"content":{"rendered":"<p><span class=\"a-list-item\">The Stem-Vegan ENHANCER DUO PACK Provides smooth, frizz-free hair for up to 12 weeks. \u2705<\/span>\ud83c\udf3f Its unique technology contains select organic oils with antioxidants, toning, and strengthening action, ensuring long-lasting professional results.<\/p>\n<p>El Stem-Vegan ENHANCER DUO PACK 8.45 oz es un kit completo que incluye:<\/p>\n<ul>\n<li>1 <a href=\"https:\/\/miamoncosmetics.com\/es\/shop\/professional-products\/liss-expert\/liss-expert-treatment\/\">Tratamiento profesional con c\u00e9lulas madre<\/a> (8,45 onzas)<\/li>\n<li>1 <a href=\"https:\/\/www.instagram.com\/liss.expert.professional.usa\/\">Liss Expert<\/a> Tratamiento Profesional Vegano (8.45 oz)<\/li>\n<li>1 champ\u00fa sin sulfato (8,45 oz)<\/li>\n<li>1 acondicionador (8,45 onzas)<\/li>\n<li>1 dejar actuar (8,45 oz)<\/li>\n<li>1 Aceite de Arg\u00e1n Divino<\/li>\n<\/ul>\n<p>Hair Smoothing Treatment &#8211; The Stem-Vegan ENHANCER DUO PACK is a treatment within the Liss Expert Line.<\/p>\n<h3>Vegan Hair Treatment &#8211; FAST AND EASY APPLICATION<\/h3>\n<ol>\n<li>Aplica Liss Expert Vegan, y satura bien todo el cabello para que al pasar el peine se deslice con facilidad.<\/li>\n<li>Tiempo de procesamiento 45 min.<\/li>\n<li>Aclarar con abundante agua y secar 100% con secador de pelo.<\/li>\n<li>Plancha.<\/li>\n<\/ol>\n<h3>L\u00cdNEA DE CUIDADO EN EL HOGAR DE C\u00c9LULAS MADRE<\/h3>\n<p>F\u00f3rmula especialmente desarrollada con la \u00faltima tecnolog\u00eda para mantener y potenciar los tratamientos de alisado 100% libre de ingredientes de origen animal. Desarrollado para todo tipo de cabello para el cuidado diario.<\/p>\n<ul>\n<li>Champ\u00fa de C\u00e9lulas Madre sin sal: Su f\u00f3rmula sin sulfatos y sin sal limpia suavemente el cabello sin da\u00f1ar la fibra. F\u00f3rmula con arg\u00e1n y \u00e1cido hialur\u00f3nico que hidratan y suavizan aportando mayor fuerza y brillo intenso.<\/li>\n<li>Acondicionador de C\u00e9lulas Madre sin sal: El choque de hidrataci\u00f3n ayuda a eliminar el frizz, aportando suavidad, brillo y gran calidad cosm\u00e9tica. Fortalece la fibra y protege el cabello de las agresiones externas.<\/li>\n<li>Salt-free Stem Cell Leave In: Protects against heat damage, enhances shine, and repairs and restores damaged hair to prevent its break. It\u2019s for all types of hair.<\/li>\n<\/ul>\n<p>Indicado para: Todo tipo de cabello.<\/p>\n<ul>\n<li>Para obtener detalles del producto, consulte las pesta\u00f1as individuales.<\/li>\n<li>Para obtener detalles sobre los productos, consulte las pesta\u00f1as individuales.<\/li>\n<\/ul>\n<p>&nbsp;<\/p>\n<p>&nbsp;<\/p>","protected":false},"excerpt":{"rendered":"<p>Este kit incluye todo lo que tu cabello necesita para estar m\u00e1s sano, brillante y pulido; desde el tratamiento profesional hasta los productos de cuidado completo para mantener los resultados en casa.<\/p>\n<p>&nbsp;<\/p>\n<p>&nbsp;<\/p>","protected":false},"featured_media":63445,"comment_status":"open","ping_status":"closed","template":"","meta":[],"product_brand":[],"product_cat":[63],"product_tag":[391,390,392],"class_list":{"0":"post-36003","1":"product","2":"type-product","3":"status-publish","4":"has-post-thumbnail","6":"product_cat-professional-products","7":"product_tag-8-4","8":"product_tag-stem-cells","9":"product_tag-stem-vegan","10":"product_shipping_class-us-flat-rate-5","11":"tm-no-options","13":"first","14":"outofstock","15":"taxable","16":"shipping-taxable","17":"purchasable","18":"product-type-simple"},"yoast_head":"<!-- This site is optimized with the Yoast SEO Premium plugin v20.7 (Yoast SEO v20.7) - https:\/\/yoast.com\/wordpress\/plugins\/seo\/ -->\n<title>Stem-Vegan PACK 2 (8.45 oz) - MiaMon Cosmetics<\/title>\n<meta name=\"description\" content=\"Stem-Vegan ENHANCER DUO PACK is a straightening system that works from the stem cell returning the hair mass lost due to external aggression.\" \/>\n<meta name=\"robots\" content=\"index, follow, max-snippet:-1, max-image-preview:large, max-video-preview:-1\" \/>\n<link rel=\"canonical\" href=\"https:\/\/miamoncosmetics.com\/es\/wp-json\/wp\/v2\/product\/36003\" \/>\n<meta property=\"og:locale\" content=\"es_MX\" \/>\n<meta property=\"og:type\" content=\"article\" \/>\n<meta property=\"og:title\" content=\"Stem-Vegan PACK 2 (8.45 oz)\" \/>\n<meta property=\"og:description\" content=\"Stem-Vegan ENHANCER DUO PACK is a straightening system that works from the stem cell returning the hair mass lost due to external aggression.\" \/>\n<meta property=\"og:url\" content=\"https:\/\/miamoncosmetics.com\/es\/shop\/professional-products\/stem-vegan-enhancer-duo-pack-kit-8-45-oz\/\" \/>\n<meta property=\"og:site_name\" content=\"MiaMon Cosmetics\" \/>\n<meta property=\"article:publisher\" content=\"https:\/\/www.facebook.com\/miamoncosmetics\" \/>\n<meta property=\"article:modified_time\" content=\"2026-03-13T16:53:45+00:00\" \/>\n<meta property=\"og:image\" content=\"https:\/\/miamoncosmetics.com\/wp-content\/uploads\/2022\/01\/Stem-Vegan-PACK-2-8.45-oz.png\" \/>\n\t<meta property=\"og:image:width\" content=\"1080\" \/>\n\t<meta property=\"og:image:height\" content=\"1080\" \/>\n\t<meta property=\"og:image:type\" content=\"image\/png\" \/>\n<meta name=\"twitter:card\" content=\"summary_large_image\" \/>\n<meta name=\"twitter:label1\" content=\"Tiempo de lectura\" \/>\n\t<meta name=\"twitter:data1\" content=\"2 minutos\" \/>\n<script type=\"application\/ld+json\" class=\"yoast-schema-graph\">{\"@context\":\"https:\/\/schema.org\",\"@graph\":[{\"@type\":[\"WebPage\",\"ItemPage\"],\"@id\":\"https:\/\/miamoncosmetics.com\/shop\/professional-products\/stem-vegan-enhancer-duo-pack-kit-8-45-oz\/\",\"url\":\"https:\/\/miamoncosmetics.com\/shop\/professional-products\/stem-vegan-enhancer-duo-pack-kit-8-45-oz\/\",\"name\":\"Stem-Vegan PACK 2 (8.45 oz) - MiaMon Cosmetics\",\"isPartOf\":{\"@id\":\"https:\/\/miamoncosmetics.com\/#website\"},\"datePublished\":\"2022-01-04T04:32:47+00:00\",\"dateModified\":\"2026-03-13T16:53:45+00:00\",\"description\":\"Stem-Vegan ENHANCER DUO PACK is a straightening system that works from the stem cell returning the hair mass lost due to external aggression.\",\"breadcrumb\":{\"@id\":\"https:\/\/miamoncosmetics.com\/shop\/professional-products\/stem-vegan-enhancer-duo-pack-kit-8-45-oz\/#breadcrumb\"},\"inLanguage\":\"es\",\"potentialAction\":[{\"@type\":\"ReadAction\",\"target\":[\"https:\/\/miamoncosmetics.com\/shop\/professional-products\/stem-vegan-enhancer-duo-pack-kit-8-45-oz\/\"]}]},{\"@type\":\"BreadcrumbList\",\"@id\":\"https:\/\/miamoncosmetics.com\/shop\/professional-products\/stem-vegan-enhancer-duo-pack-kit-8-45-oz\/#breadcrumb\",\"itemListElement\":[{\"@type\":\"ListItem\",\"position\":1,\"name\":\"Home\",\"item\":\"https:\/\/miamoncosmetics.com\/\"},{\"@type\":\"ListItem\",\"position\":2,\"name\":\"Shop\",\"item\":\"https:\/\/miamoncosmetics.com\/miamon-shop\/\"},{\"@type\":\"ListItem\",\"position\":3,\"name\":\"Stem-Vegan PACK 2 (8.45 oz)\"}]},{\"@type\":\"WebSite\",\"@id\":\"https:\/\/miamoncosmetics.com\/#website\",\"url\":\"https:\/\/miamoncosmetics.com\/\",\"name\":\"MiaMon Cosmetics\",\"description\":\"We want you to love your hair again!\",\"publisher\":{\"@id\":\"https:\/\/miamoncosmetics.com\/#organization\"},\"potentialAction\":[{\"@type\":\"SearchAction\",\"target\":{\"@type\":\"EntryPoint\",\"urlTemplate\":\"https:\/\/miamoncosmetics.com\/?s={search_term_string}\"},\"query-input\":\"required name=search_term_string\"}],\"inLanguage\":\"es\"},{\"@type\":\"Organization\",\"@id\":\"https:\/\/miamoncosmetics.com\/#organization\",\"name\":\"Miamon Cosmetics\",\"url\":\"https:\/\/miamoncosmetics.com\/\",\"logo\":{\"@type\":\"ImageObject\",\"inLanguage\":\"es\",\"@id\":\"https:\/\/miamoncosmetics.com\/#\/schema\/logo\/image\/\",\"url\":\"https:\/\/miamoncosmetics.com\/app\/uploads\/2019\/01\/logo_m.png\",\"contentUrl\":\"https:\/\/miamoncosmetics.com\/app\/uploads\/2019\/01\/logo_m.png\",\"width\":209,\"height\":221,\"caption\":\"Miamon Cosmetics\"},\"image\":{\"@id\":\"https:\/\/miamoncosmetics.com\/#\/schema\/logo\/image\/\"},\"sameAs\":[\"https:\/\/www.facebook.com\/miamoncosmetics\",\"https:\/\/www.instagram.com\/miamoncosmetics\",\"https:\/\/www.tiktok.com\/lissexpertusa\"]}]}<\/script>\n<!-- \/ Yoast SEO Premium plugin. -->","yoast_head_json":{"title":"Stem-Vegan PACK 2 (8.45 oz) - MiaMon Cosmetics","description":"Stem-Vegan ENHANCER DUO PACK is a straightening system that works from the stem cell returning the hair mass lost due to external aggression.","robots":{"index":"index","follow":"follow","max-snippet":"max-snippet:-1","max-image-preview":"max-image-preview:large","max-video-preview":"max-video-preview:-1"},"canonical":"https:\/\/miamoncosmetics.com\/es\/wp-json\/wp\/v2\/product\/36003","og_locale":"es_MX","og_type":"article","og_title":"Stem-Vegan PACK 2 (8.45 oz)","og_description":"Stem-Vegan ENHANCER DUO PACK is a straightening system that works from the stem cell returning the hair mass lost due to external aggression.","og_url":"https:\/\/miamoncosmetics.com\/es\/shop\/professional-products\/stem-vegan-enhancer-duo-pack-kit-8-45-oz\/","og_site_name":"MiaMon Cosmetics","article_publisher":"https:\/\/www.facebook.com\/miamoncosmetics","article_modified_time":"2026-03-13T16:53:45+00:00","og_image":[{"width":1080,"height":1080,"url":"https:\/\/miamoncosmetics.com\/wp-content\/uploads\/2022\/01\/Stem-Vegan-PACK-2-8.45-oz.png","type":"image\/png"}],"twitter_card":"summary_large_image","twitter_misc":{"Tiempo de lectura":"2 minutos"},"schema":{"@context":"https:\/\/schema.org","@graph":[{"@type":["WebPage","ItemPage"],"@id":"https:\/\/miamoncosmetics.com\/shop\/professional-products\/stem-vegan-enhancer-duo-pack-kit-8-45-oz\/","url":"https:\/\/miamoncosmetics.com\/shop\/professional-products\/stem-vegan-enhancer-duo-pack-kit-8-45-oz\/","name":"Stem-Vegan PACK 2 (8.45 oz) - MiaMon Cosmetics","isPartOf":{"@id":"https:\/\/miamoncosmetics.com\/#website"},"datePublished":"2022-01-04T04:32:47+00:00","dateModified":"2026-03-13T16:53:45+00:00","description":"Stem-Vegan ENHANCER DUO PACK is a straightening system that works from the stem cell returning the hair mass lost due to external aggression.","breadcrumb":{"@id":"https:\/\/miamoncosmetics.com\/shop\/professional-products\/stem-vegan-enhancer-duo-pack-kit-8-45-oz\/#breadcrumb"},"inLanguage":"es","potentialAction":[{"@type":"ReadAction","target":["https:\/\/miamoncosmetics.com\/shop\/professional-products\/stem-vegan-enhancer-duo-pack-kit-8-45-oz\/"]}]},{"@type":"BreadcrumbList","@id":"https:\/\/miamoncosmetics.com\/shop\/professional-products\/stem-vegan-enhancer-duo-pack-kit-8-45-oz\/#breadcrumb","itemListElement":[{"@type":"ListItem","position":1,"name":"Home","item":"https:\/\/miamoncosmetics.com\/"},{"@type":"ListItem","position":2,"name":"Shop","item":"https:\/\/miamoncosmetics.com\/miamon-shop\/"},{"@type":"ListItem","position":3,"name":"Stem-Vegan PACK 2 (8.45 oz)"}]},{"@type":"WebSite","@id":"https:\/\/miamoncosmetics.com\/#website","url":"https:\/\/miamoncosmetics.com\/","name":"MiaMon Cosm\u00e9ticos","description":"\u00a1Queremos que vuelvas a amar tu cabello!","publisher":{"@id":"https:\/\/miamoncosmetics.com\/#organization"},"potentialAction":[{"@type":"SearchAction","target":{"@type":"EntryPoint","urlTemplate":"https:\/\/miamoncosmetics.com\/?s={search_term_string}"},"query-input":"required name=search_term_string"}],"inLanguage":"es"},{"@type":"Organization","@id":"https:\/\/miamoncosmetics.com\/#organization","name":"Cosm\u00e9ticos Miamon","url":"https:\/\/miamoncosmetics.com\/","logo":{"@type":"ImageObject","inLanguage":"es","@id":"https:\/\/miamoncosmetics.com\/#\/schema\/logo\/image\/","url":"https:\/\/miamoncosmetics.com\/app\/uploads\/2019\/01\/logo_m.png","contentUrl":"https:\/\/miamoncosmetics.com\/app\/uploads\/2019\/01\/logo_m.png","width":209,"height":221,"caption":"Miamon Cosmetics"},"image":{"@id":"https:\/\/miamoncosmetics.com\/#\/schema\/logo\/image\/"},"sameAs":["https:\/\/www.facebook.com\/miamoncosmetics","https:\/\/www.instagram.com\/miamoncosmetics","https:\/\/www.tiktok.com\/lissexpertusa"]}]}},"_links":{"self":[{"href":"https:\/\/miamoncosmetics.com\/es\/wp-json\/wp\/v2\/product\/36003","targetHints":{"allow":["GET"]}}],"collection":[{"href":"https:\/\/miamoncosmetics.com\/es\/wp-json\/wp\/v2\/product"}],"about":[{"href":"https:\/\/miamoncosmetics.com\/es\/wp-json\/wp\/v2\/types\/product"}],"replies":[{"embeddable":true,"href":"https:\/\/miamoncosmetics.com\/es\/wp-json\/wp\/v2\/comments?post=36003"}],"wp:featuredmedia":[{"embeddable":true,"href":"https:\/\/miamoncosmetics.com\/es\/wp-json\/wp\/v2\/media\/63445"}],"wp:attachment":[{"href":"https:\/\/miamoncosmetics.com\/es\/wp-json\/wp\/v2\/media?parent=36003"}],"wp:term":[{"taxonomy":"product_brand","embeddable":true,"href":"https:\/\/miamoncosmetics.com\/es\/wp-json\/wp\/v2\/product_brand?post=36003"},{"taxonomy":"product_cat","embeddable":true,"href":"https:\/\/miamoncosmetics.com\/es\/wp-json\/wp\/v2\/product_cat?post=36003"},{"taxonomy":"product_tag","embeddable":true,"href":"https:\/\/miamoncosmetics.com\/es\/wp-json\/wp\/v2\/product_tag?post=36003"}],"curies":[{"name":"wp","href":"https:\/\/api.w.org\/{rel}","templated":true}]}}