{"id":53484,"date":"2023-11-02T16:20:32","date_gmt":"2023-11-02T20:20:32","guid":{"rendered":"https:\/\/miamoncosmetics.com\/?post_type=product&#038;p=53484"},"modified":"2025-07-24T10:29:37","modified_gmt":"2025-07-24T14:29:37","slug":"conditioner-vegan","status":"publish","type":"product","link":"https:\/\/miamoncosmetics.com\/es\/shop\/professional-products\/liss-expert-vegan\/conditioner-vegan\/","title":{"rendered":"Acondicionador VEGANO Liss Expert"},"content":{"rendered":"<p>Acondicionador de C\u00e9lulas Madre F\u00f3rmula exclusiva sin sulfatos y sin sal desarrollada para mantener y potenciar el tratamiento suavizante de C\u00e9lulas Madre de Liss Expert. Formulado con Aceite de Arg\u00e1n, \u00c1cido Hialur\u00f3nico y Col\u00e1geno aportar\u00e1 brillo, hidrataci\u00f3n y suavidad al cabello, ayudando a controlar el encrespamiento.<\/p>\n<h3>L\u00cdNEA DE CUIDADO EN EL HOGAR DE C\u00c9LULAS MADRE<\/h3>\n<p><a href=\"https:\/\/www.instagram.com\/liss.expert.professional.usa\/\">Liss Expert<\/a> Kit de C\u00e9lulas Madre. F\u00f3rmula especialmente desarrollada con la \u00faltima tecnolog\u00eda para mantener y potenciar los tratamientos de alisado 100% libre de ingredientes de origen animal. Desarrollado para todo tipo de cabello para el cuidado diario.<\/p>\n<ul>\n<li>Champ\u00fa de C\u00e9lulas Madre sin sal: Su f\u00f3rmula sin sulfatos y sin sal limpia suavemente el cabello sin da\u00f1ar la fibra. F\u00f3rmula con arg\u00e1n y \u00e1cido hialur\u00f3nico que hidratan y suavizan aportando mayor fuerza y brillo intenso.<\/li>\n<li>Acondicionador de C\u00e9lulas Madre sin sal: El choque de hidrataci\u00f3n ayuda a eliminar el frizz, aportando suavidad, brillo y gran calidad cosm\u00e9tica. Fortalece la fibra y protege el cabello de las agresiones externas.<\/li>\n<li>Salt-free Stem Cell Leave In: Protects against heat damage, enhances shine, and repairs and restores damaged hair to prevent its break. It\u2019s for all types of hair.<\/li>\n<\/ul>\n<p>Indicado para: Todo tipo de cabello.<\/p>\n<ul>\n<li>Para obtener detalles del producto, consulte las pesta\u00f1as individuales.<\/li>\n<\/ul>\n<p>PRIMER TRATAMIENTO ALISADO QUE FUNCIONA A NIVEL DE C\u00c9LULAS MADRE<\/p>\n<p><a href=\"https:\/\/miamoncosmetics.com\/es\/\">Liss Expert<\/a> Stem Cells Kit es el primer Tratamiento Alisador Express que act\u00faa a nivel de c\u00e9lulas madre. Restaura la masa capilar perdida y recupera el cabello opaco de adentro hacia afuera desde la PRIMERA aplicaci\u00f3n; el cabello estar\u00e1 sano y liso durante m\u00e1s de tres meses.<\/p>\n<hr \/>\n<p>Su f\u00f3rmula libre de sulfato y SIN SAL limpia gentilmente el<br \/>\ncabello, sin da\u00f1ar la fibra. F\u00f3rmula con Arg\u00e1n y \u00c1cido<br \/>\nHialur\u00f3nico que hidratan y suavizan, brindando una mayor<br \/>\nfortaleza y brillo intenso y ayuda a controlar el frizz.<\/p>\n<p>Presentaci\u00f3n: 250 ml (8,45 onzas)<\/p>","protected":false},"excerpt":{"rendered":"<p style=\"font-weight: 400;\">Liss Expert VEGAN es un lujoso acondicionador formulado para brindar una hidrataci\u00f3n profunda pero ingr\u00e1vida incluso al cabello m\u00e1s seco.<\/p>","protected":false},"featured_media":53486,"comment_status":"open","ping_status":"closed","template":"","meta":[],"product_brand":[],"product_cat":[63,143],"product_tag":[144],"class_list":{"0":"post-53484","1":"product","2":"type-product","3":"status-publish","4":"has-post-thumbnail","6":"product_cat-professional-products","7":"product_cat-liss-expert-vegan","8":"product_tag-vegan","9":"tm-no-options","11":"first","12":"instock","13":"taxable","14":"shipping-taxable","15":"purchasable","16":"product-type-simple"},"yoast_head":"<!-- This site is optimized with the Yoast SEO Premium plugin v20.7 (Yoast SEO v20.7) - https:\/\/yoast.com\/wordpress\/plugins\/seo\/ -->\n<title>Liss Expert VEGAN Conditioner - MiaMon Cosmetics<\/title>\n<meta name=\"robots\" content=\"index, follow, max-snippet:-1, max-image-preview:large, max-video-preview:-1\" \/>\n<link rel=\"canonical\" href=\"https:\/\/miamoncosmetics.com\/es\/wp-json\/wp\/v2\/product\/53484\" \/>\n<meta property=\"og:locale\" content=\"es_MX\" \/>\n<meta property=\"og:type\" content=\"article\" \/>\n<meta property=\"og:title\" content=\"Liss Expert VEGAN Conditioner\" \/>\n<meta property=\"og:description\" content=\"Liss Expert VEGAN is a luxurious conditioner formulated to deliver deep yet weightless hydration to even the driest hair.\" \/>\n<meta property=\"og:url\" content=\"https:\/\/miamoncosmetics.com\/es\/shop\/professional-products\/liss-expert-vegan\/conditioner-vegan\/\" \/>\n<meta property=\"og:site_name\" content=\"MiaMon Cosmetics\" \/>\n<meta property=\"article:publisher\" content=\"https:\/\/www.facebook.com\/miamoncosmetics\" \/>\n<meta property=\"article:modified_time\" content=\"2025-07-24T14:29:37+00:00\" \/>\n<meta property=\"og:image\" content=\"https:\/\/miamoncosmetics.com\/wp-content\/uploads\/2023\/11\/aconditioner-vegan-2.png\" \/>\n\t<meta property=\"og:image:width\" content=\"1080\" \/>\n\t<meta property=\"og:image:height\" content=\"1080\" \/>\n\t<meta property=\"og:image:type\" content=\"image\/png\" \/>\n<meta name=\"twitter:card\" content=\"summary_large_image\" \/>\n<meta name=\"twitter:label1\" content=\"Tiempo de lectura\" \/>\n\t<meta name=\"twitter:data1\" content=\"2 minutos\" \/>\n<script type=\"application\/ld+json\" class=\"yoast-schema-graph\">{\"@context\":\"https:\/\/schema.org\",\"@graph\":[{\"@type\":\"WebPage\",\"@id\":\"https:\/\/miamoncosmetics.com\/shop\/professional-products\/liss-expert-vegan\/conditioner-vegan\/\",\"url\":\"https:\/\/miamoncosmetics.com\/shop\/professional-products\/liss-expert-vegan\/conditioner-vegan\/\",\"name\":\"Liss Expert VEGAN Conditioner - MiaMon Cosmetics\",\"isPartOf\":{\"@id\":\"https:\/\/miamoncosmetics.com\/#website\"},\"datePublished\":\"2023-11-02T20:20:32+00:00\",\"dateModified\":\"2025-07-24T14:29:37+00:00\",\"breadcrumb\":{\"@id\":\"https:\/\/miamoncosmetics.com\/shop\/professional-products\/liss-expert-vegan\/conditioner-vegan\/#breadcrumb\"},\"inLanguage\":\"es\",\"potentialAction\":[{\"@type\":\"ReadAction\",\"target\":[\"https:\/\/miamoncosmetics.com\/shop\/professional-products\/liss-expert-vegan\/conditioner-vegan\/\"]}]},{\"@type\":\"BreadcrumbList\",\"@id\":\"https:\/\/miamoncosmetics.com\/shop\/professional-products\/liss-expert-vegan\/conditioner-vegan\/#breadcrumb\",\"itemListElement\":[{\"@type\":\"ListItem\",\"position\":1,\"name\":\"Home\",\"item\":\"https:\/\/miamoncosmetics.com\/\"},{\"@type\":\"ListItem\",\"position\":2,\"name\":\"Shop\",\"item\":\"https:\/\/miamoncosmetics.com\/miamon-shop\/\"},{\"@type\":\"ListItem\",\"position\":3,\"name\":\"Liss Expert VEGAN Conditioner\"}]},{\"@type\":\"WebSite\",\"@id\":\"https:\/\/miamoncosmetics.com\/#website\",\"url\":\"https:\/\/miamoncosmetics.com\/\",\"name\":\"MiaMon Cosmetics\",\"description\":\"We want you to love your hair again!\",\"publisher\":{\"@id\":\"https:\/\/miamoncosmetics.com\/#organization\"},\"potentialAction\":[{\"@type\":\"SearchAction\",\"target\":{\"@type\":\"EntryPoint\",\"urlTemplate\":\"https:\/\/miamoncosmetics.com\/?s={search_term_string}\"},\"query-input\":\"required name=search_term_string\"}],\"inLanguage\":\"es\"},{\"@type\":\"Organization\",\"@id\":\"https:\/\/miamoncosmetics.com\/#organization\",\"name\":\"Miamon Cosmetics\",\"url\":\"https:\/\/miamoncosmetics.com\/\",\"logo\":{\"@type\":\"ImageObject\",\"inLanguage\":\"es\",\"@id\":\"https:\/\/miamoncosmetics.com\/#\/schema\/logo\/image\/\",\"url\":\"https:\/\/miamoncosmetics.com\/app\/uploads\/2019\/01\/logo_m.png\",\"contentUrl\":\"https:\/\/miamoncosmetics.com\/app\/uploads\/2019\/01\/logo_m.png\",\"width\":209,\"height\":221,\"caption\":\"Miamon Cosmetics\"},\"image\":{\"@id\":\"https:\/\/miamoncosmetics.com\/#\/schema\/logo\/image\/\"},\"sameAs\":[\"https:\/\/www.facebook.com\/miamoncosmetics\",\"https:\/\/www.instagram.com\/miamoncosmetics\",\"https:\/\/www.tiktok.com\/lissexpertusa\"]}]}<\/script>\n<!-- \/ Yoast SEO Premium plugin. -->","yoast_head_json":{"title":"Liss Expert VEGAN Conditioner - MiaMon Cosmetics","robots":{"index":"index","follow":"follow","max-snippet":"max-snippet:-1","max-image-preview":"max-image-preview:large","max-video-preview":"max-video-preview:-1"},"canonical":"https:\/\/miamoncosmetics.com\/es\/wp-json\/wp\/v2\/product\/53484","og_locale":"es_MX","og_type":"article","og_title":"Liss Expert VEGAN Conditioner","og_description":"Liss Expert VEGAN is a luxurious conditioner formulated to deliver deep yet weightless hydration to even the driest hair.","og_url":"https:\/\/miamoncosmetics.com\/es\/shop\/professional-products\/liss-expert-vegan\/conditioner-vegan\/","og_site_name":"MiaMon Cosmetics","article_publisher":"https:\/\/www.facebook.com\/miamoncosmetics","article_modified_time":"2025-07-24T14:29:37+00:00","og_image":[{"width":1080,"height":1080,"url":"https:\/\/miamoncosmetics.com\/wp-content\/uploads\/2023\/11\/aconditioner-vegan-2.png","type":"image\/png"}],"twitter_card":"summary_large_image","twitter_misc":{"Tiempo de lectura":"2 minutos"},"schema":{"@context":"https:\/\/schema.org","@graph":[{"@type":"WebPage","@id":"https:\/\/miamoncosmetics.com\/shop\/professional-products\/liss-expert-vegan\/conditioner-vegan\/","url":"https:\/\/miamoncosmetics.com\/shop\/professional-products\/liss-expert-vegan\/conditioner-vegan\/","name":"Liss Expert VEGAN Conditioner - MiaMon Cosmetics","isPartOf":{"@id":"https:\/\/miamoncosmetics.com\/#website"},"datePublished":"2023-11-02T20:20:32+00:00","dateModified":"2025-07-24T14:29:37+00:00","breadcrumb":{"@id":"https:\/\/miamoncosmetics.com\/shop\/professional-products\/liss-expert-vegan\/conditioner-vegan\/#breadcrumb"},"inLanguage":"es","potentialAction":[{"@type":"ReadAction","target":["https:\/\/miamoncosmetics.com\/shop\/professional-products\/liss-expert-vegan\/conditioner-vegan\/"]}]},{"@type":"BreadcrumbList","@id":"https:\/\/miamoncosmetics.com\/shop\/professional-products\/liss-expert-vegan\/conditioner-vegan\/#breadcrumb","itemListElement":[{"@type":"ListItem","position":1,"name":"Home","item":"https:\/\/miamoncosmetics.com\/"},{"@type":"ListItem","position":2,"name":"Shop","item":"https:\/\/miamoncosmetics.com\/miamon-shop\/"},{"@type":"ListItem","position":3,"name":"Liss Expert VEGAN Conditioner"}]},{"@type":"WebSite","@id":"https:\/\/miamoncosmetics.com\/#website","url":"https:\/\/miamoncosmetics.com\/","name":"MiaMon Cosm\u00e9ticos","description":"\u00a1Queremos que vuelvas a amar tu cabello!","publisher":{"@id":"https:\/\/miamoncosmetics.com\/#organization"},"potentialAction":[{"@type":"SearchAction","target":{"@type":"EntryPoint","urlTemplate":"https:\/\/miamoncosmetics.com\/?s={search_term_string}"},"query-input":"required name=search_term_string"}],"inLanguage":"es"},{"@type":"Organization","@id":"https:\/\/miamoncosmetics.com\/#organization","name":"Cosm\u00e9ticos Miamon","url":"https:\/\/miamoncosmetics.com\/","logo":{"@type":"ImageObject","inLanguage":"es","@id":"https:\/\/miamoncosmetics.com\/#\/schema\/logo\/image\/","url":"https:\/\/miamoncosmetics.com\/app\/uploads\/2019\/01\/logo_m.png","contentUrl":"https:\/\/miamoncosmetics.com\/app\/uploads\/2019\/01\/logo_m.png","width":209,"height":221,"caption":"Miamon Cosmetics"},"image":{"@id":"https:\/\/miamoncosmetics.com\/#\/schema\/logo\/image\/"},"sameAs":["https:\/\/www.facebook.com\/miamoncosmetics","https:\/\/www.instagram.com\/miamoncosmetics","https:\/\/www.tiktok.com\/lissexpertusa"]}]}},"_links":{"self":[{"href":"https:\/\/miamoncosmetics.com\/es\/wp-json\/wp\/v2\/product\/53484","targetHints":{"allow":["GET"]}}],"collection":[{"href":"https:\/\/miamoncosmetics.com\/es\/wp-json\/wp\/v2\/product"}],"about":[{"href":"https:\/\/miamoncosmetics.com\/es\/wp-json\/wp\/v2\/types\/product"}],"replies":[{"embeddable":true,"href":"https:\/\/miamoncosmetics.com\/es\/wp-json\/wp\/v2\/comments?post=53484"}],"wp:featuredmedia":[{"embeddable":true,"href":"https:\/\/miamoncosmetics.com\/es\/wp-json\/wp\/v2\/media\/53486"}],"wp:attachment":[{"href":"https:\/\/miamoncosmetics.com\/es\/wp-json\/wp\/v2\/media?parent=53484"}],"wp:term":[{"taxonomy":"product_brand","embeddable":true,"href":"https:\/\/miamoncosmetics.com\/es\/wp-json\/wp\/v2\/product_brand?post=53484"},{"taxonomy":"product_cat","embeddable":true,"href":"https:\/\/miamoncosmetics.com\/es\/wp-json\/wp\/v2\/product_cat?post=53484"},{"taxonomy":"product_tag","embeddable":true,"href":"https:\/\/miamoncosmetics.com\/es\/wp-json\/wp\/v2\/product_tag?post=53484"}],"curies":[{"name":"wp","href":"https:\/\/api.w.org\/{rel}","templated":true}]}}