{"id":53525,"date":"2023-11-04T18:33:44","date_gmt":"2023-11-04T22:33:44","guid":{"rendered":"https:\/\/miamoncosmetics.com\/?post_type=product&#038;p=53525"},"modified":"2025-07-24T04:58:07","modified_gmt":"2025-07-24T08:58:07","slug":"stem-cells-x5-33-87-oz","status":"publish","type":"product","link":"https:\/\/miamoncosmetics.com\/es\/shop\/professional-products\/stem-cells-x5-33-87-oz\/","title":{"rendered":"Liss Experto 33.8 oz x 5 VIP"},"content":{"rendered":"<p>Este kit de Liss Expert incluye todo lo que tu cabello necesita para estar m\u00e1s sano, brillante y pulido, desde un tratamiento profesional hasta productos de cuidado completos para mantener los resultados en casa.<\/p>\n<p>Es para todo tipo de cabello y es compatible con todos los tratamientos capilares qu\u00edmicos.<\/p>\n<p>Contiene:<\/p>\n<p>Aceite de arg\u00e1n, queratina, \u00e1cido hialur\u00f3nico y c\u00e9lulas madre<\/p>\n<p>Incluye:<br \/>\n<a href=\"https:\/\/miamoncosmetics.com\/es\/\">Liss Expert<\/a> Tratamiento suavizante de c\u00e9lulas madre 250 ml (8,45 oz), champ\u00fa y acondicionador.<\/p>\n<p><strong>C\u00f3mo aplicar:<\/strong><\/p>\n<ul>\n<li>Aplicar <a href=\"https:\/\/www.tiktok.com\/search?q=liss.expert.usa&amp;t=1662819879578\">Liss Expert<\/a> sobre cabello seco desde la ra\u00edz hasta las puntas.<\/li>\n<li>Peina el cabello con un peine de dientes apretados para asegurar una distribuci\u00f3n uniforme del producto.<\/li>\n<li>El tiempo de procesamiento es de 40 a 45 minutos.<\/li>\n<li>Enjuague bien y s\u00e9quelo con un secador de pelo.<\/li>\n<li>Plancha, dividiendo el cabello en partes muy finas.<\/li>\n<\/ul>\n<p>Este <a href=\"https:\/\/miamoncosmetics.com\/es\/\">Liss Expert<\/a> Stem Cell kit incluye todo lo que tu cabello necesita para estar m\u00e1s sano, brillante y pulido. Desde el tratamiento profesional hasta los productos de cuidado completo para mantener los resultados en casa.<\/p>\n<p>Contiene \u00c1rganos, Keratina, Acido Hialuronico y Celulas Madres.<br \/>\nLIBRE de Formol y no ha sido testeado en animales.<\/p>\n<p>Incluye:<br \/>\nLiss Expert Tratamiento Suavizante de C\u00e9lulas Madre 250ml (8.45 oz), champ\u00fa y acondicionador.<\/p>\n<p><strong>Como aplicarlo:<\/strong><\/p>\n<ul>\n<li>Aplicar Liss Expert en cabello seco hasta cubrir la totalidad del cabello.<\/li>\n<li>Dejar procesar por 45 min<\/li>\n<li>Enjuagar con abundante agua y secar al 100%<\/li>\n<li>Sellar la cut\u00edcula capilar, pasando la plancha varias veces en el cabello en partes muy finitas.<\/li>\n<\/ul>","protected":false},"excerpt":{"rendered":"<p style=\"font-weight: 400;\">Liss Expert STEM CELLS es el primer sistema de alisado \u2013 tratamiento express que trabaja a nivel de c\u00e9lulas madre, con alto poder regenerador, devuelve la masa capilar perdida por agresiones externas o procesos qu\u00edmicos, recupera el cabello da\u00f1ado desde la primera aplicaci\u00f3n, regener\u00e1ndolo interna y externamente.<\/p>\n<p style=\"font-weight: 400;\">El cabello quedar\u00e1 suave, pulido, sin frizz y muy brillante durante m\u00e1s de 3 meses.<\/p>","protected":false},"featured_media":63424,"comment_status":"open","ping_status":"closed","template":"","meta":[],"product_brand":[],"product_cat":[63],"product_tag":[389,390],"class_list":{"0":"post-53525","1":"product","2":"type-product","3":"status-publish","4":"has-post-thumbnail","6":"product_cat-professional-products","7":"product_tag-33-8","8":"product_tag-stem-cells","9":"product_shipping_class-us-flat-rate-9","10":"tm-no-options","12":"first","13":"instock","14":"taxable","15":"shipping-taxable","16":"purchasable","17":"product-type-simple"},"yoast_head":"<!-- This site is optimized with the Yoast SEO Premium plugin v20.7 (Yoast SEO v20.7) - https:\/\/yoast.com\/wordpress\/plugins\/seo\/ -->\n<title>Liss Expert 33.8 oz x 5 VIP - MiaMon Cosmetics<\/title>\n<meta name=\"robots\" content=\"index, follow, max-snippet:-1, max-image-preview:large, max-video-preview:-1\" \/>\n<link rel=\"canonical\" href=\"https:\/\/miamoncosmetics.com\/es\/wp-json\/wp\/v2\/product\/53525\" \/>\n<meta property=\"og:locale\" content=\"es_MX\" \/>\n<meta property=\"og:type\" content=\"article\" \/>\n<meta property=\"og:title\" content=\"Liss Expert 33.8 oz x 5 VIP\" \/>\n<meta property=\"og:description\" content=\"Liss Expert STEM CELLS is the first straightening system \u2013 express treatment that works at the level of stem cells, with highly regenerative power, returns the hair mass lost due to external aggressions or chemical processes, recovers damaged hair from the first application, regenerating it internally and externally. The hair will be soft, polished, frizz-free, and very shiny for more than 3 months.\" \/>\n<meta property=\"og:url\" content=\"https:\/\/miamoncosmetics.com\/es\/shop\/professional-products\/stem-cells-x5-33-87-oz\/\" \/>\n<meta property=\"og:site_name\" content=\"MiaMon Cosmetics\" \/>\n<meta property=\"article:publisher\" content=\"https:\/\/www.facebook.com\/miamoncosmetics\" \/>\n<meta property=\"article:modified_time\" content=\"2025-07-24T08:58:07+00:00\" \/>\n<meta property=\"og:image\" content=\"https:\/\/miamoncosmetics.com\/wp-content\/uploads\/2023\/11\/5-Stem-Cells-1000ml.png\" \/>\n\t<meta property=\"og:image:width\" content=\"1080\" \/>\n\t<meta property=\"og:image:height\" content=\"1080\" \/>\n\t<meta property=\"og:image:type\" content=\"image\/png\" \/>\n<meta name=\"twitter:card\" content=\"summary_large_image\" \/>\n<meta name=\"twitter:label1\" content=\"Tiempo de lectura\" \/>\n\t<meta name=\"twitter:data1\" content=\"1 minuto\" \/>\n<script type=\"application\/ld+json\" class=\"yoast-schema-graph\">{\"@context\":\"https:\/\/schema.org\",\"@graph\":[{\"@type\":\"WebPage\",\"@id\":\"https:\/\/miamoncosmetics.com\/shop\/professional-products\/stem-cells-x5-33-87-oz\/\",\"url\":\"https:\/\/miamoncosmetics.com\/shop\/professional-products\/stem-cells-x5-33-87-oz\/\",\"name\":\"Liss Expert 33.8 oz x 5 VIP - MiaMon Cosmetics\",\"isPartOf\":{\"@id\":\"https:\/\/miamoncosmetics.com\/#website\"},\"datePublished\":\"2023-11-04T22:33:44+00:00\",\"dateModified\":\"2025-07-24T08:58:07+00:00\",\"breadcrumb\":{\"@id\":\"https:\/\/miamoncosmetics.com\/shop\/professional-products\/stem-cells-x5-33-87-oz\/#breadcrumb\"},\"inLanguage\":\"es\",\"potentialAction\":[{\"@type\":\"ReadAction\",\"target\":[\"https:\/\/miamoncosmetics.com\/shop\/professional-products\/stem-cells-x5-33-87-oz\/\"]}]},{\"@type\":\"BreadcrumbList\",\"@id\":\"https:\/\/miamoncosmetics.com\/shop\/professional-products\/stem-cells-x5-33-87-oz\/#breadcrumb\",\"itemListElement\":[{\"@type\":\"ListItem\",\"position\":1,\"name\":\"Home\",\"item\":\"https:\/\/miamoncosmetics.com\/\"},{\"@type\":\"ListItem\",\"position\":2,\"name\":\"Shop\",\"item\":\"https:\/\/miamoncosmetics.com\/miamon-shop\/\"},{\"@type\":\"ListItem\",\"position\":3,\"name\":\"Liss Expert 33.8 oz x 5 VIP\"}]},{\"@type\":\"WebSite\",\"@id\":\"https:\/\/miamoncosmetics.com\/#website\",\"url\":\"https:\/\/miamoncosmetics.com\/\",\"name\":\"MiaMon Cosmetics\",\"description\":\"We want you to love your hair again!\",\"publisher\":{\"@id\":\"https:\/\/miamoncosmetics.com\/#organization\"},\"potentialAction\":[{\"@type\":\"SearchAction\",\"target\":{\"@type\":\"EntryPoint\",\"urlTemplate\":\"https:\/\/miamoncosmetics.com\/?s={search_term_string}\"},\"query-input\":\"required name=search_term_string\"}],\"inLanguage\":\"es\"},{\"@type\":\"Organization\",\"@id\":\"https:\/\/miamoncosmetics.com\/#organization\",\"name\":\"Miamon Cosmetics\",\"url\":\"https:\/\/miamoncosmetics.com\/\",\"logo\":{\"@type\":\"ImageObject\",\"inLanguage\":\"es\",\"@id\":\"https:\/\/miamoncosmetics.com\/#\/schema\/logo\/image\/\",\"url\":\"https:\/\/miamoncosmetics.com\/app\/uploads\/2019\/01\/logo_m.png\",\"contentUrl\":\"https:\/\/miamoncosmetics.com\/app\/uploads\/2019\/01\/logo_m.png\",\"width\":209,\"height\":221,\"caption\":\"Miamon Cosmetics\"},\"image\":{\"@id\":\"https:\/\/miamoncosmetics.com\/#\/schema\/logo\/image\/\"},\"sameAs\":[\"https:\/\/www.facebook.com\/miamoncosmetics\",\"https:\/\/www.instagram.com\/miamoncosmetics\",\"https:\/\/www.tiktok.com\/lissexpertusa\"]}]}<\/script>\n<!-- \/ Yoast SEO Premium plugin. -->","yoast_head_json":{"title":"Liss Expert 33.8 oz x 5 VIP - MiaMon Cosmetics","robots":{"index":"index","follow":"follow","max-snippet":"max-snippet:-1","max-image-preview":"max-image-preview:large","max-video-preview":"max-video-preview:-1"},"canonical":"https:\/\/miamoncosmetics.com\/es\/wp-json\/wp\/v2\/product\/53525","og_locale":"es_MX","og_type":"article","og_title":"Liss Expert 33.8 oz x 5 VIP","og_description":"Liss Expert STEM CELLS is the first straightening system \u2013 express treatment that works at the level of stem cells, with highly regenerative power, returns the hair mass lost due to external aggressions or chemical processes, recovers damaged hair from the first application, regenerating it internally and externally. The hair will be soft, polished, frizz-free, and very shiny for more than 3 months.","og_url":"https:\/\/miamoncosmetics.com\/es\/shop\/professional-products\/stem-cells-x5-33-87-oz\/","og_site_name":"MiaMon Cosmetics","article_publisher":"https:\/\/www.facebook.com\/miamoncosmetics","article_modified_time":"2025-07-24T08:58:07+00:00","og_image":[{"width":1080,"height":1080,"url":"https:\/\/miamoncosmetics.com\/wp-content\/uploads\/2023\/11\/5-Stem-Cells-1000ml.png","type":"image\/png"}],"twitter_card":"summary_large_image","twitter_misc":{"Tiempo de lectura":"1 minuto"},"schema":{"@context":"https:\/\/schema.org","@graph":[{"@type":"WebPage","@id":"https:\/\/miamoncosmetics.com\/shop\/professional-products\/stem-cells-x5-33-87-oz\/","url":"https:\/\/miamoncosmetics.com\/shop\/professional-products\/stem-cells-x5-33-87-oz\/","name":"Liss Expert 33.8 oz x 5 VIP - MiaMon Cosmetics","isPartOf":{"@id":"https:\/\/miamoncosmetics.com\/#website"},"datePublished":"2023-11-04T22:33:44+00:00","dateModified":"2025-07-24T08:58:07+00:00","breadcrumb":{"@id":"https:\/\/miamoncosmetics.com\/shop\/professional-products\/stem-cells-x5-33-87-oz\/#breadcrumb"},"inLanguage":"es","potentialAction":[{"@type":"ReadAction","target":["https:\/\/miamoncosmetics.com\/shop\/professional-products\/stem-cells-x5-33-87-oz\/"]}]},{"@type":"BreadcrumbList","@id":"https:\/\/miamoncosmetics.com\/shop\/professional-products\/stem-cells-x5-33-87-oz\/#breadcrumb","itemListElement":[{"@type":"ListItem","position":1,"name":"Home","item":"https:\/\/miamoncosmetics.com\/"},{"@type":"ListItem","position":2,"name":"Shop","item":"https:\/\/miamoncosmetics.com\/miamon-shop\/"},{"@type":"ListItem","position":3,"name":"Liss Expert 33.8 oz x 5 VIP"}]},{"@type":"WebSite","@id":"https:\/\/miamoncosmetics.com\/#website","url":"https:\/\/miamoncosmetics.com\/","name":"MiaMon Cosm\u00e9ticos","description":"\u00a1Queremos que vuelvas a amar tu cabello!","publisher":{"@id":"https:\/\/miamoncosmetics.com\/#organization"},"potentialAction":[{"@type":"SearchAction","target":{"@type":"EntryPoint","urlTemplate":"https:\/\/miamoncosmetics.com\/?s={search_term_string}"},"query-input":"required name=search_term_string"}],"inLanguage":"es"},{"@type":"Organization","@id":"https:\/\/miamoncosmetics.com\/#organization","name":"Cosm\u00e9ticos Miamon","url":"https:\/\/miamoncosmetics.com\/","logo":{"@type":"ImageObject","inLanguage":"es","@id":"https:\/\/miamoncosmetics.com\/#\/schema\/logo\/image\/","url":"https:\/\/miamoncosmetics.com\/app\/uploads\/2019\/01\/logo_m.png","contentUrl":"https:\/\/miamoncosmetics.com\/app\/uploads\/2019\/01\/logo_m.png","width":209,"height":221,"caption":"Miamon Cosmetics"},"image":{"@id":"https:\/\/miamoncosmetics.com\/#\/schema\/logo\/image\/"},"sameAs":["https:\/\/www.facebook.com\/miamoncosmetics","https:\/\/www.instagram.com\/miamoncosmetics","https:\/\/www.tiktok.com\/lissexpertusa"]}]}},"_links":{"self":[{"href":"https:\/\/miamoncosmetics.com\/es\/wp-json\/wp\/v2\/product\/53525","targetHints":{"allow":["GET"]}}],"collection":[{"href":"https:\/\/miamoncosmetics.com\/es\/wp-json\/wp\/v2\/product"}],"about":[{"href":"https:\/\/miamoncosmetics.com\/es\/wp-json\/wp\/v2\/types\/product"}],"replies":[{"embeddable":true,"href":"https:\/\/miamoncosmetics.com\/es\/wp-json\/wp\/v2\/comments?post=53525"}],"wp:featuredmedia":[{"embeddable":true,"href":"https:\/\/miamoncosmetics.com\/es\/wp-json\/wp\/v2\/media\/63424"}],"wp:attachment":[{"href":"https:\/\/miamoncosmetics.com\/es\/wp-json\/wp\/v2\/media?parent=53525"}],"wp:term":[{"taxonomy":"product_brand","embeddable":true,"href":"https:\/\/miamoncosmetics.com\/es\/wp-json\/wp\/v2\/product_brand?post=53525"},{"taxonomy":"product_cat","embeddable":true,"href":"https:\/\/miamoncosmetics.com\/es\/wp-json\/wp\/v2\/product_cat?post=53525"},{"taxonomy":"product_tag","embeddable":true,"href":"https:\/\/miamoncosmetics.com\/es\/wp-json\/wp\/v2\/product_tag?post=53525"}],"curies":[{"name":"wp","href":"https:\/\/api.w.org\/{rel}","templated":true}]}}