{"id":58381,"date":"2024-06-25T13:54:01","date_gmt":"2024-06-25T17:54:01","guid":{"rendered":"https:\/\/miamoncosmetics.com\/?post_type=product&#038;p=58381"},"modified":"2026-03-23T20:36:57","modified_gmt":"2026-03-24T00:36:57","slug":"magic-le-pack-4","status":"publish","type":"product","link":"https:\/\/miamoncosmetics.com\/es\/shop\/professional-products\/liss-expert\/magic-le-pack-4\/","title":{"rendered":"Liss Expert Titanium Magic LE Pack"},"content":{"rendered":"<p>Liss Expert STEM CELLS tiene excelentes propiedades regenerativas y antienvejecimiento.<\/p>\n<p>Ayuda con el crecimiento y fortalecimiento de la fibra capilar, mejorando el aspecto general del cabello.<\/p>\n<p>Puede usarse en TODO tipo de cabello y es compatible con TODOS los tratamientos qu\u00edmicos para el cabello.<\/p>\n<p>Contiene arg\u00e1n, queratina, \u00e1cido hialur\u00f3nico y c\u00e9lulas madre.<br \/>\nLIBRE de formaldeh\u00eddo y no ha sido testado en animales.<\/p>\n<p>Incluye:<br \/>\n<a href=\"https:\/\/miamoncosmetics.com\/es\/\">Liss Expert<\/a> Tratamiento suavizante de c\u00e9lulas madre 250 ml (8,45 oz) o 1000 ml (33,8 oz).<\/p>\n<p><strong>C\u00f3mo aplicar:<\/strong><\/p>\n<ul>\n<li>Aplicar <a href=\"https:\/\/www.tiktok.com\/search?q=liss.expert.usa&amp;t=1662819879578\">Liss Expert<\/a> sobre cabello seco desde la ra\u00edz hasta las puntas.<\/li>\n<li>Peina el cabello con un peine de dientes apretados para asegurar una distribuci\u00f3n uniforme del producto.<\/li>\n<li>El tiempo de procesamiento es de 40 a 45 minutos.<\/li>\n<li>Enjuague bien y s\u00e9quelo con un secador de pelo.<\/li>\n<li>Plancha, dividiendo el cabello en partes muy finas.<\/li>\n<\/ul>\n<hr \/>\n<p>Este <a href=\"https:\/\/miamoncosmetics.com\/es\/\">Liss Expert<\/a> Stem Cell kit incluye todo lo que tu cabello necesita para estar m\u00e1s sano, brillante y pulido. Desde el tratamiento profesional hasta los productos de cuidado completo para mantener los resultados en casa. Liss Expert Stem Cells trabaja a nivel de c\u00e9lulas madre, devolviendo la masa capilar perdida por agresiones externas o procesos qu\u00edmicos, recupera el cabello da\u00f1ado desde la primera aplicaci\u00f3n y restaura la hebra capilar a nivel interno y externo.<\/p>\n<p>Tu cabello estar\u00e1 lacio, sano y sin frizz por m\u00e1s de 3 meses.<\/p>\n<p>Contiene \u00c1rganos, Keratina, Acido Hialuronico y Celulas Madres.<br \/>\nLIBRE de Formol y no ha sido testeado en animales.<\/p>\n<p>Presentacion: 250ml (8.45 oz) y 1000ml (33.8 oz)<\/p>\n<p><strong>Aplicaci\u00f3n:<\/strong><\/p>\n<ul>\n<li>Aplique Liss Expert en cabello seco hasta cubrir todo el cabello.<\/li>\n<li>Dejarse por 45 min<\/li>\n<li>Enjuagar con agua y secar al 100%<\/li>\n<li>Pasa la plancha varias veces en el cabello en partes muy finitas.<\/li>\n<\/ul>","protected":false},"excerpt":{"rendered":"<p>Liss Expert es el primer alisado express que trabaja a nivel celulas madre. Tu cabello lucir\u00e1 saludable, lacio, sin frizz y con mucho brillo por 3 meses.<\/p>\n<p>&nbsp;<\/p>\n<p>&nbsp;<\/p>","protected":false},"featured_media":63441,"comment_status":"open","ping_status":"closed","template":"","meta":[],"product_brand":[],"product_cat":[63,135],"product_tag":[402],"class_list":{"0":"post-58381","1":"product","2":"type-product","3":"status-publish","4":"has-post-thumbnail","6":"product_cat-professional-products","7":"product_cat-liss-expert","8":"product_tag-16-90-stem-cells","9":"product_shipping_class-us-flat-rate-5","10":"tm-no-options","12":"first","13":"instock","14":"taxable","15":"shipping-taxable","16":"purchasable","17":"product-type-simple"},"yoast_head":"<!-- This site is optimized with the Yoast SEO Premium plugin v20.7 (Yoast SEO v20.7) - https:\/\/yoast.com\/wordpress\/plugins\/seo\/ -->\n<title>Liss Expert Titanium Magic LE Pack Steam Cells - MiaMon Cosmetics<\/title>\n<meta name=\"description\" content=\"Liss Expert Stem Cells is a completely natural formula that can be used on all hair types compatible will all chemical treatments.\" \/>\n<meta name=\"robots\" content=\"index, follow, max-snippet:-1, max-image-preview:large, max-video-preview:-1\" \/>\n<link rel=\"canonical\" href=\"https:\/\/miamoncosmetics.com\/es\/wp-json\/wp\/v2\/product\/58381\" \/>\n<meta property=\"og:locale\" content=\"es_MX\" \/>\n<meta property=\"og:type\" content=\"article\" \/>\n<meta property=\"og:title\" content=\"Liss Expert Titanium Magic LE Pack\" \/>\n<meta property=\"og:description\" content=\"Liss Expert Stem Cells is a completely natural formula that can be used on all hair types compatible will all chemical treatments.\" \/>\n<meta property=\"og:url\" content=\"https:\/\/miamoncosmetics.com\/es\/shop\/professional-products\/liss-expert\/magic-le-pack-4\/\" \/>\n<meta property=\"og:site_name\" content=\"MiaMon Cosmetics\" \/>\n<meta property=\"article:publisher\" content=\"https:\/\/www.facebook.com\/miamoncosmetics\" \/>\n<meta property=\"article:modified_time\" content=\"2026-03-24T00:36:57+00:00\" \/>\n<meta property=\"og:image\" content=\"https:\/\/miamoncosmetics.com\/wp-content\/uploads\/2024\/06\/Liss-Expert-Titanium-Magic-LE-Pack.png\" \/>\n\t<meta property=\"og:image:width\" content=\"1080\" \/>\n\t<meta property=\"og:image:height\" content=\"1080\" \/>\n\t<meta property=\"og:image:type\" content=\"image\/png\" \/>\n<meta name=\"twitter:card\" content=\"summary_large_image\" \/>\n<meta name=\"twitter:label1\" content=\"Tiempo de lectura\" \/>\n\t<meta name=\"twitter:data1\" content=\"2 minutos\" \/>\n<script type=\"application\/ld+json\" class=\"yoast-schema-graph\">{\"@context\":\"https:\/\/schema.org\",\"@graph\":[{\"@type\":\"WebPage\",\"@id\":\"https:\/\/miamoncosmetics.com\/shop\/professional-products\/liss-expert\/magic-le-pack-4\/\",\"url\":\"https:\/\/miamoncosmetics.com\/shop\/professional-products\/liss-expert\/magic-le-pack-4\/\",\"name\":\"Liss Expert Titanium Magic LE Pack Steam Cells - MiaMon Cosmetics\",\"isPartOf\":{\"@id\":\"https:\/\/miamoncosmetics.com\/#website\"},\"datePublished\":\"2024-06-25T17:54:01+00:00\",\"dateModified\":\"2026-03-24T00:36:57+00:00\",\"description\":\"Liss Expert Stem Cells is a completely natural formula that can be used on all hair types compatible will all chemical treatments.\",\"breadcrumb\":{\"@id\":\"https:\/\/miamoncosmetics.com\/shop\/professional-products\/liss-expert\/magic-le-pack-4\/#breadcrumb\"},\"inLanguage\":\"es\",\"potentialAction\":[{\"@type\":\"ReadAction\",\"target\":[\"https:\/\/miamoncosmetics.com\/shop\/professional-products\/liss-expert\/magic-le-pack-4\/\"]}]},{\"@type\":\"BreadcrumbList\",\"@id\":\"https:\/\/miamoncosmetics.com\/shop\/professional-products\/liss-expert\/magic-le-pack-4\/#breadcrumb\",\"itemListElement\":[{\"@type\":\"ListItem\",\"position\":1,\"name\":\"Home\",\"item\":\"https:\/\/miamoncosmetics.com\/\"},{\"@type\":\"ListItem\",\"position\":2,\"name\":\"Shop\",\"item\":\"https:\/\/miamoncosmetics.com\/miamon-shop\/\"},{\"@type\":\"ListItem\",\"position\":3,\"name\":\"Liss Expert Titanium Magic LE Pack\"}]},{\"@type\":\"WebSite\",\"@id\":\"https:\/\/miamoncosmetics.com\/#website\",\"url\":\"https:\/\/miamoncosmetics.com\/\",\"name\":\"MiaMon Cosmetics\",\"description\":\"We want you to love your hair again!\",\"publisher\":{\"@id\":\"https:\/\/miamoncosmetics.com\/#organization\"},\"potentialAction\":[{\"@type\":\"SearchAction\",\"target\":{\"@type\":\"EntryPoint\",\"urlTemplate\":\"https:\/\/miamoncosmetics.com\/?s={search_term_string}\"},\"query-input\":\"required name=search_term_string\"}],\"inLanguage\":\"es\"},{\"@type\":\"Organization\",\"@id\":\"https:\/\/miamoncosmetics.com\/#organization\",\"name\":\"Miamon Cosmetics\",\"url\":\"https:\/\/miamoncosmetics.com\/\",\"logo\":{\"@type\":\"ImageObject\",\"inLanguage\":\"es\",\"@id\":\"https:\/\/miamoncosmetics.com\/#\/schema\/logo\/image\/\",\"url\":\"https:\/\/miamoncosmetics.com\/app\/uploads\/2019\/01\/logo_m.png\",\"contentUrl\":\"https:\/\/miamoncosmetics.com\/app\/uploads\/2019\/01\/logo_m.png\",\"width\":209,\"height\":221,\"caption\":\"Miamon Cosmetics\"},\"image\":{\"@id\":\"https:\/\/miamoncosmetics.com\/#\/schema\/logo\/image\/\"},\"sameAs\":[\"https:\/\/www.facebook.com\/miamoncosmetics\",\"https:\/\/www.instagram.com\/miamoncosmetics\",\"https:\/\/www.tiktok.com\/lissexpertusa\"]}]}<\/script>\n<!-- \/ Yoast SEO Premium plugin. -->","yoast_head_json":{"title":"Liss Expert Titanium Magic LE Pack Steam Cells - MiaMon Cosmetics","description":"Liss Expert Stem Cells is a completely natural formula that can be used on all hair types compatible will all chemical treatments.","robots":{"index":"index","follow":"follow","max-snippet":"max-snippet:-1","max-image-preview":"max-image-preview:large","max-video-preview":"max-video-preview:-1"},"canonical":"https:\/\/miamoncosmetics.com\/es\/wp-json\/wp\/v2\/product\/58381","og_locale":"es_MX","og_type":"article","og_title":"Liss Expert Titanium Magic LE Pack","og_description":"Liss Expert Stem Cells is a completely natural formula that can be used on all hair types compatible will all chemical treatments.","og_url":"https:\/\/miamoncosmetics.com\/es\/shop\/professional-products\/liss-expert\/magic-le-pack-4\/","og_site_name":"MiaMon Cosmetics","article_publisher":"https:\/\/www.facebook.com\/miamoncosmetics","article_modified_time":"2026-03-24T00:36:57+00:00","og_image":[{"width":1080,"height":1080,"url":"https:\/\/miamoncosmetics.com\/wp-content\/uploads\/2024\/06\/Liss-Expert-Titanium-Magic-LE-Pack.png","type":"image\/png"}],"twitter_card":"summary_large_image","twitter_misc":{"Tiempo de lectura":"2 minutos"},"schema":{"@context":"https:\/\/schema.org","@graph":[{"@type":"WebPage","@id":"https:\/\/miamoncosmetics.com\/shop\/professional-products\/liss-expert\/magic-le-pack-4\/","url":"https:\/\/miamoncosmetics.com\/shop\/professional-products\/liss-expert\/magic-le-pack-4\/","name":"Liss Expert Titanium Magic LE Pack Steam Cells - MiaMon Cosmetics","isPartOf":{"@id":"https:\/\/miamoncosmetics.com\/#website"},"datePublished":"2024-06-25T17:54:01+00:00","dateModified":"2026-03-24T00:36:57+00:00","description":"Liss Expert Stem Cells is a completely natural formula that can be used on all hair types compatible will all chemical treatments.","breadcrumb":{"@id":"https:\/\/miamoncosmetics.com\/shop\/professional-products\/liss-expert\/magic-le-pack-4\/#breadcrumb"},"inLanguage":"es","potentialAction":[{"@type":"ReadAction","target":["https:\/\/miamoncosmetics.com\/shop\/professional-products\/liss-expert\/magic-le-pack-4\/"]}]},{"@type":"BreadcrumbList","@id":"https:\/\/miamoncosmetics.com\/shop\/professional-products\/liss-expert\/magic-le-pack-4\/#breadcrumb","itemListElement":[{"@type":"ListItem","position":1,"name":"Home","item":"https:\/\/miamoncosmetics.com\/"},{"@type":"ListItem","position":2,"name":"Shop","item":"https:\/\/miamoncosmetics.com\/miamon-shop\/"},{"@type":"ListItem","position":3,"name":"Liss Expert Titanium Magic LE Pack"}]},{"@type":"WebSite","@id":"https:\/\/miamoncosmetics.com\/#website","url":"https:\/\/miamoncosmetics.com\/","name":"MiaMon Cosm\u00e9ticos","description":"\u00a1Queremos que vuelvas a amar tu cabello!","publisher":{"@id":"https:\/\/miamoncosmetics.com\/#organization"},"potentialAction":[{"@type":"SearchAction","target":{"@type":"EntryPoint","urlTemplate":"https:\/\/miamoncosmetics.com\/?s={search_term_string}"},"query-input":"required name=search_term_string"}],"inLanguage":"es"},{"@type":"Organization","@id":"https:\/\/miamoncosmetics.com\/#organization","name":"Cosm\u00e9ticos Miamon","url":"https:\/\/miamoncosmetics.com\/","logo":{"@type":"ImageObject","inLanguage":"es","@id":"https:\/\/miamoncosmetics.com\/#\/schema\/logo\/image\/","url":"https:\/\/miamoncosmetics.com\/app\/uploads\/2019\/01\/logo_m.png","contentUrl":"https:\/\/miamoncosmetics.com\/app\/uploads\/2019\/01\/logo_m.png","width":209,"height":221,"caption":"Miamon Cosmetics"},"image":{"@id":"https:\/\/miamoncosmetics.com\/#\/schema\/logo\/image\/"},"sameAs":["https:\/\/www.facebook.com\/miamoncosmetics","https:\/\/www.instagram.com\/miamoncosmetics","https:\/\/www.tiktok.com\/lissexpertusa"]}]}},"_links":{"self":[{"href":"https:\/\/miamoncosmetics.com\/es\/wp-json\/wp\/v2\/product\/58381","targetHints":{"allow":["GET"]}}],"collection":[{"href":"https:\/\/miamoncosmetics.com\/es\/wp-json\/wp\/v2\/product"}],"about":[{"href":"https:\/\/miamoncosmetics.com\/es\/wp-json\/wp\/v2\/types\/product"}],"replies":[{"embeddable":true,"href":"https:\/\/miamoncosmetics.com\/es\/wp-json\/wp\/v2\/comments?post=58381"}],"wp:featuredmedia":[{"embeddable":true,"href":"https:\/\/miamoncosmetics.com\/es\/wp-json\/wp\/v2\/media\/63441"}],"wp:attachment":[{"href":"https:\/\/miamoncosmetics.com\/es\/wp-json\/wp\/v2\/media?parent=58381"}],"wp:term":[{"taxonomy":"product_brand","embeddable":true,"href":"https:\/\/miamoncosmetics.com\/es\/wp-json\/wp\/v2\/product_brand?post=58381"},{"taxonomy":"product_cat","embeddable":true,"href":"https:\/\/miamoncosmetics.com\/es\/wp-json\/wp\/v2\/product_cat?post=58381"},{"taxonomy":"product_tag","embeddable":true,"href":"https:\/\/miamoncosmetics.com\/es\/wp-json\/wp\/v2\/product_tag?post=58381"}],"curies":[{"name":"wp","href":"https:\/\/api.w.org\/{rel}","templated":true}]}}