{"id":58408,"date":"2024-06-26T03:30:25","date_gmt":"2024-06-26T07:30:25","guid":{"rendered":"https:\/\/miamoncosmetics.com\/?post_type=product&#038;p=58408"},"modified":"2026-04-20T08:02:42","modified_gmt":"2026-04-20T12:02:42","slug":"magic-mask","status":"publish","type":"product","link":"https:\/\/miamoncosmetics.com\/es\/shop\/professional-products\/liss-expert\/magic-mask\/","title":{"rendered":"M\u00e1scara m\u00e1gica"},"content":{"rendered":"<p>STEM CELLS MAGIC MASK est\u00e1 formulada con ingredientes desarrollados con Inteligencia Artificial, aportando al cabello la \u00faltima tecnolog\u00eda a nivel mundial. Con un alto poder regenerador, recupera el cabello da\u00f1ado por agresiones externas o procesos qu\u00edmicos desde la primera aplicaci\u00f3n. Desenredado por excelencia, ayuda con el peinado diario, hidrata, aporta brillo HD, previene y elimina el frizz.<\/p>\n<p>STEM CELLS MAGIC MASK tiene ingredientes de la m\u00e1s alta tecnolog\u00eda, C\u00e9lulas Madre, Aceite de Arg\u00e1n, Queratina, \u00c1cido Hialur\u00f3nico.<\/p>","protected":false},"excerpt":{"rendered":"<p>STEM CELLS MAGIC MASK est\u00e1 formulada con ingredientes desarrollados con Inteligencia Artificial, aportando al cabello la \u00faltima tecnolog\u00eda a nivel mundial. Con un alto poder regenerador, recupera el cabello da\u00f1ado por agresiones externas o procesos qu\u00edmicos desde la primera aplicaci\u00f3n. Desenredado por excelencia, ayuda con el peinado diario, hidrata, aporta brillo HD, previene y elimina el frizz.<\/p>\n<p>STEM CELLS MAGIC MASK tiene ingredientes de la m\u00e1s alta tecnolog\u00eda, C\u00e9lulas Madre, Aceite de Arg\u00e1n, Queratina, \u00c1cido Hialur\u00f3nico.<\/p>","protected":false},"featured_media":63447,"comment_status":"open","ping_status":"closed","template":"","meta":[],"product_brand":[],"product_cat":[63,135],"product_tag":[391,403,390],"class_list":{"0":"post-58408","1":"product","2":"type-product","3":"status-publish","4":"has-post-thumbnail","6":"product_cat-professional-products","7":"product_cat-liss-expert","8":"product_tag-8-4","9":"product_tag-ia","10":"product_tag-stem-cells","11":"product_shipping_class-us-flat-rate-20","12":"tm-no-options","14":"first","15":"instock","16":"taxable","17":"shipping-taxable","18":"purchasable","19":"product-type-simple"},"yoast_head":"<!-- This site is optimized with the Yoast SEO Premium plugin v20.7 (Yoast SEO v20.7) - https:\/\/yoast.com\/wordpress\/plugins\/seo\/ -->\n<title>MAGIC Mask Steam Cells - MiaMon Cosmetics<\/title>\n<meta name=\"description\" content=\"Liss Expert Stem Cells is a completely natural formula that can be used on all hair types compatible will all chemical treatments.\" \/>\n<meta name=\"robots\" content=\"index, follow, max-snippet:-1, max-image-preview:large, max-video-preview:-1\" \/>\n<link rel=\"canonical\" href=\"https:\/\/miamoncosmetics.com\/es\/wp-json\/wp\/v2\/product\/58408\" \/>\n<meta property=\"og:locale\" content=\"es_MX\" \/>\n<meta property=\"og:type\" content=\"article\" \/>\n<meta property=\"og:title\" content=\"MAGIC Mask\" \/>\n<meta property=\"og:description\" content=\"Liss Expert Stem Cells is a completely natural formula that can be used on all hair types compatible will all chemical treatments.\" \/>\n<meta property=\"og:url\" content=\"https:\/\/miamoncosmetics.com\/es\/shop\/professional-products\/liss-expert\/magic-mask\/\" \/>\n<meta property=\"og:site_name\" content=\"MiaMon Cosmetics\" \/>\n<meta property=\"article:publisher\" content=\"https:\/\/www.facebook.com\/miamoncosmetics\" \/>\n<meta property=\"article:modified_time\" content=\"2026-04-20T12:02:42+00:00\" \/>\n<meta property=\"og:image\" content=\"https:\/\/miamoncosmetics.com\/wp-content\/uploads\/2024\/06\/Magic-Mask-1024x1024.png\" \/>\n\t<meta property=\"og:image:width\" content=\"1024\" \/>\n\t<meta property=\"og:image:height\" content=\"1024\" \/>\n\t<meta property=\"og:image:type\" content=\"image\/png\" \/>\n<meta name=\"twitter:card\" content=\"summary_large_image\" \/>\n<meta name=\"twitter:label1\" content=\"Tiempo de lectura\" \/>\n\t<meta name=\"twitter:data1\" content=\"1 minuto\" \/>\n<script type=\"application\/ld+json\" class=\"yoast-schema-graph\">{\"@context\":\"https:\/\/schema.org\",\"@graph\":[{\"@type\":\"WebPage\",\"@id\":\"https:\/\/miamoncosmetics.com\/shop\/professional-products\/liss-expert\/magic-mask\/\",\"url\":\"https:\/\/miamoncosmetics.com\/shop\/professional-products\/liss-expert\/magic-mask\/\",\"name\":\"MAGIC Mask Steam Cells - MiaMon Cosmetics\",\"isPartOf\":{\"@id\":\"https:\/\/miamoncosmetics.com\/#website\"},\"datePublished\":\"2024-06-26T07:30:25+00:00\",\"dateModified\":\"2026-04-20T12:02:42+00:00\",\"description\":\"Liss Expert Stem Cells is a completely natural formula that can be used on all hair types compatible will all chemical treatments.\",\"breadcrumb\":{\"@id\":\"https:\/\/miamoncosmetics.com\/shop\/professional-products\/liss-expert\/magic-mask\/#breadcrumb\"},\"inLanguage\":\"es\",\"potentialAction\":[{\"@type\":\"ReadAction\",\"target\":[\"https:\/\/miamoncosmetics.com\/shop\/professional-products\/liss-expert\/magic-mask\/\"]}]},{\"@type\":\"BreadcrumbList\",\"@id\":\"https:\/\/miamoncosmetics.com\/shop\/professional-products\/liss-expert\/magic-mask\/#breadcrumb\",\"itemListElement\":[{\"@type\":\"ListItem\",\"position\":1,\"name\":\"Home\",\"item\":\"https:\/\/miamoncosmetics.com\/\"},{\"@type\":\"ListItem\",\"position\":2,\"name\":\"Shop\",\"item\":\"https:\/\/miamoncosmetics.com\/miamon-shop\/\"},{\"@type\":\"ListItem\",\"position\":3,\"name\":\"MAGIC Mask\"}]},{\"@type\":\"WebSite\",\"@id\":\"https:\/\/miamoncosmetics.com\/#website\",\"url\":\"https:\/\/miamoncosmetics.com\/\",\"name\":\"MiaMon Cosmetics\",\"description\":\"We want you to love your hair again!\",\"publisher\":{\"@id\":\"https:\/\/miamoncosmetics.com\/#organization\"},\"potentialAction\":[{\"@type\":\"SearchAction\",\"target\":{\"@type\":\"EntryPoint\",\"urlTemplate\":\"https:\/\/miamoncosmetics.com\/?s={search_term_string}\"},\"query-input\":\"required name=search_term_string\"}],\"inLanguage\":\"es\"},{\"@type\":\"Organization\",\"@id\":\"https:\/\/miamoncosmetics.com\/#organization\",\"name\":\"Miamon Cosmetics\",\"url\":\"https:\/\/miamoncosmetics.com\/\",\"logo\":{\"@type\":\"ImageObject\",\"inLanguage\":\"es\",\"@id\":\"https:\/\/miamoncosmetics.com\/#\/schema\/logo\/image\/\",\"url\":\"https:\/\/miamoncosmetics.com\/app\/uploads\/2019\/01\/logo_m.png\",\"contentUrl\":\"https:\/\/miamoncosmetics.com\/app\/uploads\/2019\/01\/logo_m.png\",\"width\":209,\"height\":221,\"caption\":\"Miamon Cosmetics\"},\"image\":{\"@id\":\"https:\/\/miamoncosmetics.com\/#\/schema\/logo\/image\/\"},\"sameAs\":[\"https:\/\/www.facebook.com\/miamoncosmetics\",\"https:\/\/www.instagram.com\/miamoncosmetics\",\"https:\/\/www.tiktok.com\/lissexpertusa\"]}]}<\/script>\n<!-- \/ Yoast SEO Premium plugin. -->","yoast_head_json":{"title":"MAGIC Mask Steam Cells - MiaMon Cosmetics","description":"Liss Expert Stem Cells is a completely natural formula that can be used on all hair types compatible will all chemical treatments.","robots":{"index":"index","follow":"follow","max-snippet":"max-snippet:-1","max-image-preview":"max-image-preview:large","max-video-preview":"max-video-preview:-1"},"canonical":"https:\/\/miamoncosmetics.com\/es\/wp-json\/wp\/v2\/product\/58408","og_locale":"es_MX","og_type":"article","og_title":"MAGIC Mask","og_description":"Liss Expert Stem Cells is a completely natural formula that can be used on all hair types compatible will all chemical treatments.","og_url":"https:\/\/miamoncosmetics.com\/es\/shop\/professional-products\/liss-expert\/magic-mask\/","og_site_name":"MiaMon Cosmetics","article_publisher":"https:\/\/www.facebook.com\/miamoncosmetics","article_modified_time":"2026-04-20T12:02:42+00:00","og_image":[{"width":1024,"height":1024,"url":"https:\/\/miamoncosmetics.com\/wp-content\/uploads\/2024\/06\/Magic-Mask-1024x1024.png","type":"image\/png"}],"twitter_card":"summary_large_image","twitter_misc":{"Tiempo de lectura":"1 minuto"},"schema":{"@context":"https:\/\/schema.org","@graph":[{"@type":"WebPage","@id":"https:\/\/miamoncosmetics.com\/shop\/professional-products\/liss-expert\/magic-mask\/","url":"https:\/\/miamoncosmetics.com\/shop\/professional-products\/liss-expert\/magic-mask\/","name":"MAGIC Mask Steam Cells - MiaMon Cosmetics","isPartOf":{"@id":"https:\/\/miamoncosmetics.com\/#website"},"datePublished":"2024-06-26T07:30:25+00:00","dateModified":"2026-04-20T12:02:42+00:00","description":"Liss Expert Stem Cells is a completely natural formula that can be used on all hair types compatible will all chemical treatments.","breadcrumb":{"@id":"https:\/\/miamoncosmetics.com\/shop\/professional-products\/liss-expert\/magic-mask\/#breadcrumb"},"inLanguage":"es","potentialAction":[{"@type":"ReadAction","target":["https:\/\/miamoncosmetics.com\/shop\/professional-products\/liss-expert\/magic-mask\/"]}]},{"@type":"BreadcrumbList","@id":"https:\/\/miamoncosmetics.com\/shop\/professional-products\/liss-expert\/magic-mask\/#breadcrumb","itemListElement":[{"@type":"ListItem","position":1,"name":"Home","item":"https:\/\/miamoncosmetics.com\/"},{"@type":"ListItem","position":2,"name":"Shop","item":"https:\/\/miamoncosmetics.com\/miamon-shop\/"},{"@type":"ListItem","position":3,"name":"MAGIC Mask"}]},{"@type":"WebSite","@id":"https:\/\/miamoncosmetics.com\/#website","url":"https:\/\/miamoncosmetics.com\/","name":"MiaMon Cosm\u00e9ticos","description":"\u00a1Queremos que vuelvas a amar tu cabello!","publisher":{"@id":"https:\/\/miamoncosmetics.com\/#organization"},"potentialAction":[{"@type":"SearchAction","target":{"@type":"EntryPoint","urlTemplate":"https:\/\/miamoncosmetics.com\/?s={search_term_string}"},"query-input":"required name=search_term_string"}],"inLanguage":"es"},{"@type":"Organization","@id":"https:\/\/miamoncosmetics.com\/#organization","name":"Cosm\u00e9ticos Miamon","url":"https:\/\/miamoncosmetics.com\/","logo":{"@type":"ImageObject","inLanguage":"es","@id":"https:\/\/miamoncosmetics.com\/#\/schema\/logo\/image\/","url":"https:\/\/miamoncosmetics.com\/app\/uploads\/2019\/01\/logo_m.png","contentUrl":"https:\/\/miamoncosmetics.com\/app\/uploads\/2019\/01\/logo_m.png","width":209,"height":221,"caption":"Miamon Cosmetics"},"image":{"@id":"https:\/\/miamoncosmetics.com\/#\/schema\/logo\/image\/"},"sameAs":["https:\/\/www.facebook.com\/miamoncosmetics","https:\/\/www.instagram.com\/miamoncosmetics","https:\/\/www.tiktok.com\/lissexpertusa"]}]}},"_links":{"self":[{"href":"https:\/\/miamoncosmetics.com\/es\/wp-json\/wp\/v2\/product\/58408","targetHints":{"allow":["GET"]}}],"collection":[{"href":"https:\/\/miamoncosmetics.com\/es\/wp-json\/wp\/v2\/product"}],"about":[{"href":"https:\/\/miamoncosmetics.com\/es\/wp-json\/wp\/v2\/types\/product"}],"replies":[{"embeddable":true,"href":"https:\/\/miamoncosmetics.com\/es\/wp-json\/wp\/v2\/comments?post=58408"}],"wp:featuredmedia":[{"embeddable":true,"href":"https:\/\/miamoncosmetics.com\/es\/wp-json\/wp\/v2\/media\/63447"}],"wp:attachment":[{"href":"https:\/\/miamoncosmetics.com\/es\/wp-json\/wp\/v2\/media?parent=58408"}],"wp:term":[{"taxonomy":"product_brand","embeddable":true,"href":"https:\/\/miamoncosmetics.com\/es\/wp-json\/wp\/v2\/product_brand?post=58408"},{"taxonomy":"product_cat","embeddable":true,"href":"https:\/\/miamoncosmetics.com\/es\/wp-json\/wp\/v2\/product_cat?post=58408"},{"taxonomy":"product_tag","embeddable":true,"href":"https:\/\/miamoncosmetics.com\/es\/wp-json\/wp\/v2\/product_tag?post=58408"}],"curies":[{"name":"wp","href":"https:\/\/api.w.org\/{rel}","templated":true}]}}