{"id":59071,"date":"2024-07-29T10:29:08","date_gmt":"2024-07-29T14:29:08","guid":{"rendered":"https:\/\/miamoncosmetics.com\/?post_type=product&#038;p=59071"},"modified":"2025-07-24T10:06:01","modified_gmt":"2025-07-24T14:06:01","slug":"salon-promo-2-33-8-oz","status":"publish","type":"product","link":"https:\/\/miamoncosmetics.com\/es\/shop\/professional-products\/liss-expert\/salon-promo-2-33-8-oz\/","title":{"rendered":"Promoci\u00f3n de sal\u00f3n II \u2013 33.8 oz"},"content":{"rendered":"<p><a href=\"https:\/\/www.instagram.com\/liss.expert.professional.usa\/\">C\u00e9lulas madre expertas de Liss<\/a> es el primer sistema de Alisado Express que act\u00faa a nivel de c\u00e9lulas madre con un alto poder regenerativo, devuelve la masa capilar perdida por agresiones externas o procesos qu\u00edmicos, y recupera el cabello da\u00f1ado desde la primera aplicaci\u00f3n, regener\u00e1ndolo interna y externamente. Y el cabello estar\u00e1 liso y sano durante m\u00e1s de tres meses.<br \/>\nEl cabello lucir\u00e1 un brillo de alto impacto y se sentir\u00e1 suave y sin encrespamiento, recuperando la masa perdida y su estructura celular regenerada. Liss Expert es una f\u00f3rmula totalmente natural que se puede utilizar en todo tipo de cabello. Dado que las c\u00e9lulas madre tienen excelentes propiedades, ayudan a crecer, fortalecer y dar volumen y su gran poder antienvejecimiento mejora visiblemente la calidad cosm\u00e9tica del cabello.<\/p>\n<p>Contiene extracto de aceite de arg\u00e1n, queratina, \u00e1cido hialur\u00f3nico y c\u00e9lulas madre.<\/p>\n<p><strong>C\u00f3mo aplicar:<\/strong><\/p>\n<ol>\n<li>Aplicar Liss Expert sobre el cabello seco desde la ra\u00edz hasta las puntas.<\/li>\n<li>Peina el cabello con un peine de dientes apretados para asegurar una distribuci\u00f3n uniforme del producto.<\/li>\n<li>El tiempo de procesamiento es de 40 a 45 minutos.<\/li>\n<li>Enjuague bien y s\u00e9quelo con un secador de pelo.<\/li>\n<li>Plancha, dividiendo el cabello en partes muy finas.<\/li>\n<\/ol>\n<hr \/>\n<p>Liss Expert Stem Cells es el primer sistema de Alisado Express que trabaja a nivel de c\u00e9lulas madre, con poder altamente regenerador.<br \/>\nEl cabello tendr\u00e1 un brillo de alto impacto, se sentir\u00e1 suave y sin frizz. Liss Expert es una f\u00f3rmula natural para todo tipo de cabello.<\/p>\n<p>Contiene \u00c1rganos, Keratina, Acido Hialuronico y Celulas Madres.<br \/>\nLIBRE de Formol y no ha sido testeado en animales.<\/p>","protected":false},"excerpt":{"rendered":"<p>Liss Expert Stem Cells es el primer sistema de Alisado Express que trabaja a nivel de c\u00e9lulas madre con un alto poder regenerador, devuelve la masa capilar perdida por agresiones externas o procesos qu\u00edmicos, y recupera el cabello da\u00f1ado desde la primera aplicaci\u00f3n, regener\u00e1ndolo interna y externamente. Y el cabello estar\u00e1 liso y sano durante m\u00e1s de tres meses.<\/p>","protected":false},"featured_media":63431,"comment_status":"open","ping_status":"closed","template":"","meta":[],"product_brand":[],"product_cat":[63,135],"product_tag":[389,390],"class_list":{"0":"post-59071","1":"product","2":"type-product","3":"status-publish","4":"has-post-thumbnail","6":"product_cat-professional-products","7":"product_cat-liss-expert","8":"product_tag-33-8","9":"product_tag-stem-cells","10":"product_shipping_class-us-flat-rate-5","11":"tm-no-options","13":"first","14":"instock","15":"taxable","16":"shipping-taxable","17":"purchasable","18":"product-type-simple"},"yoast_head":"<!-- This site is optimized with the Yoast SEO Premium plugin v20.7 (Yoast SEO v20.7) - https:\/\/yoast.com\/wordpress\/plugins\/seo\/ -->\n<title>Salon Promo II - 33.8 oz - MiaMon Cosmetics<\/title>\n<meta name=\"robots\" content=\"index, follow, max-snippet:-1, max-image-preview:large, max-video-preview:-1\" \/>\n<link rel=\"canonical\" href=\"https:\/\/miamoncosmetics.com\/es\/wp-json\/wp\/v2\/product\/59071\" \/>\n<meta property=\"og:locale\" content=\"es_MX\" \/>\n<meta property=\"og:type\" content=\"article\" \/>\n<meta property=\"og:title\" content=\"Salon Promo II - 33.8 oz\" \/>\n<meta property=\"og:description\" content=\"Liss Expert Stem Cells is the first Express Smoothing system that works at the stem cell level with highly regenerative power, returns the hair mass lost due to external aggressions or chemical processes, and recovers damaged hair from the first application, regenerating internally and externally. And the hair will be straight and healthy for more than three months.\" \/>\n<meta property=\"og:url\" content=\"https:\/\/miamoncosmetics.com\/es\/shop\/professional-products\/liss-expert\/salon-promo-2-33-8-oz\/\" \/>\n<meta property=\"og:site_name\" content=\"MiaMon Cosmetics\" \/>\n<meta property=\"article:publisher\" content=\"https:\/\/www.facebook.com\/miamoncosmetics\" \/>\n<meta property=\"article:modified_time\" content=\"2025-07-24T14:06:01+00:00\" \/>\n<meta property=\"og:image\" content=\"https:\/\/miamoncosmetics.com\/wp-content\/uploads\/2024\/07\/Salon-Promo-II-\u2013-33.8-oz.png\" \/>\n\t<meta property=\"og:image:width\" content=\"1080\" \/>\n\t<meta property=\"og:image:height\" content=\"1080\" \/>\n\t<meta property=\"og:image:type\" content=\"image\/png\" \/>\n<meta name=\"twitter:card\" content=\"summary_large_image\" \/>\n<meta name=\"twitter:label1\" content=\"Tiempo de lectura\" \/>\n\t<meta name=\"twitter:data1\" content=\"2 minutos\" \/>\n<script type=\"application\/ld+json\" class=\"yoast-schema-graph\">{\"@context\":\"https:\/\/schema.org\",\"@graph\":[{\"@type\":\"WebPage\",\"@id\":\"https:\/\/miamoncosmetics.com\/shop\/professional-products\/liss-expert\/salon-promo-2-33-8-oz\/\",\"url\":\"https:\/\/miamoncosmetics.com\/shop\/professional-products\/liss-expert\/salon-promo-2-33-8-oz\/\",\"name\":\"Salon Promo II - 33.8 oz - MiaMon Cosmetics\",\"isPartOf\":{\"@id\":\"https:\/\/miamoncosmetics.com\/#website\"},\"datePublished\":\"2024-07-29T14:29:08+00:00\",\"dateModified\":\"2025-07-24T14:06:01+00:00\",\"breadcrumb\":{\"@id\":\"https:\/\/miamoncosmetics.com\/shop\/professional-products\/liss-expert\/salon-promo-2-33-8-oz\/#breadcrumb\"},\"inLanguage\":\"es\",\"potentialAction\":[{\"@type\":\"ReadAction\",\"target\":[\"https:\/\/miamoncosmetics.com\/shop\/professional-products\/liss-expert\/salon-promo-2-33-8-oz\/\"]}]},{\"@type\":\"BreadcrumbList\",\"@id\":\"https:\/\/miamoncosmetics.com\/shop\/professional-products\/liss-expert\/salon-promo-2-33-8-oz\/#breadcrumb\",\"itemListElement\":[{\"@type\":\"ListItem\",\"position\":1,\"name\":\"Home\",\"item\":\"https:\/\/miamoncosmetics.com\/\"},{\"@type\":\"ListItem\",\"position\":2,\"name\":\"Shop\",\"item\":\"https:\/\/miamoncosmetics.com\/miamon-shop\/\"},{\"@type\":\"ListItem\",\"position\":3,\"name\":\"Salon Promo II &#8211; 33.8 oz\"}]},{\"@type\":\"WebSite\",\"@id\":\"https:\/\/miamoncosmetics.com\/#website\",\"url\":\"https:\/\/miamoncosmetics.com\/\",\"name\":\"MiaMon Cosmetics\",\"description\":\"We want you to love your hair again!\",\"publisher\":{\"@id\":\"https:\/\/miamoncosmetics.com\/#organization\"},\"potentialAction\":[{\"@type\":\"SearchAction\",\"target\":{\"@type\":\"EntryPoint\",\"urlTemplate\":\"https:\/\/miamoncosmetics.com\/?s={search_term_string}\"},\"query-input\":\"required name=search_term_string\"}],\"inLanguage\":\"es\"},{\"@type\":\"Organization\",\"@id\":\"https:\/\/miamoncosmetics.com\/#organization\",\"name\":\"Miamon Cosmetics\",\"url\":\"https:\/\/miamoncosmetics.com\/\",\"logo\":{\"@type\":\"ImageObject\",\"inLanguage\":\"es\",\"@id\":\"https:\/\/miamoncosmetics.com\/#\/schema\/logo\/image\/\",\"url\":\"https:\/\/miamoncosmetics.com\/app\/uploads\/2019\/01\/logo_m.png\",\"contentUrl\":\"https:\/\/miamoncosmetics.com\/app\/uploads\/2019\/01\/logo_m.png\",\"width\":209,\"height\":221,\"caption\":\"Miamon Cosmetics\"},\"image\":{\"@id\":\"https:\/\/miamoncosmetics.com\/#\/schema\/logo\/image\/\"},\"sameAs\":[\"https:\/\/www.facebook.com\/miamoncosmetics\",\"https:\/\/www.instagram.com\/miamoncosmetics\",\"https:\/\/www.tiktok.com\/lissexpertusa\"]}]}<\/script>\n<!-- \/ Yoast SEO Premium plugin. -->","yoast_head_json":{"title":"Salon Promo II - 33.8 oz - MiaMon Cosmetics","robots":{"index":"index","follow":"follow","max-snippet":"max-snippet:-1","max-image-preview":"max-image-preview:large","max-video-preview":"max-video-preview:-1"},"canonical":"https:\/\/miamoncosmetics.com\/es\/wp-json\/wp\/v2\/product\/59071","og_locale":"es_MX","og_type":"article","og_title":"Salon Promo II - 33.8 oz","og_description":"Liss Expert Stem Cells is the first Express Smoothing system that works at the stem cell level with highly regenerative power, returns the hair mass lost due to external aggressions or chemical processes, and recovers damaged hair from the first application, regenerating internally and externally. And the hair will be straight and healthy for more than three months.","og_url":"https:\/\/miamoncosmetics.com\/es\/shop\/professional-products\/liss-expert\/salon-promo-2-33-8-oz\/","og_site_name":"MiaMon Cosmetics","article_publisher":"https:\/\/www.facebook.com\/miamoncosmetics","article_modified_time":"2025-07-24T14:06:01+00:00","og_image":[{"width":1080,"height":1080,"url":"https:\/\/miamoncosmetics.com\/wp-content\/uploads\/2024\/07\/Salon-Promo-II-\u2013-33.8-oz.png","type":"image\/png"}],"twitter_card":"summary_large_image","twitter_misc":{"Tiempo de lectura":"2 minutos"},"schema":{"@context":"https:\/\/schema.org","@graph":[{"@type":"WebPage","@id":"https:\/\/miamoncosmetics.com\/shop\/professional-products\/liss-expert\/salon-promo-2-33-8-oz\/","url":"https:\/\/miamoncosmetics.com\/shop\/professional-products\/liss-expert\/salon-promo-2-33-8-oz\/","name":"Salon Promo II - 33.8 oz - MiaMon Cosmetics","isPartOf":{"@id":"https:\/\/miamoncosmetics.com\/#website"},"datePublished":"2024-07-29T14:29:08+00:00","dateModified":"2025-07-24T14:06:01+00:00","breadcrumb":{"@id":"https:\/\/miamoncosmetics.com\/shop\/professional-products\/liss-expert\/salon-promo-2-33-8-oz\/#breadcrumb"},"inLanguage":"es","potentialAction":[{"@type":"ReadAction","target":["https:\/\/miamoncosmetics.com\/shop\/professional-products\/liss-expert\/salon-promo-2-33-8-oz\/"]}]},{"@type":"BreadcrumbList","@id":"https:\/\/miamoncosmetics.com\/shop\/professional-products\/liss-expert\/salon-promo-2-33-8-oz\/#breadcrumb","itemListElement":[{"@type":"ListItem","position":1,"name":"Home","item":"https:\/\/miamoncosmetics.com\/"},{"@type":"ListItem","position":2,"name":"Shop","item":"https:\/\/miamoncosmetics.com\/miamon-shop\/"},{"@type":"ListItem","position":3,"name":"Salon Promo II &#8211; 33.8 oz"}]},{"@type":"WebSite","@id":"https:\/\/miamoncosmetics.com\/#website","url":"https:\/\/miamoncosmetics.com\/","name":"MiaMon Cosm\u00e9ticos","description":"\u00a1Queremos que vuelvas a amar tu cabello!","publisher":{"@id":"https:\/\/miamoncosmetics.com\/#organization"},"potentialAction":[{"@type":"SearchAction","target":{"@type":"EntryPoint","urlTemplate":"https:\/\/miamoncosmetics.com\/?s={search_term_string}"},"query-input":"required name=search_term_string"}],"inLanguage":"es"},{"@type":"Organization","@id":"https:\/\/miamoncosmetics.com\/#organization","name":"Cosm\u00e9ticos Miamon","url":"https:\/\/miamoncosmetics.com\/","logo":{"@type":"ImageObject","inLanguage":"es","@id":"https:\/\/miamoncosmetics.com\/#\/schema\/logo\/image\/","url":"https:\/\/miamoncosmetics.com\/app\/uploads\/2019\/01\/logo_m.png","contentUrl":"https:\/\/miamoncosmetics.com\/app\/uploads\/2019\/01\/logo_m.png","width":209,"height":221,"caption":"Miamon Cosmetics"},"image":{"@id":"https:\/\/miamoncosmetics.com\/#\/schema\/logo\/image\/"},"sameAs":["https:\/\/www.facebook.com\/miamoncosmetics","https:\/\/www.instagram.com\/miamoncosmetics","https:\/\/www.tiktok.com\/lissexpertusa"]}]}},"_links":{"self":[{"href":"https:\/\/miamoncosmetics.com\/es\/wp-json\/wp\/v2\/product\/59071","targetHints":{"allow":["GET"]}}],"collection":[{"href":"https:\/\/miamoncosmetics.com\/es\/wp-json\/wp\/v2\/product"}],"about":[{"href":"https:\/\/miamoncosmetics.com\/es\/wp-json\/wp\/v2\/types\/product"}],"replies":[{"embeddable":true,"href":"https:\/\/miamoncosmetics.com\/es\/wp-json\/wp\/v2\/comments?post=59071"}],"wp:featuredmedia":[{"embeddable":true,"href":"https:\/\/miamoncosmetics.com\/es\/wp-json\/wp\/v2\/media\/63431"}],"wp:attachment":[{"href":"https:\/\/miamoncosmetics.com\/es\/wp-json\/wp\/v2\/media?parent=59071"}],"wp:term":[{"taxonomy":"product_brand","embeddable":true,"href":"https:\/\/miamoncosmetics.com\/es\/wp-json\/wp\/v2\/product_brand?post=59071"},{"taxonomy":"product_cat","embeddable":true,"href":"https:\/\/miamoncosmetics.com\/es\/wp-json\/wp\/v2\/product_cat?post=59071"},{"taxonomy":"product_tag","embeddable":true,"href":"https:\/\/miamoncosmetics.com\/es\/wp-json\/wp\/v2\/product_tag?post=59071"}],"curies":[{"name":"wp","href":"https:\/\/api.w.org\/{rel}","templated":true}]}}